{"id":8047,"date":"2021-01-20T11:32:32","date_gmt":"2021-01-20T11:32:32","guid":{"rendered":"https:\/\/www.zestarchitecture.com\/?page_id=8047"},"modified":"2024-03-06T16:24:40","modified_gmt":"2024-03-06T16:24:40","slug":"faq","status":"publish","type":"page","link":"https:\/\/www.zestarchitecture.com\/nl\/faq\/","title":{"rendered":"FAQ"},"content":{"rendered":"<div class=\"wpb-content-wrapper\"><p>[vc_row][vc_column][vc_empty_space height=&#8221;50px&#8221;][\/vc_column][\/vc_row][vc_row el_id=&#8221;faq-margin&#8221;][vc_column][vc_headings title=&#8221;Vragen?&#8221;][\/vc_headings][vc_toggle title=&#8221;Zorgt jullie architectenbureau ervoor dat de bouwkosten niet hoger uitvallen dan was contractueel bepaald met de aannemer? &#8220;]<span style=\"font-weight: 400;\">Jazeker, en dat heeft alles te maken met ons proces. Wij analyseren namelijk in eerste instantie heel grondig wat er precies ontworpen moet worden, om te voorkomen dat er in een later stadium kostbare wijzigingen moeten worden doorgevoerd. Maar ook ons bestek is zeer compleet, zodat het contract dat met de aannemer wordt gesloten gebaseerd is op exact berekende hoeveelheden materialen. Het contract is dus een totaalsom die vastligt. Alleen zaken die de cli\u00ebnt later toevoegt (en dat gebeurt vaak), of hoeveelheden die in de uiteindelijke uitvoering gewijzigd moeten worden vanwege onvoorziene omstandigheden, kunnen de contractsom veranderen.<\/span>[\/vc_toggle][vc_toggle title=&#8221;Welke diensten biedt ZEST architecture precies?&#8221;]<span style=\"font-weight: 400;\">Wij zijn een bureau dat een volledig dienstenpakket biedt ten behoeve van turnkey projecten. Dit betekent dat wij het hele bouwproces begeleiden van begin tot eind, natuurlijk met inbegrip van alle benodigde vergunningen en bouwdocumentatie. Afgezien van architectonisch ontwerp bieden wij ook landschapsontwerp, interieurdesign, bestekservice, draagconstructie-ontwerp en projectmanagement. Soms begint ons werk nog eerder en helpen de cli\u00ebnt een stuk grond te vinden om op te bouwen of een ru\u00efne om te restaureren. We doen ook onderzoek naar de haalbaarheid van projecten.\u00a0<\/span>[\/vc_toggle][vc_toggle title=&#8221;Hoe moeilijk is het om een bouwvergunning te krijgen in Spanje? &#8220;]<span style=\"font-weight: 400;\">Dat hangt ervan af wie het vraagt. Voor ons bij ZEST architecture is het vaak heel gemakkelijk. We hebben een beproefd proces om te bereiken wat we willen, waarbij we in een zeer vroeg stadium in gesprek gaan met de gemeente, zodat we vanaf het begin eventuele struikelblokken bij de gemeente mee kunnen nemen in het ontwerpproces of kunnen vermijden. Omdat we vanaf dag \u00e9\u00e9n uitgaan van wat er ontworpen KAN worden en in doorlopend gesprek zijn met de gemeente, merken we altijd weer dat zelfs gedurfde ingrepen in beschermde gebouwen zonder problemen vergunning krijgen. Het gaat er gewoon om hoe je het aanpakt.<\/span>[\/vc_toggle][vc_toggle title=&#8221;Wat kost het om een architect ons huis te laten ontwerpen? &#8220;]<span style=\"font-weight: 400;\">Normaliter berekent een architectenbureau een percentage over de bouwkosten als honorarium. Bij ZEST architecture hebben we verschillende ontwerppakketten, die afhangen van het niveau van dienstverlening dat de cli\u00ebnt wenst en nodig heeft. Sommige cli\u00ebnten kunnen heel goed tweedimensionale tekeningen en aanzichten begrijpen, anderen zien liever hun hele huis in 3-dimensionale afbeeldingen voor de bouw begint. We passen elk pakket aan de eisen en het budget van de cli\u00ebnt aan.<\/span>[\/vc_toggle][vc_toggle title=&#8221;Hoeveel kost het om een nieuw huis te bouwen? &#8220;]<span style=\"font-weight: 400;\">Bij ZEST architecture starten we het ontwerpproces met een Haalbaarheidsstudie, waarin we precies analyseren wat de wensen van klant zijn, de mogelijkheden en beperkingen van de grond of het bestaande gebouw, en de geldige bouwregelgeving. Daarmee schrijven we een rapport dat ook een gedetailleerd conceptbudget bevat, en een overzicht van alle overige kosten van de bouw (zoals honoraria, vergunningen, verzekeringen etc.). Dus alvorens je een contract sluit voor het ontwerp van je huis, weet je al wat het allemaal gaat kosten.\u00a0<\/span>[\/vc_toggle][vc_toggle title=&#8221;Waarom werken met een professioneel architectenbureau?&#8221;]<span style=\"font-weight: 400;\">Alleen wanneer u samenwerkt met een professioneel architectenbureau, weet u zeker dat hetgeen dat gebouwd gaat worden ook datgene is dat u wilde bouwen. Dit geldt zowel in het geval u een nieuwbouwhuis wilt bouwen, als wanneer u een bestaand gebouw wilt renoveren, De rol van de architect is belangrijker dan u denkt; hoewel er zeker bureaus bestaan die niets meer doen dan de tekeningen produceren en de bouwaanvraag te doen, zal een goed architectenbureau het proces begeleiden van begin tot einde. Zo bent u er zeker van dat u een goede investering doet, dat de bouwkosten niet de pan uitrijzen en dat het werk precies volgens contract wordt uitgevoerd.<\/span>[\/vc_toggle][vc_toggle title=&#8221;Is ZEST architecture ook werkzaam buiten Barcelona?&#8221;]<span style=\"font-weight: 400;\">Wij zijn werkzaam in heel Spanje, inclusief Mallorca, maar ook in Nederland en Portugal. Ons hoofdkantoor is in Barcelona, maar onze cli\u00ebnten komen uit heel de wereld. We hebben een doordacht en effici\u00ebnt proces om de communicatie met de cli\u00ebnt te verzorgen, en om te communiceren met het team van professionals dat betrokken is bij elk project, inclusief aannemers en ingenieurs. In alle gevallen leveren we maatwerk van de hoogste kwaliteit, bekend als wij zijn vanwege de precisie van onze ontwerpdocumentatie en ons strikte en effici\u00ebnte toezicht tijdens de bouw.\u00a0 <\/span>[\/vc_toggle][vc_toggle title=&#8221;Wat gebruikt u voor materialen?&#8221;]<span style=\"font-weight: 400;\">Bij ZEST architecture zijn we gespecialiseerd in het gebruik van materialen die uitstekend in hun omgeving passen, die op een mooie manier verouderen en zelfs bijdragen aan een goede gezondheid. Vaak gebruiken we steen, klei, geramde aarde, hout, en andere natuurlijke materialen. We houden ervan dat je zulke materialen nooit moe wordt, omdat ze een bepaalde textuur hebben. Door de tijd heen worden ze bovendien nog mooier, in tegenstelling tot materialen die in het begin nieuw en glanzend zijn maar snel lelijk worden en aan vervanging toe zijn. We nemen ook de brandgevaarlijkheid van materialen mee in ons ontwerp, en gebruiken isolatiematerialen als kurk, dat niet ontvlambaar is.<\/span>[\/vc_toggle][vc_toggle title=&#8221;Wat verstaat u onder duurzame architectuur?&#8221;]<span style=\"font-weight: 400;\">Een duurzaam gebouw is een gebouw dat:\u00a0<\/span><\/p>\n<ol>\n<li><span style=\"font-weight: 400;\">een minimum hoeveelheid energie nodig heeft voor koelen\/verwarmen\/verlichten\u00a0<\/span><\/li>\n<li><span style=\"font-weight: 400;\">gemaakt is van materialen die verantwoord zijn vanuit milieuoogpunt (niet vervuilend, recyclebaar of hernieuwbaar waar mogelijk, verkrijgbaar op korte afstand waar mogelijk)\u00a0<\/span><\/li>\n<li><span style=\"font-weight: 400;\">dusdanig is ontworpen dat het gebouw mooi oud wordt en minimaal 100 jaar lang kan worden gebruikt<\/span><\/li>\n<li><span style=\"font-weight: 400;\">regenwater opvangt en hergebruikt<\/span><\/li>\n<li><span style=\"font-weight: 400;\">eventuele benodigde energie zelf zou kunnen opwekken indien de eigenaar dat besluit.<\/span><\/li>\n<\/ol>\n<p><span style=\"font-weight: 400;\">We doen continu onderzoek naar materialen en processen om onze kennis bij te houden en te vergroten, en indien nodig zorgen we voor kennisoverdracht ten behoeve van andere partijen in de bouw, zodat de bouw almaar duurzamer en schoner wordt.<\/span>[\/vc_toggle][vc_toggle title=&#8221;Heeft uw architectenbureau een specialiteit?&#8221;]<span style=\"font-weight: 400;\">ZEST architecture is gespecialiseerd in hoogkwalitatieve architectuur ten behoeve van woningbouw, boetiekhotels en projecten waarvoor een originele denktrant vereist is, en waarvan het doel is om iets zeer speciaals te cre\u00ebren, liefst met respect voor onze planeet.<\/span>[\/vc_toggle][vc_toggle title=&#8221;We hebben moeite om te communiceren met Spaanse makelaars. Kunt u ons ook helpen om een gebouw te vinden om op te knappen?&#8221;]<span style=\"font-weight: 400;\">Jazeker, dat is een dienst die wij ook in het pakket hebben. We werken samen met de allerbeste makelaars om cli\u00ebnten uit het buitenland te helpen om het object te vinden dat het best bij hun eisen en wensen past. <\/span>[\/vc_toggle][vc_toggle title=&#8221;Toggle Werkt ZEST architecture ook buiten Spanje?&#8221;]<span style=\"font-weight: 400;\">Op dit moment zijn we ingeschreven in het architectenregister van Nederland en Portugal. Dat betekent dat we in die landen als hoofdarchitect kunnen fungeren. Buiten Portugal, Nederland en Spanje kunnen we nog steeds werken (in het verleden hebben we in het Verenigd Koninkrijk gewerkt), maar in dat geval werken we samen met een lokale architect, die de liaison vormt met de gemeente en de aannemer. Afhankelijk van het project, zijn we altijd blij om voor u te werken.<\/span>[\/vc_toggle][vc_toggle title=&#8221;Nemen jullie alle bouwvergunningen voor jullie rekening?&#8221;]<span style=\"font-weight: 400;\">ZEST architecture verzorgt in alles wat u wilt. Vanzelfsprekend nemen wij administratieve zaken als bouwvergunningen voor onze rekening, maar indien nodig zorgen we ook dat u wordt aangesloten op water en elektriciteit, of verzorgen we de installatie van hernieuwbare energievoorzieningen, de selectie en zelfs de aankoop van meubilair. Als u wilt schrijven we uw kinderen in op de lokale school. We vinden het heerlijk om het leven van onze cli\u00ebnten gemakkelijk te maken.<\/span>[\/vc_toggle][vc_toggle title=&#8221;Verzorgt jullie team ook het toezicht tijdens de bouw van ons huis? &#8220;]<span style=\"font-weight: 400;\">Jazeker, bij ZEST architecture zijn we trots op ons precisiewerk. We zorgen ervoor dat de aannemer het ontwerp zo exact mogelijk en met de beste kwaliteit uitvoert. We werken alleen samen met de beste aannemers en handwerklieden, en houden toezicht op de uitvoering vanaf de eerste steen tot het moment dat de verhuiswagen voor de deur staat. Wanneer het werk wordt opgeleverd, maken we een uitgebreid overzicht van alles wat nog geperfectioneerd moet worden, en zorgen ervoor dat het klaar is voordat je verhuist. <\/span>[\/vc_toggle][vc_toggle title=&#8221;Kan uw architectenbureau ons ook helpen bij de zoektocht naar een geschikt terrein om op te bouwen? &#8220;]<span style=\"font-weight: 400;\">We hebben inderdaad de mogelijkheid om je te helpen een terrein te vinden, voor buitenlandse cli\u00ebnten die niet in Spanje verblijven en\/of het misschien lastig vinden om te communiceren met makelaars<\/span>[\/vc_toggle][vc_toggle title=&#8221;Kunnen jullie ook 3D afbeeldingen maken die ons helpen voorstellen hoe ons project er uiteindelijk uit komt te zien? &#8220;]<span style=\"font-weight: 400;\">Natuurlijk. We maken zowel heel eenvoudige 3-dimensionale tekeningen en schetsen, als afbeeldingen die bijna niet van foto zijn te onderscheiden. En het is zelfs mogelijk om een 3D video te maken, waarin je door het gebouw loopt en helemaal ziet en voelt hoe het er straks uitziet.<\/span>[\/vc_toggle][vc_toggle title=&#8221;Nemen jullie ook de selectie van de aannemer en de contractonderhandelingen voor jullie rekening?&#8221;]<span style=\"font-weight: 400;\">Jazeker, we maken al in een vroegtijdig stadium een lijst van kandidaat aannemers die geschikt zijn om het project te bouwen, en bezoeken eventuele projecten die ze eerder hebben gebouwd, indien het een aannemer betreft die we niet al kennen. Zo zorgen we ervoor dat de kwaliteit die de aannemer biedt past bij de hoge kwaliteit waar ZEST architecture voor staat. We vragen alle aannemers waar we mee werken om contracten te bieden met uitgebreide garanties voor de cli\u00ebnt, en met een prijsberekening volgens de berekende bestekhoeveelheden.<\/span>[\/vc_toggle][vc_toggle title=&#8221;Hoe lang duurt de bouw van een nieuw huis in Spanje? &#8220;]<span style=\"font-weight: 400;\">Het eigenlijke bouwen duurt meestal zo\u2019n 12 maanden (minder voor huizen met deels geprefabriceerde constructies met gelamineerde houten panelen en houtskeletbouw, die zijn aanzienlijk sneller te bouwen). Aan de bouwtijd moet je de tijd toevoegen om het huis te ontwerpen (3-4 maanden), de tijd om vergunning te verkrijgen (afhankelijk van de locatie duurt dit tussen 3 en 8 maanden) en de tijd die de aanbesteding in beslag neemt (zeker 3 maanden).\u00a0<\/span>[\/vc_toggle][vc_toggle title=&#8221;Welke professionals maken deel uit van het team van uw architectenbureau?&#8221;]<span style=\"font-weight: 400;\">Bij ZEST architecture hebben we een multidisciplinair team waarin architecten samenwerken met landschapsontwerpers, interieurontwerpers, constructeurs, ingenieurs, Passiefhuis experts en bestekschrijvers.\u00a0\u00a0<\/span>[\/vc_toggle][vc_toggle title=&#8221;Zitten er ook landschapsarchitecten in uw team?&#8221;]<span style=\"font-weight: 400;\">Ja, wij hebben zowel landschapsontwerp in huis, als aanwezig in ons directe netwerk van professionals waar we mee samenwerken. We zijn gespecialiseerd in het ontwerpen van tuinen die zo min mogelijk water nodig hebben, en vooral soorten bevatten die<\/span> <span style=\"font-weight: 400;\">thuishoren in het landschap waar ze moeten groeien, zodat de tuin mooi blijft met de jaren, met zo min mogelijk onderhoud.<\/span><b>\u00a0<\/b>[\/vc_toggle][\/vc_column][\/vc_row]<\/p>\n<\/div>","protected":false},"excerpt":{"rendered":"<p>[vc_row][vc_column][vc_empty_space height=&#8221;50px&#8221;][\/vc_column][\/vc_row][vc_row el_id=&#8221;faq-margin&#8221;][vc_column][vc_headings title=&#8221;Vragen?&#8221;][\/vc_headings][vc_toggle title=&#8221;Zorgt jullie architectenbureau ervoor dat de bouwkosten niet hoger uitvallen dan was contractueel bepaald met de<\/p>\n","protected":false},"author":7,"featured_media":7275,"parent":0,"menu_order":0,"comment_status":"closed","ping_status":"closed","template":"","meta":{"footnotes":""},"folder":[],"class_list":["post-8047","page","type-page","status-publish","has-post-thumbnail","hentry"],"yoast_head":"<!-- This site is optimized with the Yoast SEO plugin v27.6 - https:\/\/yoast.com\/product\/yoast-seo-wordpress\/ -->\n<title>FAQ - ZEST architecture<\/title>\n<meta name=\"description\" content=\"ZEST architecture is gespecialiseerd in passiefhuizen en klimaatneutrale gebouwen. We bouwen zowel in Nederland als Spanje en Portugal.\" \/>\n<meta name=\"robots\" content=\"index, follow, max-snippet:-1, max-image-preview:large, max-video-preview:-1\" \/>\n<link rel=\"canonical\" href=\"https:\/\/www.zestarchitecture.com\/nl\/faq\/\" \/>\n<meta property=\"og:locale\" content=\"nl_NL\" \/>\n<meta property=\"og:type\" content=\"article\" \/>\n<meta property=\"og:title\" content=\"FAQ - ZEST architecture\" \/>\n<meta property=\"og:description\" content=\"ZEST architecture is gespecialiseerd in passiefhuizen en klimaatneutrale gebouwen. We bouwen zowel in Nederland als Spanje en Portugal.\" \/>\n<meta property=\"og:url\" content=\"https:\/\/www.zestarchitecture.com\/nl\/faq\/\" \/>\n<meta property=\"og:site_name\" content=\"ZEST architecture\" \/>\n<meta property=\"article:modified_time\" content=\"2024-03-06T16:24:40+00:00\" \/>\n<meta property=\"og:image\" content=\"https:\/\/www.zestarchitecture.com\/wp-content\/uploads\/2018\/11\/THUMB-MAT.jpg\" \/>\n\t<meta property=\"og:image:width\" content=\"600\" \/>\n\t<meta property=\"og:image:height\" content=\"338\" \/>\n\t<meta property=\"og:image:type\" content=\"image\/jpeg\" \/>\n<meta name=\"twitter:card\" content=\"summary_large_image\" \/>\n<meta name=\"twitter:label1\" content=\"Geschatte leestijd\" \/>\n\t<meta name=\"twitter:data1\" content=\"8 minuten\" \/>\n<script type=\"application\/ld+json\" class=\"yoast-schema-graph\">{\"@context\":\"https:\\\/\\\/schema.org\",\"@graph\":[{\"@type\":\"WebPage\",\"@id\":\"https:\\\/\\\/www.zestarchitecture.com\\\/nl\\\/faq\\\/\",\"url\":\"https:\\\/\\\/www.zestarchitecture.com\\\/nl\\\/faq\\\/\",\"name\":\"FAQ - ZEST architecture\",\"isPartOf\":{\"@id\":\"https:\\\/\\\/www.zestarchitecture.com\\\/#website\"},\"primaryImageOfPage\":{\"@id\":\"https:\\\/\\\/www.zestarchitecture.com\\\/nl\\\/faq\\\/#primaryimage\"},\"image\":{\"@id\":\"https:\\\/\\\/www.zestarchitecture.com\\\/nl\\\/faq\\\/#primaryimage\"},\"thumbnailUrl\":\"https:\\\/\\\/www.zestarchitecture.com\\\/wp-content\\\/uploads\\\/2018\\\/11\\\/THUMB-MAT.jpg\",\"datePublished\":\"2021-01-20T11:32:32+00:00\",\"dateModified\":\"2024-03-06T16:24:40+00:00\",\"description\":\"ZEST architecture is gespecialiseerd in passiefhuizen en klimaatneutrale gebouwen. We bouwen zowel in Nederland als Spanje en Portugal.\",\"breadcrumb\":{\"@id\":\"https:\\\/\\\/www.zestarchitecture.com\\\/nl\\\/faq\\\/#breadcrumb\"},\"inLanguage\":\"nl-NL\",\"potentialAction\":[{\"@type\":\"ReadAction\",\"target\":[\"https:\\\/\\\/www.zestarchitecture.com\\\/nl\\\/faq\\\/\"]}]},{\"@type\":\"ImageObject\",\"inLanguage\":\"nl-NL\",\"@id\":\"https:\\\/\\\/www.zestarchitecture.com\\\/nl\\\/faq\\\/#primaryimage\",\"url\":\"https:\\\/\\\/www.zestarchitecture.com\\\/wp-content\\\/uploads\\\/2018\\\/11\\\/THUMB-MAT.jpg\",\"contentUrl\":\"https:\\\/\\\/www.zestarchitecture.com\\\/wp-content\\\/uploads\\\/2018\\\/11\\\/THUMB-MAT.jpg\",\"width\":600,\"height\":338},{\"@type\":\"BreadcrumbList\",\"@id\":\"https:\\\/\\\/www.zestarchitecture.com\\\/nl\\\/faq\\\/#breadcrumb\",\"itemListElement\":[{\"@type\":\"ListItem\",\"position\":1,\"name\":\"Portada\",\"item\":\"https:\\\/\\\/www.zestarchitecture.com\\\/nl\\\/\"},{\"@type\":\"ListItem\",\"position\":2,\"name\":\"FAQ\"}]},{\"@type\":\"WebSite\",\"@id\":\"https:\\\/\\\/www.zestarchitecture.com\\\/#website\",\"url\":\"https:\\\/\\\/www.zestarchitecture.com\\\/\",\"name\":\"ZEST architecture\",\"description\":\"ZEST architecture in Barcelona offers a full range of architectural services in English, German, Dutch, Spanish, Catalan, French and Portuguese. We work with the best builders in Catalonia to realise your real estate dreams.\",\"potentialAction\":[{\"@type\":\"SearchAction\",\"target\":{\"@type\":\"EntryPoint\",\"urlTemplate\":\"https:\\\/\\\/www.zestarchitecture.com\\\/?s={search_term_string}\"},\"query-input\":{\"@type\":\"PropertyValueSpecification\",\"valueRequired\":true,\"valueName\":\"search_term_string\"}}],\"inLanguage\":\"nl-NL\"}]}<\/script>\n<!-- \/ Yoast SEO plugin. -->","yoast_head_json":{"title":"FAQ - ZEST architecture","description":"ZEST architecture is gespecialiseerd in passiefhuizen en klimaatneutrale gebouwen. We bouwen zowel in Nederland als Spanje en Portugal.","robots":{"index":"index","follow":"follow","max-snippet":"max-snippet:-1","max-image-preview":"max-image-preview:large","max-video-preview":"max-video-preview:-1"},"canonical":"https:\/\/www.zestarchitecture.com\/nl\/faq\/","og_locale":"nl_NL","og_type":"article","og_title":"FAQ - ZEST architecture","og_description":"ZEST architecture is gespecialiseerd in passiefhuizen en klimaatneutrale gebouwen. We bouwen zowel in Nederland als Spanje en Portugal.","og_url":"https:\/\/www.zestarchitecture.com\/nl\/faq\/","og_site_name":"ZEST architecture","article_modified_time":"2024-03-06T16:24:40+00:00","og_image":[{"width":600,"height":338,"url":"https:\/\/www.zestarchitecture.com\/wp-content\/uploads\/2018\/11\/THUMB-MAT.jpg","type":"image\/jpeg"}],"twitter_card":"summary_large_image","twitter_misc":{"Geschatte leestijd":"8 minuten"},"schema":{"@context":"https:\/\/schema.org","@graph":[{"@type":"WebPage","@id":"https:\/\/www.zestarchitecture.com\/nl\/faq\/","url":"https:\/\/www.zestarchitecture.com\/nl\/faq\/","name":"FAQ - ZEST architecture","isPartOf":{"@id":"https:\/\/www.zestarchitecture.com\/#website"},"primaryImageOfPage":{"@id":"https:\/\/www.zestarchitecture.com\/nl\/faq\/#primaryimage"},"image":{"@id":"https:\/\/www.zestarchitecture.com\/nl\/faq\/#primaryimage"},"thumbnailUrl":"https:\/\/www.zestarchitecture.com\/wp-content\/uploads\/2018\/11\/THUMB-MAT.jpg","datePublished":"2021-01-20T11:32:32+00:00","dateModified":"2024-03-06T16:24:40+00:00","description":"ZEST architecture is gespecialiseerd in passiefhuizen en klimaatneutrale gebouwen. We bouwen zowel in Nederland als Spanje en Portugal.","breadcrumb":{"@id":"https:\/\/www.zestarchitecture.com\/nl\/faq\/#breadcrumb"},"inLanguage":"nl-NL","potentialAction":[{"@type":"ReadAction","target":["https:\/\/www.zestarchitecture.com\/nl\/faq\/"]}]},{"@type":"ImageObject","inLanguage":"nl-NL","@id":"https:\/\/www.zestarchitecture.com\/nl\/faq\/#primaryimage","url":"https:\/\/www.zestarchitecture.com\/wp-content\/uploads\/2018\/11\/THUMB-MAT.jpg","contentUrl":"https:\/\/www.zestarchitecture.com\/wp-content\/uploads\/2018\/11\/THUMB-MAT.jpg","width":600,"height":338},{"@type":"BreadcrumbList","@id":"https:\/\/www.zestarchitecture.com\/nl\/faq\/#breadcrumb","itemListElement":[{"@type":"ListItem","position":1,"name":"Portada","item":"https:\/\/www.zestarchitecture.com\/nl\/"},{"@type":"ListItem","position":2,"name":"FAQ"}]},{"@type":"WebSite","@id":"https:\/\/www.zestarchitecture.com\/#website","url":"https:\/\/www.zestarchitecture.com\/","name":"ZEST architecture","description":"ZEST architecture in Barcelona offers a full range of architectural services in English, German, Dutch, Spanish, Catalan, French and Portuguese. We work with the best builders in Catalonia to realise your real estate dreams.","potentialAction":[{"@type":"SearchAction","target":{"@type":"EntryPoint","urlTemplate":"https:\/\/www.zestarchitecture.com\/?s={search_term_string}"},"query-input":{"@type":"PropertyValueSpecification","valueRequired":true,"valueName":"search_term_string"}}],"inLanguage":"nl-NL"}]}},"_links":{"self":[{"href":"https:\/\/www.zestarchitecture.com\/nl\/wp-json\/wp\/v2\/pages\/8047","targetHints":{"allow":["GET"]}}],"collection":[{"href":"https:\/\/www.zestarchitecture.com\/nl\/wp-json\/wp\/v2\/pages"}],"about":[{"href":"https:\/\/www.zestarchitecture.com\/nl\/wp-json\/wp\/v2\/types\/page"}],"author":[{"embeddable":true,"href":"https:\/\/www.zestarchitecture.com\/nl\/wp-json\/wp\/v2\/users\/7"}],"replies":[{"embeddable":true,"href":"https:\/\/www.zestarchitecture.com\/nl\/wp-json\/wp\/v2\/comments?post=8047"}],"version-history":[{"count":1,"href":"https:\/\/www.zestarchitecture.com\/nl\/wp-json\/wp\/v2\/pages\/8047\/revisions"}],"predecessor-version":[{"id":8050,"href":"https:\/\/www.zestarchitecture.com\/nl\/wp-json\/wp\/v2\/pages\/8047\/revisions\/8050"}],"wp:featuredmedia":[{"embeddable":true,"href":"https:\/\/www.zestarchitecture.com\/nl\/wp-json\/wp\/v2\/media\/7275"}],"wp:attachment":[{"href":"https:\/\/www.zestarchitecture.com\/nl\/wp-json\/wp\/v2\/media?parent=8047"}],"wp:term":[{"taxonomy":"folder","embeddable":true,"href":"https:\/\/www.zestarchitecture.com\/nl\/wp-json\/wp\/v2\/folder?post=8047"}],"curies":[{"name":"wp","href":"https:\/\/api.w.org\/{rel}","templated":true}]}}