{"id":4937,"date":"2018-07-28T19:04:46","date_gmt":"2018-07-28T19:04:46","guid":{"rendered":"https:\/\/webempresabarcelona.com\/?page_id=4937"},"modified":"2025-05-20T15:49:20","modified_gmt":"2025-05-20T13:49:20","slug":"contact","status":"publish","type":"page","link":"https:\/\/www.zestarchitecture.com\/nl\/contact\/","title":{"rendered":"Contact"},"content":{"rendered":"<div class=\"wpb-content-wrapper\"><p>[vc_row full_width=&#8221;stretch_row_content_no_spaces&#8221;][vc_column][vc_banner_title color_style=&#8221;light&#8221; title=&#8221;CONTACT&#8221; img=&#8221;4508&#8243; enable_overlay=&#8221;true&#8221; columns=&#8221;%5B%7B%7D%5D&#8221;][\/vc_banner_title][\/vc_column][\/vc_row][vc_row desctop_mt=&#8221;margin-lg-75t&#8221; tablets_mt=&#8221;margin-sm-50t&#8221; css=&#8221;.vc_custom_1531506325648{padding-bottom: 70px !important;}&#8221;][vc_column offset=&#8221;vc_col-lg-offset-0 vc_col-lg-6 vc_col-md-offset-0 vc_col-md-6 vc_col-sm-offset-0 vc_col-xs-12&#8243;][vc_headings title=&#8221;Vertel ons over je project&#8221;]We horen graag over je\u00a0project. Onze openingstijden zijn maandag tot en met donderdag van 9.00 tot 18.00 en vrijdag 9.00 tot 15.00.\u00a0<span data-ccp-props=\"{}\">\u00a0<\/span><\/p>\n<p><span data-ccp-props=\"{}\">\u00a0<\/span>[\/vc_headings][vc_row_inner css=&#8221;.vc_custom_1484117815051{margin-top: 30px !important;}&#8221;][vc_column_inner width=&#8221;1\/3&#8243;][vc_address title=&#8221;TELEFOON&#8221; separator=&#8221;true&#8221;]<a href=\"tel:+34932186622\"> +34 932 186 622<\/a><\/p>\n<p><a href=\"https:\/\/www.zestarchitecture.com\/nl\/\">NB Vanwege een storing in ons telefoonsystem verzoeken wij je contact op te nemen via email.<\/a>[\/vc_address][\/vc_column_inner][vc_column_inner width=&#8221;1\/3&#8243;][vc_address title=&#8221;EMAIL&#8221; separator=&#8221;true&#8221;]<a href=\"mailto:info@zestarchitecture.com\">info@zestarchitecture.com<\/a>[\/vc_address][\/vc_column_inner][vc_column_inner width=&#8221;1\/3&#8243;][vc_address title=&#8221;ADRES&#8221; separator=&#8221;true&#8221;]<span style=\"font-size: 12px;\">Pla\u00e7a Dones del 36 local 14 Barcelona<\/span>[\/vc_address][\/vc_column_inner][\/vc_row_inner][vc_row_inner css=&#8221;.vc_custom_1554113978789{margin-top: 30px !important;}&#8221;][vc_column_inner][vc_address title=&#8221;JOBS&#8221; separator=&#8221;true&#8221;]Wil je ons je portfolio sturen voor consideratie in geval van er een vacature ontstaat, stuur hem dan per email naar <a href=\"mailto:info@zestarchitecture.com\">info@zestarchitecture.com<\/a>. Zorg er wel voor dat het bestand niet groter is dan 5 Mb.<\/p>\n<p>N.B. Wij reageren NIET op open sollicitaties; alleen kandidaten die we daadwerkelijk willen uitnodigen voor een gesprek, ontvangen een reactie.[\/vc_address][vc_empty_space][vc_address title=&#8221;PERS&#8221; separator=&#8221;true&#8221;]Wil je \u00e9\u00e9n van onze projecten publiceren, of Co Govers boeken als spreker, neem dan contact op met Bianca Schaub via <a href=\"mailto:info@zestarchitecture.com\">info@zestarchitecture.com<\/a>[\/vc_address][\/vc_column_inner][\/vc_row_inner][vc_row_inner disable_element=&#8221;yes&#8221; css=&#8221;.vc_custom_1554114212645{margin-top: 30px !important;}&#8221;][vc_column_inner][vc_address title=&#8221;JOBS&#8221; separator=&#8221;true&#8221;]<\/p>\n<h3>We zijn op zoek naar stageairs!<\/h3>\n<p>Ben je goed in het visualiseren van je idee\u00ebn in 3D, zeer ervaren met AutoCAD, in de laatste twee jaar van je studie \u00e9n geinteresseerd in duurzaamheid, klik dan hier om te solliciteren naar \u00e9\u00e9n van onze stageplekken.[\/vc_address][vc_raw_html]JTNDY2VudGVyJTNFJTNDYSUyMGhyZWYlM0QlMjIlMkZmb3JtLWludGVybiUyRiUyMiUyMGNsYXNzJTNEJTIycHJhZ3VlLXNlcnZpY2VzLWxpbmslMjBhLWJ0bi0yJTIwY3JlYXRpdmUlMjBhbmltYSUyMiUyMHRhcmdldCUzRCUyMl9zZWxmJTIyJTIwc3R5bGUlM0QlMjJwYWRkaW5nLXRvcCUzQSUyMDIycHglM0IlMjBtaW4td2lkdGglM0ElMjAxNzBweCUzQiUyMG1pbi1oZWlnaHQlM0ElMjA1OXB4JTNCJTIwdGV4dC1hbGlnbiUzQSUyMGNlbnRlciUzQiUyMiUzRSUwQSUzQ3NwYW4lMjBjbGFzcyUzRCUyMmEtYnRuLWxpbmUlMjIlM0UlM0MlMkZzcGFuJTNFJTBBJTA5JTA5JTA5JTIwJTIwJTIwJTIwU09MTElDSVRFUkVOJTBBJTNDJTJGYSUzRSUzQyUyRmNlbnRlciUzRQ==[\/vc_raw_html][vc_empty_space][vc_address title=&#8221;PERS&#8221; separator=&#8221;true&#8221;]Wil je \u00e9\u00e9n van onze projecten publiceren, of Co Govers boeken als spreker, neem dan contact op met Bianca Schaub via <a href=\"mailto:info@zestarchitecture.com\">info@zestarchitecture.com<\/a>[\/vc_address][\/vc_column_inner][\/vc_row_inner][\/vc_column][vc_column desctop_mt=&#8221;margin-lg-70t&#8221; tablets_mt=&#8221;margin-sm-30t&#8221; offset=&#8221;vc_col-md-6 vc_col-xs-12&#8243; css=&#8221;.vc_custom_1701849117492{padding-top: 10px !important;}&#8221;]\n<div class=\"wpcf7 no-js\" id=\"wpcf7-f5052-o1\" lang=\"es-ES\" dir=\"ltr\" data-wpcf7-id=\"5052\">\n<div class=\"screen-reader-response\"><p role=\"status\" aria-live=\"polite\" aria-atomic=\"true\"><\/p> <ul><\/ul><\/div>\n<form action=\"\/nl\/wp-json\/wp\/v2\/pages\/4937#wpcf7-f5052-o1\" method=\"post\" class=\"wpcf7-form init\" aria-label=\"Formulario de contacto\" novalidate=\"novalidate\" data-status=\"init\">\n<fieldset class=\"hidden-fields-container\"><input type=\"hidden\" name=\"_wpcf7\" value=\"5052\" \/><input type=\"hidden\" name=\"_wpcf7_version\" value=\"6.1.5\" \/><input type=\"hidden\" name=\"_wpcf7_locale\" value=\"es_ES\" \/><input type=\"hidden\" name=\"_wpcf7_unit_tag\" value=\"wpcf7-f5052-o1\" \/><input type=\"hidden\" name=\"_wpcf7_container_post\" value=\"0\" \/><input type=\"hidden\" name=\"_wpcf7_posted_data_hash\" value=\"\" \/><input type=\"hidden\" name=\"_wpcf7_recaptcha_response\" value=\"\" \/>\n<\/fieldset>\n<style>.about-form label{color: #111;}.about-form .ajax-loader{display:none!important;}.about-form input[type=\"submit\"]{margin-top: 10px; border: 1px solid #111; background: #111; color: #fff; font-weight: 400; width: 100%; width: 298px; max-width: 100%;} .about-form input[type=\"submit\"]:hover{background-color: transparent !important; color: #111;} .formw{width: 498px; max-width: 100%; margin-bottom: 15px;} hr {width: 498px; max-width: 100%;} span.wpcf7-list-item { display: block; text-align: left;}\n<\/style>\n<div class=\"about-form\" style=\"padding: 20px 20px; text-align:center;\">\n\t<p><label class=\"formw\">Naam <span class=\"wpcf7-form-control-wrap\" data-name=\"names\"><input size=\"40\" maxlength=\"400\" class=\"wpcf7-form-control wpcf7-text wpcf7-validates-as-required\" aria-required=\"true\" aria-invalid=\"false\" placeholder=\"Mark\" value=\"\" type=\"text\" name=\"names\" \/><\/span><\/label><br \/>\n<label class=\"formw\">Email <span class=\"wpcf7-form-control-wrap\" data-name=\"email\"><input size=\"40\" maxlength=\"400\" class=\"wpcf7-form-control wpcf7-email wpcf7-validates-as-required wpcf7-text wpcf7-validates-as-email\" aria-required=\"true\" aria-invalid=\"false\" placeholder=\"info@email.com\" value=\"\" type=\"email\" name=\"email\" \/><\/span><\/label><br \/>\n<label class=\"formw\">Telefoon <span class=\"wpcf7-form-control-wrap\" data-name=\"phone\"><input size=\"40\" maxlength=\"400\" class=\"wpcf7-form-control wpcf7-tel wpcf7-validates-as-required wpcf7-text wpcf7-validates-as-tel\" aria-required=\"true\" aria-invalid=\"false\" placeholder=\"+34 655 123 134\" value=\"\" type=\"tel\" name=\"phone\" \/><\/span><\/label><br \/>\n<label class=\"formw\">Onderwerp <span class=\"wpcf7-form-control-wrap\" data-name=\"description\"><textarea cols=\"40\" rows=\"10\" maxlength=\"2000\" class=\"wpcf7-form-control wpcf7-textarea wpcf7-validates-as-required\" aria-required=\"true\" aria-invalid=\"false\" placeholder=\"Project aan de Costa Brava\" name=\"description\"><\/textarea><\/span><\/label>\n\t<\/p>\n\t<div class=\"frm_submit\">\n\t\t<p><input class=\"wpcf7-form-control wpcf7-submit has-spinner\" type=\"submit\" value=\"Verzenden\" \/>\n\t\t<\/p>\n\t<\/div>\n<\/div>\n<div class=\"legal_text\">\n\t<p>Zest Arquitectura informeert u dat de persoonlijke gegevens die u verstrekt door het invullen van dit formulier zullen worden verwerkt door Zest Arquitectura Sostenible SL als de partij die verantwoordelijk is voor deze website. Het doel van het verzamelen en verwerken van de door ons gevraagde persoonlijke gegevens is om u onze publicaties, product- en\/of dienstenpromoties en exclusieve bronnen toe te sturen. Door het verstrekken van uw gegevens accepteert u ons privacybeleid. Wij informeren u dat de door u verstrekte gegevens zullen worden opgeslagen op de servers van Mailchimp (emailmarketing service provider) via haar bedrijf The Rocket Science Group LLC gevestigd in de VS en gedekt door het EU-US Privacy Shield. Zie het <a href=\"https:\/\/www.intuit.com\/privacy\/statement\/\" target=\"_blank\" nofollow>privacybeleid van Mailchimp<\/a>. Als u de persoonsgegevens die op het formulier staan niet als verplicht invult, kan dit ertoe leiden dat wij uw verzoek niet in behandeling kunnen nemen. U kunt uw recht op toegang, rectificatie, beperking en verwijdering van gegevens uitoefenen op info@zestarchitecture.com, evenals het recht om een klacht in te dienen bij een toezichthoudende autoriteit. U kunt aanvullende en gedetailleerde informatie over gegevensbescherming raadplegen in ons <a href=\"\/nl\/privacy-policy\/\">privacybeleid<\/a>.\n\t<\/p>\n<\/div><p style=\"display: none !important;\" class=\"akismet-fields-container\" data-prefix=\"_wpcf7_ak_\"><label>&#916;<textarea name=\"_wpcf7_ak_hp_textarea\" cols=\"45\" rows=\"8\" maxlength=\"100\"><\/textarea><\/label><input type=\"hidden\" id=\"ak_js_1\" name=\"_wpcf7_ak_js\" value=\"11\"\/><script>document.getElementById( \"ak_js_1\" ).setAttribute( \"value\", ( new Date() ).getTime() );<\/script><\/p><div class=\"wpcf7-response-output\" aria-hidden=\"true\"><\/div>\n<\/form>\n<\/div>\n[\/vc_column][\/vc_row]<\/p>\n<\/div>","protected":false},"excerpt":{"rendered":"<p>[vc_row full_width=&#8221;stretch_row_content_no_spaces&#8221;][vc_column][vc_banner_title color_style=&#8221;light&#8221; title=&#8221;CONTACT&#8221; img=&#8221;4508&#8243; enable_overlay=&#8221;true&#8221; columns=&#8221;%5B%7B%7D%5D&#8221;][\/vc_banner_title][\/vc_column][\/vc_row][vc_row desctop_mt=&#8221;margin-lg-75t&#8221; tablets_mt=&#8221;margin-sm-50t&#8221; css=&#8221;.vc_custom_1531506325648{padding-bottom: 70px !important;}&#8221;][vc_column offset=&#8221;vc_col-lg-offset-0 vc_col-lg-6 vc_col-md-offset-0 vc_col-md-6 vc_col-sm-offset-0 vc_col-xs-12&#8243;][vc_headings title=&#8221;Vertel ons<\/p>\n","protected":false},"author":1,"featured_media":0,"parent":0,"menu_order":0,"comment_status":"closed","ping_status":"closed","template":"","meta":{"footnotes":""},"folder":[],"class_list":["post-4937","page","type-page","status-publish","hentry"],"yoast_head":"<!-- This site is optimized with the Yoast SEO plugin v27.4 - https:\/\/yoast.com\/product\/yoast-seo-wordpress\/ -->\n<title>Contact - ZEST architecture<\/title>\n<meta name=\"robots\" content=\"index, follow, max-snippet:-1, max-image-preview:large, max-video-preview:-1\" \/>\n<link rel=\"canonical\" href=\"https:\/\/www.zestarchitecture.com\/nl\/contact\/\" \/>\n<meta property=\"og:locale\" content=\"nl_NL\" \/>\n<meta property=\"og:type\" content=\"article\" \/>\n<meta property=\"og:title\" content=\"Contact - ZEST architecture\" \/>\n<meta property=\"og:description\" content=\"[vc_row full_width=&#8221;stretch_row_content_no_spaces&#8221;][vc_column][vc_banner_title color_style=&#8221;light&#8221; title=&#8221;CONTACT&#8221; img=&#8221;4508&#8243; enable_overlay=&#8221;true&#8221; columns=&#8221;%5B%7B%7D%5D&#8221;][\/vc_banner_title][\/vc_column][\/vc_row][vc_row desctop_mt=&#8221;margin-lg-75t&#8221; tablets_mt=&#8221;margin-sm-50t&#8221; css=&#8221;.vc_custom_1531506325648{padding-bottom: 70px !important;}&#8221;][vc_column offset=&#8221;vc_col-lg-offset-0 vc_col-lg-6 vc_col-md-offset-0 vc_col-md-6 vc_col-sm-offset-0 vc_col-xs-12&#8243;][vc_headings title=&#8221;Vertel ons\" \/>\n<meta property=\"og:url\" content=\"https:\/\/www.zestarchitecture.com\/nl\/contact\/\" \/>\n<meta property=\"og:site_name\" content=\"ZEST architecture\" \/>\n<meta property=\"article:modified_time\" content=\"2025-05-20T13:49:20+00:00\" \/>\n<meta property=\"og:image\" content=\"https:\/\/www.zestarchitecture.com\/wp-content\/uploads\/2020\/02\/logo-zest.png\" \/>\n\t<meta property=\"og:image:width\" content=\"750\" \/>\n\t<meta property=\"og:image:height\" content=\"750\" \/>\n\t<meta property=\"og:image:type\" content=\"image\/png\" \/>\n<meta name=\"twitter:card\" content=\"summary_large_image\" \/>\n<meta name=\"twitter:label1\" content=\"Geschatte leestijd\" \/>\n\t<meta name=\"twitter:data1\" content=\"2 minuten\" \/>\n<script type=\"application\/ld+json\" class=\"yoast-schema-graph\">{\"@context\":\"https:\\\/\\\/schema.org\",\"@graph\":[{\"@type\":\"WebPage\",\"@id\":\"https:\\\/\\\/www.zestarchitecture.com\\\/nl\\\/contact\\\/\",\"url\":\"https:\\\/\\\/www.zestarchitecture.com\\\/nl\\\/contact\\\/\",\"name\":\"Contact - ZEST architecture\",\"isPartOf\":{\"@id\":\"https:\\\/\\\/www.zestarchitecture.com\\\/#website\"},\"datePublished\":\"2018-07-28T19:04:46+00:00\",\"dateModified\":\"2025-05-20T13:49:20+00:00\",\"breadcrumb\":{\"@id\":\"https:\\\/\\\/www.zestarchitecture.com\\\/nl\\\/contact\\\/#breadcrumb\"},\"inLanguage\":\"nl-NL\",\"potentialAction\":[{\"@type\":\"ReadAction\",\"target\":[\"https:\\\/\\\/www.zestarchitecture.com\\\/nl\\\/contact\\\/\"]}]},{\"@type\":\"BreadcrumbList\",\"@id\":\"https:\\\/\\\/www.zestarchitecture.com\\\/nl\\\/contact\\\/#breadcrumb\",\"itemListElement\":[{\"@type\":\"ListItem\",\"position\":1,\"name\":\"Portada\",\"item\":\"https:\\\/\\\/www.zestarchitecture.com\\\/nl\\\/\"},{\"@type\":\"ListItem\",\"position\":2,\"name\":\"Contact\"}]},{\"@type\":\"WebSite\",\"@id\":\"https:\\\/\\\/www.zestarchitecture.com\\\/#website\",\"url\":\"https:\\\/\\\/www.zestarchitecture.com\\\/\",\"name\":\"ZEST architecture\",\"description\":\"ZEST architecture in Barcelona offers a full range of architectural services in English, German, Dutch, Spanish, Catalan, French and Portuguese. We work with the best builders in Catalonia to realise your real estate dreams.\",\"potentialAction\":[{\"@type\":\"SearchAction\",\"target\":{\"@type\":\"EntryPoint\",\"urlTemplate\":\"https:\\\/\\\/www.zestarchitecture.com\\\/?s={search_term_string}\"},\"query-input\":{\"@type\":\"PropertyValueSpecification\",\"valueRequired\":true,\"valueName\":\"search_term_string\"}}],\"inLanguage\":\"nl-NL\"}]}<\/script>\n<!-- \/ Yoast SEO plugin. -->","yoast_head_json":{"title":"Contact - ZEST architecture","robots":{"index":"index","follow":"follow","max-snippet":"max-snippet:-1","max-image-preview":"max-image-preview:large","max-video-preview":"max-video-preview:-1"},"canonical":"https:\/\/www.zestarchitecture.com\/nl\/contact\/","og_locale":"nl_NL","og_type":"article","og_title":"Contact - ZEST architecture","og_description":"[vc_row full_width=&#8221;stretch_row_content_no_spaces&#8221;][vc_column][vc_banner_title color_style=&#8221;light&#8221; title=&#8221;CONTACT&#8221; img=&#8221;4508&#8243; enable_overlay=&#8221;true&#8221; columns=&#8221;%5B%7B%7D%5D&#8221;][\/vc_banner_title][\/vc_column][\/vc_row][vc_row desctop_mt=&#8221;margin-lg-75t&#8221; tablets_mt=&#8221;margin-sm-50t&#8221; css=&#8221;.vc_custom_1531506325648{padding-bottom: 70px !important;}&#8221;][vc_column offset=&#8221;vc_col-lg-offset-0 vc_col-lg-6 vc_col-md-offset-0 vc_col-md-6 vc_col-sm-offset-0 vc_col-xs-12&#8243;][vc_headings title=&#8221;Vertel ons","og_url":"https:\/\/www.zestarchitecture.com\/nl\/contact\/","og_site_name":"ZEST architecture","article_modified_time":"2025-05-20T13:49:20+00:00","og_image":[{"width":750,"height":750,"url":"https:\/\/www.zestarchitecture.com\/wp-content\/uploads\/2020\/02\/logo-zest.png","type":"image\/png"}],"twitter_card":"summary_large_image","twitter_misc":{"Geschatte leestijd":"2 minuten"},"schema":{"@context":"https:\/\/schema.org","@graph":[{"@type":"WebPage","@id":"https:\/\/www.zestarchitecture.com\/nl\/contact\/","url":"https:\/\/www.zestarchitecture.com\/nl\/contact\/","name":"Contact - ZEST architecture","isPartOf":{"@id":"https:\/\/www.zestarchitecture.com\/#website"},"datePublished":"2018-07-28T19:04:46+00:00","dateModified":"2025-05-20T13:49:20+00:00","breadcrumb":{"@id":"https:\/\/www.zestarchitecture.com\/nl\/contact\/#breadcrumb"},"inLanguage":"nl-NL","potentialAction":[{"@type":"ReadAction","target":["https:\/\/www.zestarchitecture.com\/nl\/contact\/"]}]},{"@type":"BreadcrumbList","@id":"https:\/\/www.zestarchitecture.com\/nl\/contact\/#breadcrumb","itemListElement":[{"@type":"ListItem","position":1,"name":"Portada","item":"https:\/\/www.zestarchitecture.com\/nl\/"},{"@type":"ListItem","position":2,"name":"Contact"}]},{"@type":"WebSite","@id":"https:\/\/www.zestarchitecture.com\/#website","url":"https:\/\/www.zestarchitecture.com\/","name":"ZEST architecture","description":"ZEST architecture in Barcelona offers a full range of architectural services in English, German, Dutch, Spanish, Catalan, French and Portuguese. We work with the best builders in Catalonia to realise your real estate dreams.","potentialAction":[{"@type":"SearchAction","target":{"@type":"EntryPoint","urlTemplate":"https:\/\/www.zestarchitecture.com\/?s={search_term_string}"},"query-input":{"@type":"PropertyValueSpecification","valueRequired":true,"valueName":"search_term_string"}}],"inLanguage":"nl-NL"}]}},"_links":{"self":[{"href":"https:\/\/www.zestarchitecture.com\/nl\/wp-json\/wp\/v2\/pages\/4937","targetHints":{"allow":["GET"]}}],"collection":[{"href":"https:\/\/www.zestarchitecture.com\/nl\/wp-json\/wp\/v2\/pages"}],"about":[{"href":"https:\/\/www.zestarchitecture.com\/nl\/wp-json\/wp\/v2\/types\/page"}],"author":[{"embeddable":true,"href":"https:\/\/www.zestarchitecture.com\/nl\/wp-json\/wp\/v2\/users\/1"}],"replies":[{"embeddable":true,"href":"https:\/\/www.zestarchitecture.com\/nl\/wp-json\/wp\/v2\/comments?post=4937"}],"version-history":[{"count":3,"href":"https:\/\/www.zestarchitecture.com\/nl\/wp-json\/wp\/v2\/pages\/4937\/revisions"}],"predecessor-version":[{"id":12335,"href":"https:\/\/www.zestarchitecture.com\/nl\/wp-json\/wp\/v2\/pages\/4937\/revisions\/12335"}],"wp:attachment":[{"href":"https:\/\/www.zestarchitecture.com\/nl\/wp-json\/wp\/v2\/media?parent=4937"}],"wp:term":[{"taxonomy":"folder","embeddable":true,"href":"https:\/\/www.zestarchitecture.com\/nl\/wp-json\/wp\/v2\/folder?post=4937"}],"curies":[{"name":"wp","href":"https:\/\/api.w.org\/{rel}","templated":true}]}}