{"id":4956,"date":"2018-07-28T20:40:03","date_gmt":"2018-07-28T20:40:03","guid":{"rendered":"https:\/\/webempresabarcelona.com\/?page_id=4956"},"modified":"2020-05-07T11:26:04","modified_gmt":"2020-05-07T11:26:04","slug":"landing-informacion","status":"publish","type":"page","link":"https:\/\/www.zestarchitecture.com\/es\/landing-informacion\/","title":{"rendered":"Landing Informaci\u00f3n"},"content":{"rendered":"<div class=\"wpb-content-wrapper\"><p>[vc_row full_width=\u00bbstretch_row_content_no_spaces\u00bb][vc_column][vc_banner_title color_style=\u00bblight\u00bb subtitle=\u00bbDESCARGA TU GU\u00cdA GRATUITAMENTE\u00bb title=\u00bbPlanificaci\u00f3n de Proyecto: Como Construir tu Casa Ideal\u00bb img=\u00bb3223&#8243; enable_overlay=\u00bbtrue\u00bb columns=\u00bb%5B%7B%7D%5D\u00bb][\/vc_banner_title][vc_raw_html]JTNDc3R5bGUlM0UlMEEuY2VudGVyJTIwJTdCJTBBdGV4dC1hbGlnbiUzQSUyMGNlbnRlciUzQiUwQSU3RCUwQS5oZWFkaW5nJTIwLmNvbnRlbnQlMjBoNiUyMCU3QiUwQSUyMCUyMCUyMCUyMGxpbmUtaGVpZ2h0JTNBJTIwMS41ZW0lMjAlMjFpbXBvcnRhbnQlM0IlMEElMjAlMjAlMjAlMjBmb250LXNpemUlM0ElMjAxLjRlbSUyMCUyMWltcG9ydGFudCUzQiUwQSUyMCUyMCUyMCUyMGZvbnQtd2VpZ2h0JTNBJTIwNDAwJTIwJTIxaW1wb3J0YW50JTNCJTBBJTdEJTBBJTNDJTJGc3R5bGUlM0U=[\/vc_raw_html][\/vc_column][\/vc_row][vc_row css=\u00bb.vc_custom_1528505652474{margin-top: 0px !important;}\u00bb][vc_column width=\u00bb1\/2&#8243; mobile_mt=\u00bbmargin-xs-15t\u00bb][vc_headings enable_divider=\u00bbtrue\u00bb]<\/p>\n<h6 style=\"font-size: 2em;\">Prep\u00e1rate para arrancar tu proyecto con nuestra gu\u00eda pr\u00e1ctica<\/h6>\n<p style=\"margin-bottom: 20px !important;\">En esta gu\u00eda informativa descargable en PDF, descubrir\u00e1s:<\/p>\n<ul>\n<li>C\u00f3mo evitar los errores m\u00e1s costosos que la gente comete al construir su casa<\/li>\n<li>Todo aquello que necesitas saber para que tu proyecto se haga realidad<\/li>\n<li>Qui\u00e9n debe estar involucrado en tu proyecto de construcci\u00f3n y cuales son sus tareas<\/li>\n<li>Cuanto va a durar el proceso<\/li>\n<li>\u00a1Y mucho m\u00e1s!<\/li>\n<\/ul>\n<p style=\"margin-bottom: 20px !important; margin-top: 20px;\">Prepar\u00e9 esta gu\u00eda tras ver como mucha gente se esforzaba enormemente en entender como deb\u00eda proceder para construir o reformar su casa. Construir o renovar una casa puede ser un proceso complejo y un tanto aterrador para aquellos que no lo han hecho antes. Te preguntar\u00e1s por d\u00f3nde empezar, con qui\u00e9n hablar, cuanto tardar\u00e1 todo el proceso y como puedes asegurarte de que terminar\u00e1s con lo que realmente quer\u00edas desde un principio.<\/p>\n<p style=\"margin-bottom: 15px !important;\">Tras haber ayudado a muchos clientes a construir una maravillosa casa, s\u00e9 que los problemas empiezan cuando la gente no sigue los pasos adecuados en el orden adecuado, y cuando hablan con el profesional err\u00f3neo sobre los asuntos equivocados. En esta bonita gu\u00eda que presentamos, descubrir\u00e1s como evitar los costosos errores que tantos otros han cometido, y como empezar tu proyecto. Espero que disfrutes de esta gu\u00eda y esperamos tus comentarios al respecto. Cuando rellenas el formulario, recibir\u00e1s un email de confirmaci\u00f3n. Si no, comprueba tu carpeta de Spam, o m\u00e1ndanos un email directamente al <a href=\"mailto:info@zestarchitecture.com\">info@zestarchitecture.com<\/a><\/p>\n<p>Co Govers<br \/>\n<strong>Arquitecto principal, ZEST architecture<\/strong>[\/vc_headings][\/vc_column][vc_column width=\u00bb1\/2&#8243;][vc_row_inner][vc_column_inner width=\u00bb1\/4&#8243;][\/vc_column_inner][vc_column_inner width=\u00bb1\/2&#8243;][vc_single_image image=\u00bb5328&#8243; img_size=\u00bbfull\u00bb alignment=\u00bbcenter\u00bb][\/vc_column_inner][vc_column_inner width=\u00bb1\/4&#8243;][\/vc_column_inner][\/vc_row_inner][vc_text_separator title=\u00bbDescarga aqu\u00ed\u00bb css=\u00bb.vc_custom_1533027463560{margin-bottom: 15px !important;}\u00bb]\n<div class=\"wpcf7 no-js\" id=\"wpcf7-f5053-o1\" lang=\"es-ES\" dir=\"ltr\" data-wpcf7-id=\"5053\">\n<div class=\"screen-reader-response\"><p role=\"status\" aria-live=\"polite\" aria-atomic=\"true\"><\/p> <ul><\/ul><\/div>\n<form action=\"\/es\/wp-json\/wp\/v2\/pages\/4956#wpcf7-f5053-o1\" method=\"post\" class=\"wpcf7-form init\" aria-label=\"Formulario de contacto\" novalidate=\"novalidate\" data-status=\"init\">\n<fieldset class=\"hidden-fields-container\"><input type=\"hidden\" name=\"_wpcf7\" value=\"5053\" \/><input type=\"hidden\" name=\"_wpcf7_version\" value=\"6.1.5\" \/><input type=\"hidden\" name=\"_wpcf7_locale\" value=\"es_ES\" \/><input type=\"hidden\" name=\"_wpcf7_unit_tag\" value=\"wpcf7-f5053-o1\" \/><input type=\"hidden\" name=\"_wpcf7_container_post\" value=\"0\" \/><input type=\"hidden\" name=\"_wpcf7_posted_data_hash\" value=\"\" \/><input type=\"hidden\" name=\"_wpcf7_recaptcha_response\" value=\"\" \/>\n<\/fieldset>\n<style>.about-form label{color: #111;}.about-form .ajax-loader{display:none!important;}.about-form input[type=\"submit\"]{border: 1px solid #111; background: transparent !important; color: #111; font-weight: 400; width: 100%; width: 298px; max-width: 100%;} .about-form input[type=\"submit\"]:hover{background-color: #111 !important; color: #fff;} .formw{width: 498px; max-width: 100%; margin-bottom: 15px;} hr {width: 498px; max-width: 100%;} span.wpcf7-list-item { display: block; text-align: left;}\n<\/style>\n<div class=\"about-form\" style=\"padding: 20px 20px; text-align:center;\">\n\t<p><label class=\"formw\">Nombre y Apellido <span class=\"wpcf7-form-control-wrap\" data-name=\"names\"><input size=\"40\" maxlength=\"400\" class=\"wpcf7-form-control wpcf7-text wpcf7-validates-as-required\" aria-required=\"true\" aria-invalid=\"false\" placeholder=\"Mark Molis\" value=\"\" type=\"text\" name=\"names\" \/><\/span><\/label><br \/>\n<label class=\"formw\">Email <span class=\"wpcf7-form-control-wrap\" data-name=\"email\"><input size=\"40\" maxlength=\"400\" class=\"wpcf7-form-control wpcf7-email wpcf7-validates-as-required wpcf7-text wpcf7-validates-as-email\" aria-required=\"true\" aria-invalid=\"false\" placeholder=\"info@email.com\" value=\"\" type=\"email\" name=\"email\" \/><\/span><\/label><br \/>\n<label class=\"formw\">Tel\u00e9fono <span class=\"wpcf7-form-control-wrap\" data-name=\"tel\"><input size=\"40\" maxlength=\"400\" class=\"wpcf7-form-control wpcf7-tel wpcf7-validates-as-required wpcf7-text wpcf7-validates-as-tel\" aria-required=\"true\" aria-invalid=\"false\" placeholder=\"+34932186622\" value=\"\" type=\"tel\" name=\"tel\" \/><\/span><\/label><br \/>\n<label class=\"formw\">Describe tu proyecto <span class=\"wpcf7-form-control-wrap\" data-name=\"description\"><textarea cols=\"40\" rows=\"10\" maxlength=\"2000\" class=\"wpcf7-form-control wpcf7-textarea wpcf7-validates-as-required\" aria-required=\"true\" aria-invalid=\"false\" placeholder=\"Nueva casa unifamiliar en Sant Cugat\" name=\"description\"><\/textarea><\/span><\/label>\n\t<\/p>\n\t<div class=\"frm_submit\">\n\t\t<p><input class=\"wpcf7-form-control wpcf7-submit has-spinner\" type=\"submit\" value=\"Descargar gu\u00eda\" \/>\n\t\t<\/p>\n\t<\/div>\n<\/div>\n<div class=\"legal_text\">\n\t<p>Zest Arquitectura te informa que los datos de car\u00e1cter personal que proporciones rellenando el presente formulario ser\u00e1n tratados por Zest Arquitectura Sostenible SL como responsable de esta web. La finalidad de la recogida y tratamiento de los datos personales que te solicitamos es para enviarte nuestras publicaciones, promociones de productos y\/o servicios y recursos exclusivos. Al dejar tus datos aceptas nuestra pol\u00edtica de privacidad. Te informamos que los datos que nos facilites estar\u00e1n ubicados en los servidores de Mailchimp (proveedor de servicios de marketing por correo electr\u00f3nico) a trav\u00e9s de su empresa The Rocket Science Group LLC ubicada en EEUU y acogida al EU-US Privacy Shield. Ver <a href=\"https:\/\/www.intuit.com\/privacy\/statement\/\" target=\"_blank\" nofollow>pol\u00edtica de privacidad de Mailchimp<\/a>. El hecho de que no introduzcas los datos de car\u00e1cter personal que aparecen en el formulario como obligatorios podr\u00e1 tener como consecuencia que no podamos atender tu solicitud. Podr\u00e1s ejercer tus derechos de acceso, rectificaci\u00f3n, limitaci\u00f3n y suprimir los datos en info@zestarchitecture.com, as\u00ed como el derecho a presentar una reclamaci\u00f3n ante una autoridad de control. Puedes consultar la informaci\u00f3n adicional y detallada sobre protecci\u00f3n de Datos en nuestra <a href=\"\/es\/politica-de-privacidad\/\">pol\u00edtica de privacidad<\/a>.\n\t<\/p>\n<\/div><p style=\"display: none !important;\" class=\"akismet-fields-container\" data-prefix=\"_wpcf7_ak_\"><label>&#916;<textarea name=\"_wpcf7_ak_hp_textarea\" cols=\"45\" rows=\"8\" maxlength=\"100\"><\/textarea><\/label><input type=\"hidden\" id=\"ak_js_1\" name=\"_wpcf7_ak_js\" value=\"247\"\/><script>document.getElementById( \"ak_js_1\" ).setAttribute( \"value\", ( new Date() ).getTime() );<\/script><\/p><div class=\"wpcf7-response-output\" aria-hidden=\"true\"><\/div>\n<\/form>\n<\/div>\n[\/vc_column][\/vc_row][vc_row full_width=\u00bbstretch_row_content_no_spaces\u00bb css=\u00bb.vc_custom_1529977518075{margin-top: 40px !important;}\u00bb][vc_column width=\u00bb1\/3&#8243;][\/vc_column][vc_column width=\u00bb2\/3&#8243;][\/vc_column][\/vc_row]<\/p>\n<\/div>","protected":false},"excerpt":{"rendered":"<p>[vc_row full_width=\u00bbstretch_row_content_no_spaces\u00bb][vc_column][vc_banner_title color_style=\u00bblight\u00bb subtitle=\u00bbDESCARGA TU GU\u00cdA GRATUITAMENTE\u00bb title=\u00bbPlanificaci\u00f3n de Proyecto: Como Construir tu Casa Ideal\u00bb img=\u00bb3223&#8243; enable_overlay=\u00bbtrue\u00bb columns=\u00bb%5B%7B%7D%5D\u00bb][\/vc_banner_title][vc_raw_html]JTNDc3R5bGUlM0UlMEEuY2VudGVyJTIwJTdCJTBBdGV4dC1hbGlnbiUzQSUyMGNlbnRlciUzQiUwQSU3RCUwQS5oZWFkaW5nJTIwLmNvbnRlbnQlMjBoNiUyMCU3QiUwQSUyMCUyMCUyMCUyMGxpbmUtaGVpZ2h0JTNBJTIwMS41ZW0lMjAlMjFpbXBvcnRhbnQlM0IlMEElMjAlMjAlMjAlMjBmb250LXNpemUlM0ElMjAxLjRlbSUyMCUyMWltcG9ydGFudCUzQiUwQSUyMCUyMCUyMCUyMGZvbnQtd2VpZ2h0JTNBJTIwNDAwJTIwJTIxaW1wb3J0YW50JTNCJTBBJTdEJTBBJTNDJTJGc3R5bGUlM0U=[\/vc_raw_html][\/vc_column][\/vc_row][vc_row css=\u00bb.vc_custom_1528505652474{margin-top: 0px<\/p>\n","protected":false},"author":1,"featured_media":0,"parent":0,"menu_order":0,"comment_status":"closed","ping_status":"closed","template":"","meta":{"footnotes":""},"folder":[],"class_list":["post-4956","page","type-page","status-publish","hentry"],"yoast_head":"<!-- This site is optimized with the Yoast SEO plugin v27.5 - https:\/\/yoast.com\/product\/yoast-seo-wordpress\/ -->\n<title>Landing Informaci\u00f3n - ZEST architecture<\/title>\n<meta name=\"robots\" content=\"index, follow, max-snippet:-1, max-image-preview:large, max-video-preview:-1\" \/>\n<link rel=\"canonical\" href=\"https:\/\/www.zestarchitecture.com\/landing-information\/\" \/>\n<meta property=\"og:locale\" content=\"es_ES\" \/>\n<meta property=\"og:type\" content=\"article\" \/>\n<meta property=\"og:title\" content=\"Landing Informaci\u00f3n - ZEST architecture\" \/>\n<meta property=\"og:description\" content=\"[vc_row full_width=\u00bbstretch_row_content_no_spaces\u00bb][vc_column][vc_banner_title color_style=\u00bblight\u00bb subtitle=\u00bbDESCARGA TU GU\u00cdA GRATUITAMENTE\u00bb title=\u00bbPlanificaci\u00f3n de Proyecto: Como Construir tu Casa Ideal\u00bb img=\u00bb3223&#8243; enable_overlay=\u00bbtrue\u00bb columns=\u00bb%5B%7B%7D%5D\u00bb][\/vc_banner_title][vc_raw_html]JTNDc3R5bGUlM0UlMEEuY2VudGVyJTIwJTdCJTBBdGV4dC1hbGlnbiUzQSUyMGNlbnRlciUzQiUwQSU3RCUwQS5oZWFkaW5nJTIwLmNvbnRlbnQlMjBoNiUyMCU3QiUwQSUyMCUyMCUyMCUyMGxpbmUtaGVpZ2h0JTNBJTIwMS41ZW0lMjAlMjFpbXBvcnRhbnQlM0IlMEElMjAlMjAlMjAlMjBmb250LXNpemUlM0ElMjAxLjRlbSUyMCUyMWltcG9ydGFudCUzQiUwQSUyMCUyMCUyMCUyMGZvbnQtd2VpZ2h0JTNBJTIwNDAwJTIwJTIxaW1wb3J0YW50JTNCJTBBJTdEJTBBJTNDJTJGc3R5bGUlM0U=[\/vc_raw_html][\/vc_column][\/vc_row][vc_row css=\u00bb.vc_custom_1528505652474{margin-top: 0px\" \/>\n<meta property=\"og:url\" content=\"https:\/\/www.zestarchitecture.com\/landing-information\/\" \/>\n<meta property=\"og:site_name\" content=\"ZEST architecture\" \/>\n<meta property=\"article:modified_time\" content=\"2020-05-07T11:26:04+00:00\" \/>\n<meta property=\"og:image\" content=\"https:\/\/www.zestarchitecture.com\/wp-content\/uploads\/2020\/02\/logo-zest.png\" \/>\n\t<meta property=\"og:image:width\" content=\"750\" \/>\n\t<meta property=\"og:image:height\" content=\"750\" \/>\n\t<meta property=\"og:image:type\" content=\"image\/png\" \/>\n<meta name=\"twitter:card\" content=\"summary_large_image\" \/>\n<meta name=\"twitter:label1\" content=\"Tiempo de lectura\" \/>\n\t<meta name=\"twitter:data1\" content=\"2 minutos\" \/>\n<script type=\"application\/ld+json\" class=\"yoast-schema-graph\">{\"@context\":\"https:\\\/\\\/schema.org\",\"@graph\":[{\"@type\":\"WebPage\",\"@id\":\"https:\\\/\\\/www.zestarchitecture.com\\\/landing-information\\\/\",\"url\":\"https:\\\/\\\/www.zestarchitecture.com\\\/landing-information\\\/\",\"name\":\"Landing Informaci\u00f3n - ZEST architecture\",\"isPartOf\":{\"@id\":\"https:\\\/\\\/www.zestarchitecture.com\\\/#website\"},\"datePublished\":\"2018-07-28T20:40:03+00:00\",\"dateModified\":\"2020-05-07T11:26:04+00:00\",\"breadcrumb\":{\"@id\":\"https:\\\/\\\/www.zestarchitecture.com\\\/landing-information\\\/#breadcrumb\"},\"inLanguage\":\"es\",\"potentialAction\":[{\"@type\":\"ReadAction\",\"target\":[\"https:\\\/\\\/www.zestarchitecture.com\\\/landing-information\\\/\"]}]},{\"@type\":\"BreadcrumbList\",\"@id\":\"https:\\\/\\\/www.zestarchitecture.com\\\/landing-information\\\/#breadcrumb\",\"itemListElement\":[{\"@type\":\"ListItem\",\"position\":1,\"name\":\"Portada\",\"item\":\"https:\\\/\\\/www.zestarchitecture.com\\\/es\\\/\"},{\"@type\":\"ListItem\",\"position\":2,\"name\":\"Landing Informaci\u00f3n\"}]},{\"@type\":\"WebSite\",\"@id\":\"https:\\\/\\\/www.zestarchitecture.com\\\/#website\",\"url\":\"https:\\\/\\\/www.zestarchitecture.com\\\/\",\"name\":\"ZEST architecture\",\"description\":\"ZEST architecture in Barcelona offers a full range of architectural services in English, German, Dutch, Spanish, Catalan, French and Portuguese. We work with the best builders in Catalonia to realise your real estate dreams.\",\"potentialAction\":[{\"@type\":\"SearchAction\",\"target\":{\"@type\":\"EntryPoint\",\"urlTemplate\":\"https:\\\/\\\/www.zestarchitecture.com\\\/?s={search_term_string}\"},\"query-input\":{\"@type\":\"PropertyValueSpecification\",\"valueRequired\":true,\"valueName\":\"search_term_string\"}}],\"inLanguage\":\"es\"}]}<\/script>\n<!-- \/ Yoast SEO plugin. -->","yoast_head_json":{"title":"Landing Informaci\u00f3n - ZEST architecture","robots":{"index":"index","follow":"follow","max-snippet":"max-snippet:-1","max-image-preview":"max-image-preview:large","max-video-preview":"max-video-preview:-1"},"canonical":"https:\/\/www.zestarchitecture.com\/landing-information\/","og_locale":"es_ES","og_type":"article","og_title":"Landing Informaci\u00f3n - ZEST architecture","og_description":"[vc_row full_width=\u00bbstretch_row_content_no_spaces\u00bb][vc_column][vc_banner_title color_style=\u00bblight\u00bb subtitle=\u00bbDESCARGA TU GU\u00cdA GRATUITAMENTE\u00bb title=\u00bbPlanificaci\u00f3n de Proyecto: Como Construir tu Casa Ideal\u00bb img=\u00bb3223&#8243; enable_overlay=\u00bbtrue\u00bb columns=\u00bb%5B%7B%7D%5D\u00bb][\/vc_banner_title][vc_raw_html]JTNDc3R5bGUlM0UlMEEuY2VudGVyJTIwJTdCJTBBdGV4dC1hbGlnbiUzQSUyMGNlbnRlciUzQiUwQSU3RCUwQS5oZWFkaW5nJTIwLmNvbnRlbnQlMjBoNiUyMCU3QiUwQSUyMCUyMCUyMCUyMGxpbmUtaGVpZ2h0JTNBJTIwMS41ZW0lMjAlMjFpbXBvcnRhbnQlM0IlMEElMjAlMjAlMjAlMjBmb250LXNpemUlM0ElMjAxLjRlbSUyMCUyMWltcG9ydGFudCUzQiUwQSUyMCUyMCUyMCUyMGZvbnQtd2VpZ2h0JTNBJTIwNDAwJTIwJTIxaW1wb3J0YW50JTNCJTBBJTdEJTBBJTNDJTJGc3R5bGUlM0U=[\/vc_raw_html][\/vc_column][\/vc_row][vc_row css=\u00bb.vc_custom_1528505652474{margin-top: 0px","og_url":"https:\/\/www.zestarchitecture.com\/landing-information\/","og_site_name":"ZEST architecture","article_modified_time":"2020-05-07T11:26:04+00:00","og_image":[{"width":750,"height":750,"url":"https:\/\/www.zestarchitecture.com\/wp-content\/uploads\/2020\/02\/logo-zest.png","type":"image\/png"}],"twitter_card":"summary_large_image","twitter_misc":{"Tiempo de lectura":"2 minutos"},"schema":{"@context":"https:\/\/schema.org","@graph":[{"@type":"WebPage","@id":"https:\/\/www.zestarchitecture.com\/landing-information\/","url":"https:\/\/www.zestarchitecture.com\/landing-information\/","name":"Landing Informaci\u00f3n - ZEST architecture","isPartOf":{"@id":"https:\/\/www.zestarchitecture.com\/#website"},"datePublished":"2018-07-28T20:40:03+00:00","dateModified":"2020-05-07T11:26:04+00:00","breadcrumb":{"@id":"https:\/\/www.zestarchitecture.com\/landing-information\/#breadcrumb"},"inLanguage":"es","potentialAction":[{"@type":"ReadAction","target":["https:\/\/www.zestarchitecture.com\/landing-information\/"]}]},{"@type":"BreadcrumbList","@id":"https:\/\/www.zestarchitecture.com\/landing-information\/#breadcrumb","itemListElement":[{"@type":"ListItem","position":1,"name":"Portada","item":"https:\/\/www.zestarchitecture.com\/es\/"},{"@type":"ListItem","position":2,"name":"Landing Informaci\u00f3n"}]},{"@type":"WebSite","@id":"https:\/\/www.zestarchitecture.com\/#website","url":"https:\/\/www.zestarchitecture.com\/","name":"ZEST architecture","description":"ZEST architecture in Barcelona offers a full range of architectural services in English, German, Dutch, Spanish, Catalan, French and Portuguese. We work with the best builders in Catalonia to realise your real estate dreams.","potentialAction":[{"@type":"SearchAction","target":{"@type":"EntryPoint","urlTemplate":"https:\/\/www.zestarchitecture.com\/?s={search_term_string}"},"query-input":{"@type":"PropertyValueSpecification","valueRequired":true,"valueName":"search_term_string"}}],"inLanguage":"es"}]}},"_links":{"self":[{"href":"https:\/\/www.zestarchitecture.com\/es\/wp-json\/wp\/v2\/pages\/4956","targetHints":{"allow":["GET"]}}],"collection":[{"href":"https:\/\/www.zestarchitecture.com\/es\/wp-json\/wp\/v2\/pages"}],"about":[{"href":"https:\/\/www.zestarchitecture.com\/es\/wp-json\/wp\/v2\/types\/page"}],"author":[{"embeddable":true,"href":"https:\/\/www.zestarchitecture.com\/es\/wp-json\/wp\/v2\/users\/1"}],"replies":[{"embeddable":true,"href":"https:\/\/www.zestarchitecture.com\/es\/wp-json\/wp\/v2\/comments?post=4956"}],"version-history":[{"count":1,"href":"https:\/\/www.zestarchitecture.com\/es\/wp-json\/wp\/v2\/pages\/4956\/revisions"}],"predecessor-version":[{"id":7159,"href":"https:\/\/www.zestarchitecture.com\/es\/wp-json\/wp\/v2\/pages\/4956\/revisions\/7159"}],"wp:attachment":[{"href":"https:\/\/www.zestarchitecture.com\/es\/wp-json\/wp\/v2\/media?parent=4956"}],"wp:term":[{"taxonomy":"folder","embeddable":true,"href":"https:\/\/www.zestarchitecture.com\/es\/wp-json\/wp\/v2\/folder?post=4956"}],"curies":[{"name":"wp","href":"https:\/\/api.w.org\/{rel}","templated":true}]}}