{"id":4952,"date":"2018-07-28T20:38:12","date_gmt":"2018-07-28T20:38:12","guid":{"rendered":"https:\/\/webempresabarcelona.com\/?page_id=4952"},"modified":"2020-02-10T17:46:01","modified_gmt":"2020-02-10T17:46:01","slug":"landing-factibilidad","status":"publish","type":"page","link":"https:\/\/www.zestarchitecture.com\/es\/landing-factibilidad\/","title":{"rendered":"Landing Viabilidad"},"content":{"rendered":"<div class=\"wpb-content-wrapper\"><p>[vc_row full_width=\u00bbstretch_row_content_no_spaces\u00bb][vc_column][vc_banner_title color_style=\u00bblight\u00bb title=\u00bbSERVICIO PRE DISE\u00d1O<br \/>\nEstudio de Viabilidad \u00bb img=\u00bb3223&#8243; enable_overlay=\u00bbtrue\u00bb columns=\u00bb%5B%7B%7D%5D\u00bb][\/vc_banner_title][vc_raw_html]JTNDc3R5bGUlM0UlMEEuY2VudGVyJTIwJTdCJTBBdGV4dC1hbGlnbiUzQSUyMGNlbnRlciUzQiUwQSU3RCUwQS50b3AtYmFubmVyJTIwJTdCJTBBJTIwJTIwJTIwJTIwbWF4LWhlaWdodCUzQSUyMDQwMHB4JTIwJTIxaW1wb3J0YW50JTNCJTBBJTIwJTIwJTIwJTIwbWluLWhlaWdodCUzQSUyMDI4MHB4JTIwJTIxaW1wb3J0YW50JTNCJTBBJTdEJTBBJTNDJTJGc3R5bGUlM0U=[\/vc_raw_html][\/vc_column][\/vc_row][vc_row css=\u00bb.vc_custom_1528505652474{margin-top: 0px !important;}\u00bb][vc_column][vc_headings enable_divider=\u00bbtrue\u00bb]<\/p>\n<h6 style=\"font-size: 2em;\">Estar preparado ahorra tiempo y dinero.<\/h6>\n<p>Asesorarse sobre tus necesidades y opciones antes de la fase de dise\u00f1o es vital si quieres que tu proyecto se ejecute a tiempo y seg\u00fan presupuesto. Es algo parecido al diagn\u00f3stico de un doctor, antes de decidir el tratamiento.<\/p>\n<p>Decidirse y cambiar algunos de los requisitos de tu proyecto es necesario antes de la fase de dise\u00f1o. Cambiar de idea sobre lo que necesita construirse antes de la fase de dise\u00f1o es f\u00e1cil y gratuito. Una vez el arquitecto ha empezado a dise\u00f1ar, cambiar los par\u00e1metros b\u00e1sicos del proyecto se convierte cada vez en algo m\u00e1s dif\u00edcil y caro. Una vez la construcci\u00f3n ha empezado, es prohibitivo. As\u00ed que invertir algo m\u00e1s de tiempo en una cuidadosa planificaci\u00f3n, siempre es un \u00e9xito[\/vc_headings][\/vc_column][\/vc_row][vc_row full_width=\u00bbstretch_row_content_no_spaces\u00bb css=\u00bb.vc_custom_1529977518075{margin-top: 40px !important;}\u00bb][vc_column][vc_banner_title color_style=\u00bblight\u00bb heading_size=\u00bbh2&#8243; title=\u00bbRESERVA NUESTRO ESTUDIO DE VIABILIDAD AHORA\u00bb img=\u00bb3222&#8243; button=\u00bburl:%2Fes%2Fformulario-landing%2F|title:Reserva%20ahora||\u00bb enable_overlay=\u00bbtrue\u00bb columns=\u00bb%5B%7B%7D%5D\u00bb color_animation_text=\u00bb#ffffff\u00bb][\/vc_banner_title][\/vc_column][\/vc_row][vc_row css=\u00bb.vc_custom_1532721549131{margin-top: 0px !important;}\u00bb][vc_column css=\u00bb.vc_custom_1532721732001{padding-bottom: 110px !important;}\u00bb][vc_headings enable_divider=\u00bbtrue\u00bb]<\/p>\n<h6 style=\"font-size: 2em;\">El estudio de viabilidad de ZEST<\/h6>\n<p>Nuestro estudio de viabilidad incluye una reuni\u00f3n de presentaci\u00f3n (o un Skype si no est\u00e1s cerca), una visita al sitio y un extenso informe. El informe define tus requisitos en t\u00e9rminos de espacio y calidad, analiza las restricciones en la normativa aplicable de tu zona, sugiere estrategias de proyecto e incluye un borrador de presupuesto realista.<\/p>\n<p>EN ZEST Arquitectura somos expertos en sostenibilidad y nuestra amplia experiencia tanto en rehabilitaci\u00f3n de edificios de patrimonio hist\u00f3rico como en la construcci\u00f3n de nuevos edificios espectaculares, incluyendo aquellos que integran nuevas t\u00e9cnicas de sostenibilidad como paneles de CLT, nos convierten en el compa\u00f1ero ideal para cualquiera de tus proyectos.<\/p>\n<p>Por favor, contacta con nosotros llamando al +34 93 218 66 22 o mandando un correo a info@zestarchitecture.com para saber c\u00f3mo podemos ayudarte a realizar tu proyecto. [\/vc_headings][\/vc_column][\/vc_row]<\/p>\n<\/div>","protected":false},"excerpt":{"rendered":"<p>[vc_row full_width=\u00bbstretch_row_content_no_spaces\u00bb][vc_column][vc_banner_title color_style=\u00bblight\u00bb title=\u00bbSERVICIO PRE DISE\u00d1O Estudio de Viabilidad \u00bb img=\u00bb3223&#8243; enable_overlay=\u00bbtrue\u00bb columns=\u00bb%5B%7B%7D%5D\u00bb][\/vc_banner_title][vc_raw_html]JTNDc3R5bGUlM0UlMEEuY2VudGVyJTIwJTdCJTBBdGV4dC1hbGlnbiUzQSUyMGNlbnRlciUzQiUwQSU3RCUwQS50b3AtYmFubmVyJTIwJTdCJTBBJTIwJTIwJTIwJTIwbWF4LWhlaWdodCUzQSUyMDQwMHB4JTIwJTIxaW1wb3J0YW50JTNCJTBBJTIwJTIwJTIwJTIwbWluLWhlaWdodCUzQSUyMDI4MHB4JTIwJTIxaW1wb3J0YW50JTNCJTBBJTdEJTBBJTNDJTJGc3R5bGUlM0U=[\/vc_raw_html][\/vc_column][\/vc_row][vc_row css=\u00bb.vc_custom_1528505652474{margin-top: 0px !important;}\u00bb][vc_column][vc_headings enable_divider=\u00bbtrue\u00bb] Estar preparado ahorra<\/p>\n","protected":false},"author":1,"featured_media":0,"parent":0,"menu_order":0,"comment_status":"closed","ping_status":"closed","template":"","meta":{"footnotes":""},"folder":[],"class_list":["post-4952","page","type-page","status-publish","hentry"],"yoast_head":"<!-- This site is optimized with the Yoast SEO plugin v27.5 - https:\/\/yoast.com\/product\/yoast-seo-wordpress\/ -->\n<title>Landing Viabilidad - ZEST architecture<\/title>\n<meta name=\"robots\" content=\"index, follow, max-snippet:-1, max-image-preview:large, max-video-preview:-1\" \/>\n<link rel=\"canonical\" href=\"https:\/\/www.zestarchitecture.com\/landing-feasibility\/\" \/>\n<meta property=\"og:locale\" content=\"es_ES\" \/>\n<meta property=\"og:type\" content=\"article\" \/>\n<meta property=\"og:title\" content=\"Landing Viabilidad - ZEST architecture\" \/>\n<meta property=\"og:description\" content=\"[vc_row full_width=\u00bbstretch_row_content_no_spaces\u00bb][vc_column][vc_banner_title color_style=\u00bblight\u00bb title=\u00bbSERVICIO PRE DISE\u00d1O Estudio de Viabilidad \u00bb img=\u00bb3223&#8243; enable_overlay=\u00bbtrue\u00bb columns=\u00bb%5B%7B%7D%5D\u00bb][\/vc_banner_title][vc_raw_html]JTNDc3R5bGUlM0UlMEEuY2VudGVyJTIwJTdCJTBBdGV4dC1hbGlnbiUzQSUyMGNlbnRlciUzQiUwQSU3RCUwQS50b3AtYmFubmVyJTIwJTdCJTBBJTIwJTIwJTIwJTIwbWF4LWhlaWdodCUzQSUyMDQwMHB4JTIwJTIxaW1wb3J0YW50JTNCJTBBJTIwJTIwJTIwJTIwbWluLWhlaWdodCUzQSUyMDI4MHB4JTIwJTIxaW1wb3J0YW50JTNCJTBBJTdEJTBBJTNDJTJGc3R5bGUlM0U=[\/vc_raw_html][\/vc_column][\/vc_row][vc_row css=\u00bb.vc_custom_1528505652474{margin-top: 0px !important;}\u00bb][vc_column][vc_headings enable_divider=\u00bbtrue\u00bb] Estar preparado ahorra\" \/>\n<meta property=\"og:url\" content=\"https:\/\/www.zestarchitecture.com\/landing-feasibility\/\" \/>\n<meta property=\"og:site_name\" content=\"ZEST architecture\" \/>\n<meta property=\"article:modified_time\" content=\"2020-02-10T17:46:01+00:00\" \/>\n<meta property=\"og:image\" content=\"https:\/\/www.zestarchitecture.com\/wp-content\/uploads\/2020\/02\/logo-zest.png\" \/>\n\t<meta property=\"og:image:width\" content=\"750\" \/>\n\t<meta property=\"og:image:height\" content=\"750\" \/>\n\t<meta property=\"og:image:type\" content=\"image\/png\" \/>\n<meta name=\"twitter:card\" content=\"summary_large_image\" \/>\n<meta name=\"twitter:label1\" content=\"Tiempo de lectura\" \/>\n\t<meta name=\"twitter:data1\" content=\"2 minutos\" \/>\n<script type=\"application\/ld+json\" class=\"yoast-schema-graph\">{\"@context\":\"https:\\\/\\\/schema.org\",\"@graph\":[{\"@type\":\"WebPage\",\"@id\":\"https:\\\/\\\/www.zestarchitecture.com\\\/landing-feasibility\\\/\",\"url\":\"https:\\\/\\\/www.zestarchitecture.com\\\/landing-feasibility\\\/\",\"name\":\"Landing Viabilidad - ZEST architecture\",\"isPartOf\":{\"@id\":\"https:\\\/\\\/www.zestarchitecture.com\\\/#website\"},\"datePublished\":\"2018-07-28T20:38:12+00:00\",\"dateModified\":\"2020-02-10T17:46:01+00:00\",\"breadcrumb\":{\"@id\":\"https:\\\/\\\/www.zestarchitecture.com\\\/landing-feasibility\\\/#breadcrumb\"},\"inLanguage\":\"es\",\"potentialAction\":[{\"@type\":\"ReadAction\",\"target\":[\"https:\\\/\\\/www.zestarchitecture.com\\\/landing-feasibility\\\/\"]}]},{\"@type\":\"BreadcrumbList\",\"@id\":\"https:\\\/\\\/www.zestarchitecture.com\\\/landing-feasibility\\\/#breadcrumb\",\"itemListElement\":[{\"@type\":\"ListItem\",\"position\":1,\"name\":\"Portada\",\"item\":\"https:\\\/\\\/www.zestarchitecture.com\\\/es\\\/\"},{\"@type\":\"ListItem\",\"position\":2,\"name\":\"Landing Viabilidad\"}]},{\"@type\":\"WebSite\",\"@id\":\"https:\\\/\\\/www.zestarchitecture.com\\\/#website\",\"url\":\"https:\\\/\\\/www.zestarchitecture.com\\\/\",\"name\":\"ZEST architecture\",\"description\":\"ZEST architecture in Barcelona offers a full range of architectural services in English, German, Dutch, Spanish, Catalan, French and Portuguese. We work with the best builders in Catalonia to realise your real estate dreams.\",\"potentialAction\":[{\"@type\":\"SearchAction\",\"target\":{\"@type\":\"EntryPoint\",\"urlTemplate\":\"https:\\\/\\\/www.zestarchitecture.com\\\/?s={search_term_string}\"},\"query-input\":{\"@type\":\"PropertyValueSpecification\",\"valueRequired\":true,\"valueName\":\"search_term_string\"}}],\"inLanguage\":\"es\"}]}<\/script>\n<!-- \/ Yoast SEO plugin. -->","yoast_head_json":{"title":"Landing Viabilidad - ZEST architecture","robots":{"index":"index","follow":"follow","max-snippet":"max-snippet:-1","max-image-preview":"max-image-preview:large","max-video-preview":"max-video-preview:-1"},"canonical":"https:\/\/www.zestarchitecture.com\/landing-feasibility\/","og_locale":"es_ES","og_type":"article","og_title":"Landing Viabilidad - ZEST architecture","og_description":"[vc_row full_width=\u00bbstretch_row_content_no_spaces\u00bb][vc_column][vc_banner_title color_style=\u00bblight\u00bb title=\u00bbSERVICIO PRE DISE\u00d1O Estudio de Viabilidad \u00bb img=\u00bb3223&#8243; enable_overlay=\u00bbtrue\u00bb columns=\u00bb%5B%7B%7D%5D\u00bb][\/vc_banner_title][vc_raw_html]JTNDc3R5bGUlM0UlMEEuY2VudGVyJTIwJTdCJTBBdGV4dC1hbGlnbiUzQSUyMGNlbnRlciUzQiUwQSU3RCUwQS50b3AtYmFubmVyJTIwJTdCJTBBJTIwJTIwJTIwJTIwbWF4LWhlaWdodCUzQSUyMDQwMHB4JTIwJTIxaW1wb3J0YW50JTNCJTBBJTIwJTIwJTIwJTIwbWluLWhlaWdodCUzQSUyMDI4MHB4JTIwJTIxaW1wb3J0YW50JTNCJTBBJTdEJTBBJTNDJTJGc3R5bGUlM0U=[\/vc_raw_html][\/vc_column][\/vc_row][vc_row css=\u00bb.vc_custom_1528505652474{margin-top: 0px !important;}\u00bb][vc_column][vc_headings enable_divider=\u00bbtrue\u00bb] Estar preparado ahorra","og_url":"https:\/\/www.zestarchitecture.com\/landing-feasibility\/","og_site_name":"ZEST architecture","article_modified_time":"2020-02-10T17:46:01+00:00","og_image":[{"width":750,"height":750,"url":"https:\/\/www.zestarchitecture.com\/wp-content\/uploads\/2020\/02\/logo-zest.png","type":"image\/png"}],"twitter_card":"summary_large_image","twitter_misc":{"Tiempo de lectura":"2 minutos"},"schema":{"@context":"https:\/\/schema.org","@graph":[{"@type":"WebPage","@id":"https:\/\/www.zestarchitecture.com\/landing-feasibility\/","url":"https:\/\/www.zestarchitecture.com\/landing-feasibility\/","name":"Landing Viabilidad - ZEST architecture","isPartOf":{"@id":"https:\/\/www.zestarchitecture.com\/#website"},"datePublished":"2018-07-28T20:38:12+00:00","dateModified":"2020-02-10T17:46:01+00:00","breadcrumb":{"@id":"https:\/\/www.zestarchitecture.com\/landing-feasibility\/#breadcrumb"},"inLanguage":"es","potentialAction":[{"@type":"ReadAction","target":["https:\/\/www.zestarchitecture.com\/landing-feasibility\/"]}]},{"@type":"BreadcrumbList","@id":"https:\/\/www.zestarchitecture.com\/landing-feasibility\/#breadcrumb","itemListElement":[{"@type":"ListItem","position":1,"name":"Portada","item":"https:\/\/www.zestarchitecture.com\/es\/"},{"@type":"ListItem","position":2,"name":"Landing Viabilidad"}]},{"@type":"WebSite","@id":"https:\/\/www.zestarchitecture.com\/#website","url":"https:\/\/www.zestarchitecture.com\/","name":"ZEST architecture","description":"ZEST architecture in Barcelona offers a full range of architectural services in English, German, Dutch, Spanish, Catalan, French and Portuguese. We work with the best builders in Catalonia to realise your real estate dreams.","potentialAction":[{"@type":"SearchAction","target":{"@type":"EntryPoint","urlTemplate":"https:\/\/www.zestarchitecture.com\/?s={search_term_string}"},"query-input":{"@type":"PropertyValueSpecification","valueRequired":true,"valueName":"search_term_string"}}],"inLanguage":"es"}]}},"_links":{"self":[{"href":"https:\/\/www.zestarchitecture.com\/es\/wp-json\/wp\/v2\/pages\/4952","targetHints":{"allow":["GET"]}}],"collection":[{"href":"https:\/\/www.zestarchitecture.com\/es\/wp-json\/wp\/v2\/pages"}],"about":[{"href":"https:\/\/www.zestarchitecture.com\/es\/wp-json\/wp\/v2\/types\/page"}],"author":[{"embeddable":true,"href":"https:\/\/www.zestarchitecture.com\/es\/wp-json\/wp\/v2\/users\/1"}],"replies":[{"embeddable":true,"href":"https:\/\/www.zestarchitecture.com\/es\/wp-json\/wp\/v2\/comments?post=4952"}],"version-history":[{"count":0,"href":"https:\/\/www.zestarchitecture.com\/es\/wp-json\/wp\/v2\/pages\/4952\/revisions"}],"wp:attachment":[{"href":"https:\/\/www.zestarchitecture.com\/es\/wp-json\/wp\/v2\/media?parent=4952"}],"wp:term":[{"taxonomy":"folder","embeddable":true,"href":"https:\/\/www.zestarchitecture.com\/es\/wp-json\/wp\/v2\/folder?post=4952"}],"curies":[{"name":"wp","href":"https:\/\/api.w.org\/{rel}","templated":true}]}}