{"id":4948,"date":"2018-07-28T19:09:12","date_gmt":"2018-07-28T19:09:12","guid":{"rendered":"https:\/\/webempresabarcelona.com\/?page_id=4948"},"modified":"2020-02-10T17:46:26","modified_gmt":"2020-02-10T17:46:26","slug":"landing-consultoria","status":"publish","type":"page","link":"https:\/\/www.zestarchitecture.com\/es\/landing-consultoria\/","title":{"rendered":"Landing Consultor\u00eda"},"content":{"rendered":"<div class=\"wpb-content-wrapper\"><p>[vc_row full_width=\u00bbstretch_row_content_no_spaces\u00bb][vc_column][vc_banner_title color_style=\u00bblight\u00bb title=\u00bbOferta exclusiva de una llamada gratuita para la viabilidad de tu proyecto\u00bb img=\u00bb3223&#8243; enable_overlay=\u00bbtrue\u00bb columns=\u00bb%5B%7B%7D%5D\u00bb][\/vc_banner_title][vc_row_inner][vc_column_inner width=\u00bb1\/4&#8243;][\/vc_column_inner][vc_column_inner width=\u00bb1\/2&#8243;][vc_column_text el_class=\u00bbblack_text\u00bb css=\u00bb.vc_custom_1533025686163{margin-top: 60px !important;padding-top: 50px !important;}\u00bb]<\/p>\n<p style=\"text-align: center;\">Co Govers, la directora de ZEST Arquitectura ofrece llamadas limitadas de viabilidad para los propietarios en Catalunya que planean construir o rehabilitar en los pr\u00f3ximos 12 meses.<\/p>\n<p>[\/vc_column_text][vc_raw_html]JTNDc3R5bGUlM0UlMEEuY2VudGVyJTIwJTdCJTBBdGV4dC1hbGlnbiUzQSUyMGNlbnRlciUzQiUwQSU3RCUwQSUzQyUyRnN0eWxlJTNF[\/vc_raw_html][\/vc_column_inner][vc_column_inner width=\u00bb1\/4&#8243;][\/vc_column_inner][\/vc_row_inner][\/vc_column][\/vc_row][vc_row css=\u00bb.vc_custom_1528505652474{margin-top: 0px !important;}\u00bb][vc_column width=\u00bb1\/4&#8243; css=\u00bb.vc_custom_1530615936186{padding-top: 130px !important;}\u00bb][vc_single_image image=\u00bb2647&#8243; img_size=\u00bbfull\u00bb alignment=\u00bbcenter\u00bb][\/vc_column][vc_column width=\u00bb3\/4&#8243;][vc_row_inner][vc_column_inner width=\u00bb1\/12&#8243;][\/vc_column_inner][vc_column_inner width=\u00bb11\/12&#8243;][vc_headings enable_divider=\u00bbtrue\u00bb]<\/p>\n<h6 style=\"font-size: 2em;\">SOBRE LA LLAMADA DE VIABILIDAD<\/h6>\n<p>En esta llamada de 20minutos, hablar\u00e1s directamente con Co Govers sobre tu proyecto. Ella podr\u00e1 decirte: :<\/p>\n<ul>\n<li style=\"margin-bottom: 20px;\">Si tu proyecto es viable y los posibles obst\u00e1culos a los que deber\u00edas estar atento.<\/li>\n<li style=\"margin-bottom: 20px;\">El presupuesto aproximado que deber\u00edas planear invertir en tu proyecto (basado en docenas de proyectos con acabados de gama alta en Espa\u00f1a)<\/li>\n<li style=\"margin-bottom: 20px;\">Los 3 errores m\u00e1s comunes que arruinan tu proyecto (y c\u00f3mo evitarlos)<\/li>\n<\/ul>\n<p>[\/vc_headings][vc_headings enable_divider=\u00bbtrue\u00bb css=\u00bb.vc_custom_1533025852724{padding-top: 0px !important;}\u00bb]<\/p>\n<h6 style=\"font-size: 1.5em;\">SOBRE EL ARQUITECTO<\/h6>\n<p>Zest Arquitectura es una de las principales empresas de arquitectura en proyectos residenciales de gama alta en Espa\u00f1a.<\/p>\n<p>La directora Co Govers es una reconocida experta en sostenibilidad en arquitectura y reconocida por su talento en combinar sostenibilidad con elegancia. [\/vc_headings][\/vc_column_inner][\/vc_row_inner][\/vc_column][\/vc_row][vc_row full_width=\u00bbstretch_row_content_no_spaces\u00bb css=\u00bb.vc_custom_1529977518075{margin-top: 40px !important;}\u00bb][vc_column][vc_banner_title color_style=\u00bblight\u00bb heading_size=\u00bbh2&#8243; title=\u00bbSolicita ahora una llamada para la viabilidad de tu proyecto. \u00bb img=\u00bb3222&#8243; button=\u00bburl:%2Fes%2Fformulario-landing%2F|title:SOLICITA%20UNA%20LLAMADA%20DE%20VIABLIDAD%20||\u00bb enable_overlay=\u00bbtrue\u00bb columns=\u00bb%5B%7B%7D%5D\u00bb color_animation_text=\u00bb#ffffff\u00bb][\/vc_banner_title][\/vc_column][\/vc_row][vc_row css=\u00bb.vc_custom_1530615824915{margin-top: 100px !important;}\u00bb][vc_column][vc_testimonials][vc_testimonials_items name=\u00bbJohn, Estocolmo\u00bb description=\u00bbFue un placer trabajar con Co Govers y Mar\u00eda Matamala en todas las fases del proyecto, desde el dise\u00f1o hasta la ejecuci\u00f3n. Residiendo principalmente en Suecia mucha de la comunicaci\u00f3n se realiz\u00f3 a larga distancia con el Ingl\u00e9s como idioma de trabajo. La profesionalidad y el nivel (y simpat\u00eda) del servicio de ZEST Arquitectura fue y sigue siendo excepcional. En nuestro nombre trataron con todas las partes involucradas en la realizaci\u00f3n del proyecto, que incluy\u00f3 muchas discutidas y complejas soluciones. Hemos recomendado con cari\u00f1o ZEST Arquitectura a muchos de nuestros amigos y no dudar\u00edamos en hacerlo con otros.\u00bb][vc_testimonials_items name=\u00bbIsabel, Barcelona\u00bb description=\u00bbCo Govers y su equipo son muy respetuosos y han escuchado y entendido muy bien nuestros gustos y necesidades. Han dado muchas ideas sobre espacios y materiales que han sido muy \u00fatiles. Combinando la practicidad y la belleza de materiales nobles, adem\u00e1s de una alta exigencia en acabados, una buena coordinaci\u00f3n de profesionales, una supervisi\u00f3n continuada de la obra y un buen cumplimiento de plazos previstos. Todo ello ha contribuido a que nos sintamos muy satisfechos y a gusto en nuestra casa.\u00bb][vc_testimonials_items name=\u00bbJames, Londres\u00bb description=\u00bbDesde el primer momento en el que hablamos con ZEST supimos que eran los arquitectos adecuados para nosotros. Co fue incre\u00edble, nos entendi\u00f3 tan bien.. y convirti\u00f3 nuestras vagas ideas en un proyecto alucinante. El equipo de ZEST es muy profesional y con grandes conocimientos, y lo gestionaron todo para superar todas las obst\u00e1culos que el ayuntamiento nos puso\u00bb][vc_testimonials_items name=\u00bbAnne, Amsterdam\u00bb description=\u00bbConstruir se convirti\u00f3 en algo mucho m\u00e1s divertido de lo que hab\u00edamos imaginado. Trabajar con el equipo de ZEST fue un placer en cada paso del proceso. Desde definir como \u00edbamos a generar nuestra propia energ\u00eda hasta el flujo de trabajo de nuestra cocina, todo parec\u00eda l\u00f3gico y sin ning\u00fan estr\u00e9s. Me siento muy orgullosa cuando la gente entra en mi casa; siempre se quedan muy impresionados\u00bb][\/vc_testimonials][\/vc_column][\/vc_row][vc_row css=\u00bb.vc_custom_1530617424325{margin-top: 60px !important;margin-bottom: 60px !important;}\u00bb][vc_column width=\u00bb2\/3&#8243;][vc_headings enable_divider=\u00bbtrue\u00bb]En esta llamada de 20minutos, hablar\u00e1s directamente con Co Govers sobre tu proyecto. Ella podr\u00e1 decirte:<\/p>\n<ul>\n<li style=\"margin-bottom: 20px;\">Si tu proyecto es viable y los posibles obst\u00e1culos a los que deber\u00edas estar atento.<\/li>\n<li style=\"margin-bottom: 20px;\">El presupuesto aproximado que deber\u00edas planear invertir en tu proyecto (basado en docenas de proyectos con acabados de gama alta en Espa\u00f1a)<\/li>\n<li style=\"margin-bottom: 20px;\">Los 3 errores m\u00e1s comunes que arruinan tu proyecto (y c\u00f3mo evitarlos)<\/li>\n<\/ul>\n<p>[\/vc_headings][vc_raw_html]JTNDZGl2JTIwY2xhc3MlM0QlMjJjZW50ZXIlMjIlM0UlM0NhJTIwY2xhc3MlM0QlMjJhLWJ0bi0yJTIwY3JlYXRpdmUlMjBhbmltYSUyMiUyMGhyZWYlM0QlMjIlMkZlcyUyRmZvcm11bGFyaW8tbGFuZGluZyUyRiUyMiUzRSUwQSUzQ3NwYW4lMjBjbGFzcyUzRCUyMmEtYnRuLWxpbmUlMjIlM0UlM0MlMkZzcGFuJTNFJTBBJTA5JTA5JTA5JTA5JTA5JTA5JTA5JTA5JTA5JTA5JTA5JTA5JTA5JTA5JTA5U09MSUNJVEElMjBVTkElMjBMTEFNQURBJTIwREUlMjBWSUFCTElEQUQlMDklMDklMDklMDklMDklMDklMDklMDklMDklMDklMDklMDklMDklM0MlMkZhJTNFJTNDJTJGZGl2JTNF[\/vc_raw_html][\/vc_column][vc_column width=\u00bb1\/3&#8243;][vc_single_image image=\u00bb3199&#8243; img_size=\u00bbfull\u00bb alignment=\u00bbcenter\u00bb][\/vc_column][\/vc_row]<\/p>\n<\/div>","protected":false},"excerpt":{"rendered":"<p>[vc_row full_width=\u00bbstretch_row_content_no_spaces\u00bb][vc_column][vc_banner_title color_style=\u00bblight\u00bb title=\u00bbOferta exclusiva de una llamada gratuita para la viabilidad de tu proyecto\u00bb img=\u00bb3223&#8243; enable_overlay=\u00bbtrue\u00bb columns=\u00bb%5B%7B%7D%5D\u00bb][\/vc_banner_title][vc_row_inner][vc_column_inner width=\u00bb1\/4&#8243;][\/vc_column_inner][vc_column_inner width=\u00bb1\/2&#8243;][vc_column_text<\/p>\n","protected":false},"author":1,"featured_media":0,"parent":0,"menu_order":0,"comment_status":"closed","ping_status":"closed","template":"","meta":{"footnotes":""},"folder":[],"class_list":["post-4948","page","type-page","status-publish","hentry"],"yoast_head":"<!-- This site is optimized with the Yoast SEO plugin v27.4 - https:\/\/yoast.com\/product\/yoast-seo-wordpress\/ -->\n<title>Landing Consultor\u00eda - ZEST architecture<\/title>\n<meta name=\"robots\" content=\"index, follow, max-snippet:-1, max-image-preview:large, max-video-preview:-1\" \/>\n<link rel=\"canonical\" href=\"https:\/\/www.zestarchitecture.com\/consultancy\/\" \/>\n<meta property=\"og:locale\" content=\"es_ES\" \/>\n<meta property=\"og:type\" content=\"article\" \/>\n<meta property=\"og:title\" content=\"Landing Consultor\u00eda - ZEST architecture\" \/>\n<meta property=\"og:description\" content=\"[vc_row full_width=\u00bbstretch_row_content_no_spaces\u00bb][vc_column][vc_banner_title color_style=\u00bblight\u00bb title=\u00bbOferta exclusiva de una llamada gratuita para la viabilidad de tu proyecto\u00bb img=\u00bb3223&#8243; enable_overlay=\u00bbtrue\u00bb columns=\u00bb%5B%7B%7D%5D\u00bb][\/vc_banner_title][vc_row_inner][vc_column_inner width=\u00bb1\/4&#8243;][\/vc_column_inner][vc_column_inner width=\u00bb1\/2&#8243;][vc_column_text\" \/>\n<meta property=\"og:url\" content=\"https:\/\/www.zestarchitecture.com\/consultancy\/\" \/>\n<meta property=\"og:site_name\" content=\"ZEST architecture\" \/>\n<meta property=\"article:modified_time\" content=\"2020-02-10T17:46:26+00:00\" \/>\n<meta property=\"og:image\" content=\"https:\/\/www.zestarchitecture.com\/wp-content\/uploads\/2020\/02\/logo-zest.png\" \/>\n\t<meta property=\"og:image:width\" content=\"750\" \/>\n\t<meta property=\"og:image:height\" content=\"750\" \/>\n\t<meta property=\"og:image:type\" content=\"image\/png\" \/>\n<meta name=\"twitter:card\" content=\"summary_large_image\" \/>\n<meta name=\"twitter:label1\" content=\"Tiempo de lectura\" \/>\n\t<meta name=\"twitter:data1\" content=\"5 minutos\" \/>\n<script type=\"application\/ld+json\" class=\"yoast-schema-graph\">{\"@context\":\"https:\\\/\\\/schema.org\",\"@graph\":[{\"@type\":\"WebPage\",\"@id\":\"https:\\\/\\\/www.zestarchitecture.com\\\/consultancy\\\/\",\"url\":\"https:\\\/\\\/www.zestarchitecture.com\\\/consultancy\\\/\",\"name\":\"Landing Consultor\u00eda - ZEST architecture\",\"isPartOf\":{\"@id\":\"https:\\\/\\\/www.zestarchitecture.com\\\/#website\"},\"datePublished\":\"2018-07-28T19:09:12+00:00\",\"dateModified\":\"2020-02-10T17:46:26+00:00\",\"breadcrumb\":{\"@id\":\"https:\\\/\\\/www.zestarchitecture.com\\\/consultancy\\\/#breadcrumb\"},\"inLanguage\":\"es\",\"potentialAction\":[{\"@type\":\"ReadAction\",\"target\":[\"https:\\\/\\\/www.zestarchitecture.com\\\/consultancy\\\/\"]}]},{\"@type\":\"BreadcrumbList\",\"@id\":\"https:\\\/\\\/www.zestarchitecture.com\\\/consultancy\\\/#breadcrumb\",\"itemListElement\":[{\"@type\":\"ListItem\",\"position\":1,\"name\":\"Portada\",\"item\":\"https:\\\/\\\/www.zestarchitecture.com\\\/es\\\/\"},{\"@type\":\"ListItem\",\"position\":2,\"name\":\"Landing Consultor\u00eda\"}]},{\"@type\":\"WebSite\",\"@id\":\"https:\\\/\\\/www.zestarchitecture.com\\\/#website\",\"url\":\"https:\\\/\\\/www.zestarchitecture.com\\\/\",\"name\":\"ZEST architecture\",\"description\":\"ZEST architecture in Barcelona offers a full range of architectural services in English, German, Dutch, Spanish, Catalan, French and Portuguese. We work with the best builders in Catalonia to realise your real estate dreams.\",\"potentialAction\":[{\"@type\":\"SearchAction\",\"target\":{\"@type\":\"EntryPoint\",\"urlTemplate\":\"https:\\\/\\\/www.zestarchitecture.com\\\/?s={search_term_string}\"},\"query-input\":{\"@type\":\"PropertyValueSpecification\",\"valueRequired\":true,\"valueName\":\"search_term_string\"}}],\"inLanguage\":\"es\"}]}<\/script>\n<!-- \/ Yoast SEO plugin. -->","yoast_head_json":{"title":"Landing Consultor\u00eda - ZEST architecture","robots":{"index":"index","follow":"follow","max-snippet":"max-snippet:-1","max-image-preview":"max-image-preview:large","max-video-preview":"max-video-preview:-1"},"canonical":"https:\/\/www.zestarchitecture.com\/consultancy\/","og_locale":"es_ES","og_type":"article","og_title":"Landing Consultor\u00eda - ZEST architecture","og_description":"[vc_row full_width=\u00bbstretch_row_content_no_spaces\u00bb][vc_column][vc_banner_title color_style=\u00bblight\u00bb title=\u00bbOferta exclusiva de una llamada gratuita para la viabilidad de tu proyecto\u00bb img=\u00bb3223&#8243; enable_overlay=\u00bbtrue\u00bb columns=\u00bb%5B%7B%7D%5D\u00bb][\/vc_banner_title][vc_row_inner][vc_column_inner width=\u00bb1\/4&#8243;][\/vc_column_inner][vc_column_inner width=\u00bb1\/2&#8243;][vc_column_text","og_url":"https:\/\/www.zestarchitecture.com\/consultancy\/","og_site_name":"ZEST architecture","article_modified_time":"2020-02-10T17:46:26+00:00","og_image":[{"width":750,"height":750,"url":"https:\/\/www.zestarchitecture.com\/wp-content\/uploads\/2020\/02\/logo-zest.png","type":"image\/png"}],"twitter_card":"summary_large_image","twitter_misc":{"Tiempo de lectura":"5 minutos"},"schema":{"@context":"https:\/\/schema.org","@graph":[{"@type":"WebPage","@id":"https:\/\/www.zestarchitecture.com\/consultancy\/","url":"https:\/\/www.zestarchitecture.com\/consultancy\/","name":"Landing Consultor\u00eda - ZEST architecture","isPartOf":{"@id":"https:\/\/www.zestarchitecture.com\/#website"},"datePublished":"2018-07-28T19:09:12+00:00","dateModified":"2020-02-10T17:46:26+00:00","breadcrumb":{"@id":"https:\/\/www.zestarchitecture.com\/consultancy\/#breadcrumb"},"inLanguage":"es","potentialAction":[{"@type":"ReadAction","target":["https:\/\/www.zestarchitecture.com\/consultancy\/"]}]},{"@type":"BreadcrumbList","@id":"https:\/\/www.zestarchitecture.com\/consultancy\/#breadcrumb","itemListElement":[{"@type":"ListItem","position":1,"name":"Portada","item":"https:\/\/www.zestarchitecture.com\/es\/"},{"@type":"ListItem","position":2,"name":"Landing Consultor\u00eda"}]},{"@type":"WebSite","@id":"https:\/\/www.zestarchitecture.com\/#website","url":"https:\/\/www.zestarchitecture.com\/","name":"ZEST architecture","description":"ZEST architecture in Barcelona offers a full range of architectural services in English, German, Dutch, Spanish, Catalan, French and Portuguese. We work with the best builders in Catalonia to realise your real estate dreams.","potentialAction":[{"@type":"SearchAction","target":{"@type":"EntryPoint","urlTemplate":"https:\/\/www.zestarchitecture.com\/?s={search_term_string}"},"query-input":{"@type":"PropertyValueSpecification","valueRequired":true,"valueName":"search_term_string"}}],"inLanguage":"es"}]}},"_links":{"self":[{"href":"https:\/\/www.zestarchitecture.com\/es\/wp-json\/wp\/v2\/pages\/4948","targetHints":{"allow":["GET"]}}],"collection":[{"href":"https:\/\/www.zestarchitecture.com\/es\/wp-json\/wp\/v2\/pages"}],"about":[{"href":"https:\/\/www.zestarchitecture.com\/es\/wp-json\/wp\/v2\/types\/page"}],"author":[{"embeddable":true,"href":"https:\/\/www.zestarchitecture.com\/es\/wp-json\/wp\/v2\/users\/1"}],"replies":[{"embeddable":true,"href":"https:\/\/www.zestarchitecture.com\/es\/wp-json\/wp\/v2\/comments?post=4948"}],"version-history":[{"count":0,"href":"https:\/\/www.zestarchitecture.com\/es\/wp-json\/wp\/v2\/pages\/4948\/revisions"}],"wp:attachment":[{"href":"https:\/\/www.zestarchitecture.com\/es\/wp-json\/wp\/v2\/media?parent=4948"}],"wp:term":[{"taxonomy":"folder","embeddable":true,"href":"https:\/\/www.zestarchitecture.com\/es\/wp-json\/wp\/v2\/folder?post=4948"}],"curies":[{"name":"wp","href":"https:\/\/api.w.org\/{rel}","templated":true}]}}