{"id":4934,"date":"2018-07-28T19:03:51","date_gmt":"2018-07-28T19:03:51","guid":{"rendered":"https:\/\/webempresabarcelona.com\/?page_id=4934"},"modified":"2025-05-20T15:47:39","modified_gmt":"2025-05-20T13:47:39","slug":"contacto","status":"publish","type":"page","link":"https:\/\/www.zestarchitecture.com\/es\/contacto\/","title":{"rendered":"Contacto"},"content":{"rendered":"<div class=\"wpb-content-wrapper\"><p>[vc_row full_width=\u00bbstretch_row_content_no_spaces\u00bb][vc_column][vc_banner_title color_style=\u00bblight\u00bb title=\u00bbCONTACTO\u00bb img=\u00bb4508&#8243; enable_overlay=\u00bbtrue\u00bb columns=\u00bb%5B%7B%7D%5D\u00bb][\/vc_banner_title][\/vc_column][\/vc_row][vc_row desctop_mt=\u00bbmargin-lg-75t\u00bb tablets_mt=\u00bbmargin-sm-50t\u00bb css=\u00bb.vc_custom_1531506325648{padding-bottom: 70px !important;}\u00bb][vc_column offset=\u00bbvc_col-lg-offset-0 vc_col-lg-6 vc_col-md-offset-0 vc_col-md-6 vc_col-sm-offset-0 vc_col-xs-12&#8243;][vc_headings title=\u00bbCu\u00e9ntanos sobre tu proyecto\u00bb]Nos encanta saber mas de tu proyecto. Ll\u00e1manos al n\u00famero de abajo, m\u00e1ndanos un email a info@zestarchitecture.com, o rellena el formulario a la derecha (te mandar\u00e1 un email de confirmaci\u00f3n; tenga en cuenta que te puede llegar al Spam).\u00a0Nuestro horario es de lunes a jueves de 9.00 a 18.00 y viernes de 9.00 a 15.00.[\/vc_headings][vc_row_inner css=\u00bb.vc_custom_1484117815051{margin-top: 30px !important;}\u00bb][vc_column_inner width=\u00bb1\/3&#8243;][vc_address title=\u00bbTEL\u00c9FONO\u00bb separator=\u00bbtrue\u00bb]<a href=\"tel:+34932186622\"> +34 932 186 622<\/a><\/p>\n<p><a href=\"https:\/\/www.zestarchitecture.com\/es\/inicio\/\">NB debido a una incidencia con nuestra centralita de tel\u00e9fono por favor contacta a trav\u00e9s de nuestro email.<\/a>[\/vc_address][\/vc_column_inner][vc_column_inner width=\u00bb1\/3&#8243;][vc_address title=\u00bbEMAIL\u00bb separator=\u00bbtrue\u00bb]<a href=\"mailto:info@zestarchitecture.com\">info@zestarchitecture.com<\/a>[\/vc_address][\/vc_column_inner][vc_column_inner width=\u00bb1\/3&#8243;][vc_address title=\u00bbDIRECCI\u00d3N\u00bb separator=\u00bbtrue\u00bb]<span style=\"font-size: 12px;\">Pla\u00e7a Dones del 36 local 14 Barcelona<\/span>[\/vc_address][\/vc_column_inner][\/vc_row_inner][vc_row_inner css=\u00bb.vc_custom_1554112357059{margin-top: 30px !important;}\u00bb][vc_column_inner][vc_address title=\u00bbCURR\u00cdCULUMS\u00bb separator=\u00bbtrue\u00bb]Si quieres hacernos llegar tu porfolio para posibles vacantes, por favor manda un correo a info@zestarchitecture.com. Los adjuntos deben ser menores a 5Mb.<\/p>\n<p>Por favor, ten en cuenta que NUNCA respondemos al env\u00edo de portfolios a no ser que seas un candidato v\u00e1lido.[\/vc_address][vc_empty_space][vc_address title=\u00bbPRENSA\u00bb separator=\u00bbtrue\u00bb]Para informaci\u00f3n e im\u00e1genes en alta resoluci\u00f3n, o invitar a Co Govers como ponente, contactar con Bianca Schaub en <a href=\"mailto:info@zestarchitecture.com\">info@zestarchitecture.com<\/a>[\/vc_address][\/vc_column_inner][\/vc_row_inner][vc_row_inner disable_element=\u00bbyes\u00bb css=\u00bb.vc_custom_1554112913920{margin-top: 30px !important;}\u00bb][vc_column_inner][vc_address title=\u00bbCURR\u00cdCULUMS\u00bb separator=\u00bbtrue\u00bb]<\/p>\n<h3>\u00a1Buscamos estudiantes en pr\u00e1cticas!<\/h3>\n<p>Si eres bueno visualizando tus ideas en 3D, eres experto en AutoCAD, est\u00e1s en tus 2 \u00faltimos a\u00f1os de carrera, y te interesa la sostenibilidad.[\/vc_address][vc_raw_html]JTNDY2VudGVyJTNFJTNDYSUyMGhyZWYlM0QlMjIlMkZmb3JtLWludGVybiUyRiUyMiUyMGNsYXNzJTNEJTIycHJhZ3VlLXNlcnZpY2VzLWxpbmslMjBhLWJ0bi0yJTIwY3JlYXRpdmUlMjBhbmltYSUyMiUyMHRhcmdldCUzRCUyMl9zZWxmJTIyJTIwc3R5bGUlM0QlMjJwYWRkaW5nLXRvcCUzQSUyMDIycHglM0IlMjBtaW4td2lkdGglM0ElMjAxNzBweCUzQiUyMG1pbi1oZWlnaHQlM0ElMjA1OXB4JTNCJTIwdGV4dC1hbGlnbiUzQSUyMGNlbnRlciUzQiUyMiUzRSUwQSUzQ3NwYW4lMjBjbGFzcyUzRCUyMmEtYnRuLWxpbmUlMjIlM0UlM0MlMkZzcGFuJTNFJTBBJTA5JTA5JTA5JTIwJTIwJTIwJTIwSU5TQ1IlQzMlOERCRVRFJTBBJTNDJTJGYSUzRSUzQyUyRmNlbnRlciUzRQ==[\/vc_raw_html][vc_empty_space][vc_address title=\u00bbPRENSA\u00bb separator=\u00bbtrue\u00bb]Para informaci\u00f3n e im\u00e1genes en alta resoluci\u00f3n, o invitar a Co Govers como ponente, contactar con Bianca Schaub en <a href=\"mailto:info@zestarchitecture.com\">info@zestarchitecture.com<\/a>[\/vc_address][\/vc_column_inner][\/vc_row_inner][\/vc_column][vc_column desctop_mt=\u00bbmargin-lg-70t\u00bb tablets_mt=\u00bbmargin-sm-30t\u00bb offset=\u00bbvc_col-md-6 vc_col-xs-12&#8243;]\n<div class=\"wpcf7 no-js\" id=\"wpcf7-f5051-o1\" lang=\"es-ES\" dir=\"ltr\" data-wpcf7-id=\"5051\">\n<div class=\"screen-reader-response\"><p role=\"status\" aria-live=\"polite\" aria-atomic=\"true\"><\/p> <ul><\/ul><\/div>\n<form action=\"\/es\/wp-json\/wp\/v2\/pages\/4934#wpcf7-f5051-o1\" method=\"post\" class=\"wpcf7-form init\" aria-label=\"Formulario de contacto\" novalidate=\"novalidate\" data-status=\"init\">\n<fieldset class=\"hidden-fields-container\"><input type=\"hidden\" name=\"_wpcf7\" value=\"5051\" \/><input type=\"hidden\" name=\"_wpcf7_version\" value=\"6.1.5\" \/><input type=\"hidden\" name=\"_wpcf7_locale\" value=\"es_ES\" \/><input type=\"hidden\" name=\"_wpcf7_unit_tag\" value=\"wpcf7-f5051-o1\" \/><input type=\"hidden\" name=\"_wpcf7_container_post\" value=\"0\" \/><input type=\"hidden\" name=\"_wpcf7_posted_data_hash\" value=\"\" \/><input type=\"hidden\" name=\"_wpcf7_recaptcha_response\" value=\"\" \/>\n<\/fieldset>\n<style>.about-form label{color: #111;}.about-form .ajax-loader{display:none!important;}.about-form input[type=\"submit\"]{margin-top: 10px; border: 1px solid #111; background: #111; color: #fff; font-weight: 400; width: 100%; width: 298px; max-width: 100%;} .about-form input[type=\"submit\"]:hover{background-color: transparent !important; color: #111;} .formw{width: 498px; max-width: 100%; margin-bottom: 15px;} hr {width: 498px; max-width: 100%;} span.wpcf7-list-item { display: block; text-align: left;}\n<\/style>\n<div class=\"about-form\" style=\"padding: 20px 20px; text-align:center;\">\n\t<p><label class=\"formw\">Nombre <span class=\"wpcf7-form-control-wrap\" data-name=\"names\"><input size=\"40\" maxlength=\"400\" class=\"wpcf7-form-control wpcf7-text wpcf7-validates-as-required\" aria-required=\"true\" aria-invalid=\"false\" placeholder=\"Mark\" value=\"\" type=\"text\" name=\"names\" \/><\/span><\/label><br \/>\n<label class=\"formw\">Email <span class=\"wpcf7-form-control-wrap\" data-name=\"email\"><input size=\"40\" maxlength=\"400\" class=\"wpcf7-form-control wpcf7-email wpcf7-validates-as-required wpcf7-text wpcf7-validates-as-email\" aria-required=\"true\" aria-invalid=\"false\" placeholder=\"info@email.com\" value=\"\" type=\"email\" name=\"email\" \/><\/span><\/label><br \/>\n<label class=\"formw\">Tel\u00e9fono <span class=\"wpcf7-form-control-wrap\" data-name=\"phone\"><input size=\"40\" maxlength=\"400\" class=\"wpcf7-form-control wpcf7-tel wpcf7-validates-as-required wpcf7-text wpcf7-validates-as-tel\" aria-required=\"true\" aria-invalid=\"false\" placeholder=\"+34 655 123 134\" value=\"\" type=\"tel\" name=\"phone\" \/><\/span><\/label><br \/>\n<label class=\"formw\">Descripci\u00f3n <span class=\"wpcf7-form-control-wrap\" data-name=\"description\"><textarea cols=\"40\" rows=\"10\" maxlength=\"2000\" class=\"wpcf7-form-control wpcf7-textarea wpcf7-validates-as-required\" aria-required=\"true\" aria-invalid=\"false\" placeholder=\"Proyecto en el Maresme\" name=\"description\"><\/textarea><\/span><\/label>\n\t<\/p>\n\t<div class=\"frm_submit\">\n\t\t<p><input class=\"wpcf7-form-control wpcf7-submit has-spinner\" type=\"submit\" value=\"Enviar\" \/>\n\t\t<\/p>\n\t<\/div>\n<\/div>\n<div class=\"legal_text\">\n\t<p>Zest Arquitectura te informa que los datos de car\u00e1cter personal que proporciones rellenando el presente formulario ser\u00e1n tratados por Zest Arquitectura Sostenible SL como responsable de esta web. La finalidad de la recogida y tratamiento de los datos personales que te solicitamos es para enviarte nuestras publicaciones, promociones de productos y\/o servicios y recursos exclusivos. Al dejar tus datos aceptas nuestra pol\u00edtica de privacidad. Te informamos que los datos que nos facilites estar\u00e1n ubicados en los servidores de Mailchimp (proveedor de servicios de marketing por correo electr\u00f3nico) a trav\u00e9s de su empresa The Rocket Science Group LLC ubicada en EEUU y acogida al EU-US Privacy Shield. Ver <a href=\"https:\/\/www.intuit.com\/privacy\/statement\/\" target=\"_blank\" nofollow>pol\u00edtica de privacidad de Mailchimp<\/a>. El hecho de que no introduzcas los datos de car\u00e1cter personal que aparecen en el formulario como obligatorios podr\u00e1 tener como consecuencia que no podamos atender tu solicitud. Podr\u00e1s ejercer tus derechos de acceso, rectificaci\u00f3n, limitaci\u00f3n y suprimir los datos en info@zestarchitecture.com, as\u00ed como el derecho a presentar una reclamaci\u00f3n ante una autoridad de control. Puedes consultar la informaci\u00f3n adicional y detallada sobre protecci\u00f3n de Datos en nuestra <a href=\"\/es\/politica-de-privacidad\/\">pol\u00edtica de privacidad<\/a>.\n\t<\/p>\n<\/div><p style=\"display: none !important;\" class=\"akismet-fields-container\" data-prefix=\"_wpcf7_ak_\"><label>&#916;<textarea name=\"_wpcf7_ak_hp_textarea\" cols=\"45\" rows=\"8\" maxlength=\"100\"><\/textarea><\/label><input type=\"hidden\" id=\"ak_js_1\" name=\"_wpcf7_ak_js\" value=\"153\"\/><script>document.getElementById( \"ak_js_1\" ).setAttribute( \"value\", ( new Date() ).getTime() );<\/script><\/p><div class=\"wpcf7-response-output\" aria-hidden=\"true\"><\/div>\n<\/form>\n<\/div>\n[\/vc_column][\/vc_row]<\/p>\n<\/div>","protected":false},"excerpt":{"rendered":"<p>[vc_row full_width=\u00bbstretch_row_content_no_spaces\u00bb][vc_column][vc_banner_title color_style=\u00bblight\u00bb title=\u00bbCONTACTO\u00bb img=\u00bb4508&#8243; enable_overlay=\u00bbtrue\u00bb columns=\u00bb%5B%7B%7D%5D\u00bb][\/vc_banner_title][\/vc_column][\/vc_row][vc_row desctop_mt=\u00bbmargin-lg-75t\u00bb tablets_mt=\u00bbmargin-sm-50t\u00bb css=\u00bb.vc_custom_1531506325648{padding-bottom: 70px !important;}\u00bb][vc_column offset=\u00bbvc_col-lg-offset-0 vc_col-lg-6 vc_col-md-offset-0 vc_col-md-6 vc_col-sm-offset-0 vc_col-xs-12&#8243;][vc_headings title=\u00bbCu\u00e9ntanos sobre<\/p>\n","protected":false},"author":1,"featured_media":0,"parent":0,"menu_order":0,"comment_status":"closed","ping_status":"closed","template":"","meta":{"footnotes":""},"folder":[],"class_list":["post-4934","page","type-page","status-publish","hentry"],"yoast_head":"<!-- This site is optimized with the Yoast SEO plugin v27.5 - https:\/\/yoast.com\/product\/yoast-seo-wordpress\/ -->\n<title>Contacto - ZEST architecture<\/title>\n<meta name=\"robots\" content=\"index, follow, max-snippet:-1, max-image-preview:large, max-video-preview:-1\" \/>\n<link rel=\"canonical\" href=\"https:\/\/www.zestarchitecture.com\/es\/contacto\/\" \/>\n<meta property=\"og:locale\" content=\"es_ES\" \/>\n<meta property=\"og:type\" content=\"article\" \/>\n<meta property=\"og:title\" content=\"Contacto - ZEST architecture\" \/>\n<meta property=\"og:description\" content=\"[vc_row full_width=\u00bbstretch_row_content_no_spaces\u00bb][vc_column][vc_banner_title color_style=\u00bblight\u00bb title=\u00bbCONTACTO\u00bb img=\u00bb4508&#8243; enable_overlay=\u00bbtrue\u00bb columns=\u00bb%5B%7B%7D%5D\u00bb][\/vc_banner_title][\/vc_column][\/vc_row][vc_row desctop_mt=\u00bbmargin-lg-75t\u00bb tablets_mt=\u00bbmargin-sm-50t\u00bb css=\u00bb.vc_custom_1531506325648{padding-bottom: 70px !important;}\u00bb][vc_column offset=\u00bbvc_col-lg-offset-0 vc_col-lg-6 vc_col-md-offset-0 vc_col-md-6 vc_col-sm-offset-0 vc_col-xs-12&#8243;][vc_headings title=\u00bbCu\u00e9ntanos sobre\" \/>\n<meta property=\"og:url\" content=\"https:\/\/www.zestarchitecture.com\/es\/contacto\/\" \/>\n<meta property=\"og:site_name\" content=\"ZEST architecture\" \/>\n<meta property=\"article:modified_time\" content=\"2025-05-20T13:47:39+00:00\" \/>\n<meta property=\"og:image\" content=\"https:\/\/www.zestarchitecture.com\/wp-content\/uploads\/2020\/02\/logo-zest.png\" \/>\n\t<meta property=\"og:image:width\" content=\"750\" \/>\n\t<meta property=\"og:image:height\" content=\"750\" \/>\n\t<meta property=\"og:image:type\" content=\"image\/png\" \/>\n<meta name=\"twitter:card\" content=\"summary_large_image\" \/>\n<meta name=\"twitter:label1\" content=\"Tiempo de lectura\" \/>\n\t<meta name=\"twitter:data1\" content=\"2 minutos\" \/>\n<script type=\"application\/ld+json\" class=\"yoast-schema-graph\">{\"@context\":\"https:\\\/\\\/schema.org\",\"@graph\":[{\"@type\":\"WebPage\",\"@id\":\"https:\\\/\\\/www.zestarchitecture.com\\\/es\\\/contacto\\\/\",\"url\":\"https:\\\/\\\/www.zestarchitecture.com\\\/es\\\/contacto\\\/\",\"name\":\"Contacto - ZEST architecture\",\"isPartOf\":{\"@id\":\"https:\\\/\\\/www.zestarchitecture.com\\\/#website\"},\"datePublished\":\"2018-07-28T19:03:51+00:00\",\"dateModified\":\"2025-05-20T13:47:39+00:00\",\"breadcrumb\":{\"@id\":\"https:\\\/\\\/www.zestarchitecture.com\\\/es\\\/contacto\\\/#breadcrumb\"},\"inLanguage\":\"es\",\"potentialAction\":[{\"@type\":\"ReadAction\",\"target\":[\"https:\\\/\\\/www.zestarchitecture.com\\\/es\\\/contacto\\\/\"]}]},{\"@type\":\"BreadcrumbList\",\"@id\":\"https:\\\/\\\/www.zestarchitecture.com\\\/es\\\/contacto\\\/#breadcrumb\",\"itemListElement\":[{\"@type\":\"ListItem\",\"position\":1,\"name\":\"Portada\",\"item\":\"https:\\\/\\\/www.zestarchitecture.com\\\/es\\\/\"},{\"@type\":\"ListItem\",\"position\":2,\"name\":\"Contacto\"}]},{\"@type\":\"WebSite\",\"@id\":\"https:\\\/\\\/www.zestarchitecture.com\\\/#website\",\"url\":\"https:\\\/\\\/www.zestarchitecture.com\\\/\",\"name\":\"ZEST architecture\",\"description\":\"ZEST architecture in Barcelona offers a full range of architectural services in English, German, Dutch, Spanish, Catalan, French and Portuguese. We work with the best builders in Catalonia to realise your real estate dreams.\",\"potentialAction\":[{\"@type\":\"SearchAction\",\"target\":{\"@type\":\"EntryPoint\",\"urlTemplate\":\"https:\\\/\\\/www.zestarchitecture.com\\\/?s={search_term_string}\"},\"query-input\":{\"@type\":\"PropertyValueSpecification\",\"valueRequired\":true,\"valueName\":\"search_term_string\"}}],\"inLanguage\":\"es\"}]}<\/script>\n<!-- \/ Yoast SEO plugin. -->","yoast_head_json":{"title":"Contacto - ZEST architecture","robots":{"index":"index","follow":"follow","max-snippet":"max-snippet:-1","max-image-preview":"max-image-preview:large","max-video-preview":"max-video-preview:-1"},"canonical":"https:\/\/www.zestarchitecture.com\/es\/contacto\/","og_locale":"es_ES","og_type":"article","og_title":"Contacto - ZEST architecture","og_description":"[vc_row full_width=\u00bbstretch_row_content_no_spaces\u00bb][vc_column][vc_banner_title color_style=\u00bblight\u00bb title=\u00bbCONTACTO\u00bb img=\u00bb4508&#8243; enable_overlay=\u00bbtrue\u00bb columns=\u00bb%5B%7B%7D%5D\u00bb][\/vc_banner_title][\/vc_column][\/vc_row][vc_row desctop_mt=\u00bbmargin-lg-75t\u00bb tablets_mt=\u00bbmargin-sm-50t\u00bb css=\u00bb.vc_custom_1531506325648{padding-bottom: 70px !important;}\u00bb][vc_column offset=\u00bbvc_col-lg-offset-0 vc_col-lg-6 vc_col-md-offset-0 vc_col-md-6 vc_col-sm-offset-0 vc_col-xs-12&#8243;][vc_headings title=\u00bbCu\u00e9ntanos sobre","og_url":"https:\/\/www.zestarchitecture.com\/es\/contacto\/","og_site_name":"ZEST architecture","article_modified_time":"2025-05-20T13:47:39+00:00","og_image":[{"width":750,"height":750,"url":"https:\/\/www.zestarchitecture.com\/wp-content\/uploads\/2020\/02\/logo-zest.png","type":"image\/png"}],"twitter_card":"summary_large_image","twitter_misc":{"Tiempo de lectura":"2 minutos"},"schema":{"@context":"https:\/\/schema.org","@graph":[{"@type":"WebPage","@id":"https:\/\/www.zestarchitecture.com\/es\/contacto\/","url":"https:\/\/www.zestarchitecture.com\/es\/contacto\/","name":"Contacto - ZEST architecture","isPartOf":{"@id":"https:\/\/www.zestarchitecture.com\/#website"},"datePublished":"2018-07-28T19:03:51+00:00","dateModified":"2025-05-20T13:47:39+00:00","breadcrumb":{"@id":"https:\/\/www.zestarchitecture.com\/es\/contacto\/#breadcrumb"},"inLanguage":"es","potentialAction":[{"@type":"ReadAction","target":["https:\/\/www.zestarchitecture.com\/es\/contacto\/"]}]},{"@type":"BreadcrumbList","@id":"https:\/\/www.zestarchitecture.com\/es\/contacto\/#breadcrumb","itemListElement":[{"@type":"ListItem","position":1,"name":"Portada","item":"https:\/\/www.zestarchitecture.com\/es\/"},{"@type":"ListItem","position":2,"name":"Contacto"}]},{"@type":"WebSite","@id":"https:\/\/www.zestarchitecture.com\/#website","url":"https:\/\/www.zestarchitecture.com\/","name":"ZEST architecture","description":"ZEST architecture in Barcelona offers a full range of architectural services in English, German, Dutch, Spanish, Catalan, French and Portuguese. We work with the best builders in Catalonia to realise your real estate dreams.","potentialAction":[{"@type":"SearchAction","target":{"@type":"EntryPoint","urlTemplate":"https:\/\/www.zestarchitecture.com\/?s={search_term_string}"},"query-input":{"@type":"PropertyValueSpecification","valueRequired":true,"valueName":"search_term_string"}}],"inLanguage":"es"}]}},"_links":{"self":[{"href":"https:\/\/www.zestarchitecture.com\/es\/wp-json\/wp\/v2\/pages\/4934","targetHints":{"allow":["GET"]}}],"collection":[{"href":"https:\/\/www.zestarchitecture.com\/es\/wp-json\/wp\/v2\/pages"}],"about":[{"href":"https:\/\/www.zestarchitecture.com\/es\/wp-json\/wp\/v2\/types\/page"}],"author":[{"embeddable":true,"href":"https:\/\/www.zestarchitecture.com\/es\/wp-json\/wp\/v2\/users\/1"}],"replies":[{"embeddable":true,"href":"https:\/\/www.zestarchitecture.com\/es\/wp-json\/wp\/v2\/comments?post=4934"}],"version-history":[{"count":8,"href":"https:\/\/www.zestarchitecture.com\/es\/wp-json\/wp\/v2\/pages\/4934\/revisions"}],"predecessor-version":[{"id":12334,"href":"https:\/\/www.zestarchitecture.com\/es\/wp-json\/wp\/v2\/pages\/4934\/revisions\/12334"}],"wp:attachment":[{"href":"https:\/\/www.zestarchitecture.com\/es\/wp-json\/wp\/v2\/media?parent=4934"}],"wp:term":[{"taxonomy":"folder","embeddable":true,"href":"https:\/\/www.zestarchitecture.com\/es\/wp-json\/wp\/v2\/folder?post=4934"}],"curies":[{"name":"wp","href":"https:\/\/api.w.org\/{rel}","templated":true}]}}