{"id":4932,"date":"2018-07-28T19:02:20","date_gmt":"2018-07-28T19:02:20","guid":{"rendered":"https:\/\/webempresabarcelona.com\/?page_id=4932"},"modified":"2023-12-07T19:53:04","modified_gmt":"2023-12-07T19:53:04","slug":"blog","status":"publish","type":"page","link":"https:\/\/www.zestarchitecture.com\/es\/blog\/","title":{"rendered":"Blog"},"content":{"rendered":"<div class=\"wpb-content-wrapper\"><p>[vc_row][vc_column][vc_empty_space height=\u00bb75px\u00bb][\/vc_column][\/vc_row][vc_row][vc_column]<!-- hor_filter id=\"hor_blog\" v=\"1.1.17\" --><div class='filterbuttons filter' id='filter_hor_blog' data-block='hor_blog'><ul><li><a class='button current' data-action='reset'>Todos los Blogs<\/a><\/li><li><a class='button ' data-action='filter' data-filter='242' id='filter_242'>C\u00f3mo se Hace<\/a><\/li><li><a class='button ' data-action='filter' data-filter='248' id='filter_248'>En Construcci\u00f3n<\/a><\/li><li><a class='button ' data-action='filter' data-filter='240' id='filter_240'>FAQ<\/a><\/li><li><a class='button ' data-action='filter' data-filter='244' id='filter_244'>Noticias<\/a><\/li><li><a class='button ' data-action='filter' data-filter='246' id='filter_246'>Sostenibilidad<\/a><\/li><li><a class='button ' data-action='filter' data-filter='238' id='filter_238'>T\u00e9cnicas de Construcci\u00f3n<\/a><\/li><\/ul><\/div>[\/vc_column][\/vc_row][vc_row][vc_column]<!-- hor_blocks id=\"hor_blog\" v=\"1.1.17\" layout=\"blog_custom\" -->                <div id='blocks_hor_blog' class='blocks post_post'>\r\n                    <ul data-pages=\"6\" data-pagesize=\"12\" data-pagelimit=\"-1\" data-ajaxdata=\"{&quot;id&quot;:&quot;hor_blog&quot;,&quot;action&quot;:&quot;hor_get_blocks&quot;,&quot;load_from&quot;:&quot;post&quot;,&quot;backgroundimage&quot;:&quot;6988&quot;,&quot;backgroundimagesize&quot;:&quot;medium&quot;,&quot;orderby&quot;:&quot;date&quot;,&quot;pagesize&quot;:12,&quot;headertag&quot;:&quot;div&quot;,&quot;order&quot;:&quot;DESC&quot;,&quot;layout&quot;:&quot;blog_custom&quot;,&quot;lang&quot;:&quot;es&quot;,&quot;excerptlength&quot;:25}\" data-load_method=\"button\" >    <li class=\"blog-list\" data-cat=\"397,244,93,393,394,396,395,383,384,246,385,386,387,34\">\n        <div id=\"post-12338\">\n            <a href=\"https:\/\/www.zestarchitecture.com\/es\/zest-architecture-gana-el-segundo-premio-en-la-10a-edicion-de-los-premios-de-construccion-sostenible\/\">\n                <div class=\"post-image\" style=\"background-image:url(https:\/\/www.zestarchitecture.com\/wp-content\/uploads\/2025\/05\/IMG_0044-300x217.jpg);\">&nbsp;<\/div>\n            <\/a>\n            <div class=\"post-entry\">\n                <div class=\"post-meta\">20 May 2025<\/div>\n                <div class=\"block-title\"><a href=\"https:\/\/www.zestarchitecture.com\/es\/zest-architecture-gana-el-segundo-premio-en-la-10a-edicion-de-los-premios-de-construccion-sostenible\/\">Zest Architecture gana el segundo premio en la 10\u00aa edici\u00f3n de los Premios de Construcci\u00f3n Sostenible<\/a><\/div>\n                <div class=\"post-excerpt\">El pasado 9 de mayo de 2025 se celebr\u00f3 en Valladolid la ceremonia de entrega de galardones de la 10\u00aa edici\u00f3n de los Premios de..<\/div>\n                <div class=\"blogreadmore extra\"><a class=\"button\" href=\"https:\/\/www.zestarchitecture.com\/es\/zest-architecture-gana-el-segundo-premio-en-la-10a-edicion-de-los-premios-de-construccion-sostenible\/\">Read More<span class=\"arrow-right\"><\/span><\/a><\/div>\n            <\/div>\n        <\/div>\n    <\/li>    <li class=\"blog-list\" data-cat=\"240,262,93,236,238,34\">\n        <div id=\"post-9951\">\n            <a href=\"https:\/\/www.zestarchitecture.com\/es\/la-iluminacion-de-los-edificios\/\">\n                <div class=\"post-image\" style=\"background-image:url(https:\/\/www.zestarchitecture.com\/wp-content\/uploads\/2023\/11\/how-to-light-your-building-correctly-zest-architecture-300x122.jpg);\">&nbsp;<\/div>\n            <\/a>\n            <div class=\"post-entry\">\n                <div class=\"post-meta\">04 Feb 2025<\/div>\n                <div class=\"block-title\"><a href=\"https:\/\/www.zestarchitecture.com\/es\/la-iluminacion-de-los-edificios\/\">Por qu\u00e9 necesitamos entender la iluminaci\u00f3n de los edificios<\/a><\/div>\n                <div class=\"post-excerpt\">Lo m\u00e1s gracioso sobre la iluminaci\u00f3n de los edificios, es que no la notas hasta que es insuficiente. Entonces aparece la pregunta: \u00bfPor qu\u00e9 no..<\/div>\n                <div class=\"blogreadmore extra\"><a class=\"button\" href=\"https:\/\/www.zestarchitecture.com\/es\/la-iluminacion-de-los-edificios\/\">Read More<span class=\"arrow-right\"><\/span><\/a><\/div>\n            <\/div>\n        <\/div>\n    <\/li>    <li class=\"blog-list\" data-cat=\"353,215,216,382,366,381,217,121,380,218,244,93,354,219,246,34\">\n        <div id=\"post-11981\">\n            <a href=\"https:\/\/www.zestarchitecture.com\/es\/estudios-de-arquitectura-sostenible-2024-2025\/\">\n                <div class=\"post-image\" style=\"background-image:url(https:\/\/www.zestarchitecture.com\/wp-content\/uploads\/2025\/01\/cic-estudios-de-arquitectura-sostenible-2024-2025-300x121.jpg);\">&nbsp;<\/div>\n            <\/a>\n            <div class=\"post-entry\">\n                <div class=\"post-meta\">20 Ene 2025<\/div>\n                <div class=\"block-title\"><a href=\"https:\/\/www.zestarchitecture.com\/es\/estudios-de-arquitectura-sostenible-2024-2025\/\">Estudios de Arquitectura Sostenible 2024-2025<\/a><\/div>\n                <div class=\"post-excerpt\">La revista CIC presenta a ZEST Architecture en una selecci\u00f3n de estudios de Arquitectura Sostenible en Espa\u00f1a\r\nZEST Architecture figura como uno de los mejores estudios..<\/div>\n                <div class=\"blogreadmore extra\"><a class=\"button\" href=\"https:\/\/www.zestarchitecture.com\/es\/estudios-de-arquitectura-sostenible-2024-2025\/\">Read More<span class=\"arrow-right\"><\/span><\/a><\/div>\n            <\/div>\n        <\/div>\n    <\/li>    <li class=\"blog-list\" data-cat=\"397,244,93,393,394,396,395,383,384,246,385,386,387,34\">\n        <div id=\"post-12007\">\n            <a href=\"https:\/\/www.zestarchitecture.com\/es\/finalista-en-los-premios-de-construccion-sostenible-2023-2024\/\">\n                <div class=\"post-image\" style=\"background-image:url(https:\/\/www.zestarchitecture.com\/wp-content\/uploads\/2025\/01\/premios-construccion-sostenible-de-castilla-y-leon-300x149.jpg);\">&nbsp;<\/div>\n            <\/a>\n            <div class=\"post-entry\">\n                <div class=\"post-meta\">14 Ene 2025<\/div>\n                <div class=\"block-title\"><a href=\"https:\/\/www.zestarchitecture.com\/es\/finalista-en-los-premios-de-construccion-sostenible-2023-2024\/\">Finalista en los Premios de Construcci\u00f3n Sostenible 2023-2024<\/a><\/div>\n                <div class=\"post-excerpt\">ZEST Architecture es finalista en la 10\u00aa Edici\u00f3n de los Premios de Construcci\u00f3n Sostenible de Castilla y Le\u00f3n 2023-2024\r\nZEST Architecture es uno de los finalistas..<\/div>\n                <div class=\"blogreadmore extra\"><a class=\"button\" href=\"https:\/\/www.zestarchitecture.com\/es\/finalista-en-los-premios-de-construccion-sostenible-2023-2024\/\">Read More<span class=\"arrow-right\"><\/span><\/a><\/div>\n            <\/div>\n        <\/div>\n    <\/li>    <li class=\"blog-list\" data-cat=\"117,364,119,370,121,240,122,93,373,375,236,369,372,374,34,124,368,371\">\n        <div id=\"post-10493\">\n            <a href=\"https:\/\/www.zestarchitecture.com\/es\/terminologia-sobre-licencia-y-construccion-en-espana\/\">\n                <div class=\"post-image\" style=\"background-image:url(https:\/\/www.zestarchitecture.com\/wp-content\/uploads\/2023\/11\/architecture-terminology-spain-300x221.jpg);\">&nbsp;<\/div>\n            <\/a>\n            <div class=\"post-entry\">\n                <div class=\"post-meta\">09 Ene 2025<\/div>\n                <div class=\"block-title\"><a href=\"https:\/\/www.zestarchitecture.com\/es\/terminologia-sobre-licencia-y-construccion-en-espana\/\">Terminolog\u00eda sobre licencia y construcci\u00f3n en Espa\u00f1a<\/a><\/div>\n                <div class=\"post-excerpt\">En este art\u00edculo vamos a explicar la principal terminolog\u00eda sobre los procesos de licencia y construcci\u00f3n en Espa\u00f1a. Comprender c\u00f3mo se tramita una licencia en..<\/div>\n                <div class=\"blogreadmore extra\"><a class=\"button\" href=\"https:\/\/www.zestarchitecture.com\/es\/terminologia-sobre-licencia-y-construccion-en-espana\/\">Read More<span class=\"arrow-right\"><\/span><\/a><\/div>\n            <\/div>\n        <\/div>\n    <\/li>    <li class=\"blog-list\" data-cat=\"341,337,339,340,342,343,242,336,248,240,244,93,344,338,331,332,236,246,333,238,334,34,335\">\n        <div id=\"post-11901\">\n            <a href=\"https:\/\/www.zestarchitecture.com\/es\/construccion-de-una-casa-pasiva-prefabricada-de-madera\/\">\n                <div class=\"post-image\" style=\"background-image:url(https:\/\/www.zestarchitecture.com\/wp-content\/uploads\/2025\/01\/prefabricated-timber-passive-house-construction-300x106.jpg);\">&nbsp;<\/div>\n            <\/a>\n            <div class=\"post-entry\">\n                <div class=\"post-meta\">08 Ene 2025<\/div>\n                <div class=\"block-title\"><a href=\"https:\/\/www.zestarchitecture.com\/es\/construccion-de-una-casa-pasiva-prefabricada-de-madera\/\">Construcci\u00f3n de una Casa Pasiva prefabricada de madera<\/a><\/div>\n                <div class=\"post-excerpt\">En este art\u00edculo analizamos la construcci\u00f3n de una Casa Pasiva prefabricada de madera en la comarca del Maresme. Esta Casa Pasiva unifamiliar se encuentra en..<\/div>\n                <div class=\"blogreadmore extra\"><a class=\"button\" href=\"https:\/\/www.zestarchitecture.com\/es\/construccion-de-una-casa-pasiva-prefabricada-de-madera\/\">Read More<span class=\"arrow-right\"><\/span><\/a><\/div>\n            <\/div>\n        <\/div>\n    <\/li>    <li class=\"blog-list\" data-cat=\"312,313,240,93,314,315,316,317,318,34\">\n        <div id=\"post-9834\">\n            <a href=\"https:\/\/www.zestarchitecture.com\/es\/renders-versus-construccion-real\/\">\n                <div class=\"post-image\" style=\"background-image:url(https:\/\/www.zestarchitecture.com\/wp-content\/uploads\/2023\/11\/sustainable-house-design-alella-spain-300x72.jpg);\">&nbsp;<\/div>\n            <\/a>\n            <div class=\"post-entry\">\n                <div class=\"post-meta\">13 Mar 2024<\/div>\n                <div class=\"block-title\"><a href=\"https:\/\/www.zestarchitecture.com\/es\/renders-versus-construccion-real\/\">Renders versus construcci\u00f3n real<\/a><\/div>\n                <div class=\"post-excerpt\">ZEST Architecture, como otros buenos estudios de arquitectura, ofrece renders para ayudar a sus clientes a ver c\u00f3mo se ver\u00e1 el edificio. La pregunta de..<\/div>\n                <div class=\"blogreadmore extra\"><a class=\"button\" href=\"https:\/\/www.zestarchitecture.com\/es\/renders-versus-construccion-real\/\">Read More<span class=\"arrow-right\"><\/span><\/a><\/div>\n            <\/div>\n        <\/div>\n    <\/li>    <li class=\"blog-list\" data-cat=\"261,242,240,93,236,34\">\n        <div id=\"post-9989\">\n            <a href=\"https:\/\/www.zestarchitecture.com\/es\/como-construir-una-casa\/\">\n                <div class=\"post-image\" style=\"background-image:url(https:\/\/www.zestarchitecture.com\/wp-content\/uploads\/2023\/11\/getting-a-building-licence-in-spain-and-portugal-300x139.jpg);\">&nbsp;<\/div>\n            <\/a>\n            <div class=\"post-entry\">\n                <div class=\"post-meta\">13 Mar 2024<\/div>\n                <div class=\"block-title\"><a href=\"https:\/\/www.zestarchitecture.com\/es\/como-construir-una-casa\/\">C\u00f3mo construir una casa \u2013 las 8 fases<\/a><\/div>\n                <div class=\"post-excerpt\">Para saber c\u00f3mo construir una casa hay que conocer una serie de etapas. \u00c9stas son fundamentales para obtener una casa bien dise\u00f1ada y correctamente construida\r\nEtapa..<\/div>\n                <div class=\"blogreadmore extra\"><a class=\"button\" href=\"https:\/\/www.zestarchitecture.com\/es\/como-construir-una-casa\/\">Read More<span class=\"arrow-right\"><\/span><\/a><\/div>\n            <\/div>\n        <\/div>\n    <\/li>    <li class=\"blog-list\" data-cat=\"297,240,298,93,299,300,238,301,34,302,303,304\">\n        <div id=\"post-9903\">\n            <a href=\"https:\/\/www.zestarchitecture.com\/es\/construir-en-pendiente\/\">\n                <div class=\"post-image\" style=\"background-image:url(https:\/\/www.zestarchitecture.com\/wp-content\/uploads\/2023\/11\/examples-of-steep-sites-with-a-view-in-spain-300x112.jpg);\">&nbsp;<\/div>\n            <\/a>\n            <div class=\"post-entry\">\n                <div class=\"post-meta\">13 Mar 2024<\/div>\n                <div class=\"block-title\"><a href=\"https:\/\/www.zestarchitecture.com\/es\/construir-en-pendiente\/\">Ventajas y desventajas de construir en un terreno con pendiente<\/a><\/div>\n                <div class=\"post-excerpt\">Ventajas de Construir en pendiente\r\nLos terrenos con pendiente pueden ser atractivos y tentadores. Construir en pendiente puede tener la ventaja de unas bonitas vistas, la..<\/div>\n                <div class=\"blogreadmore extra\"><a class=\"button\" href=\"https:\/\/www.zestarchitecture.com\/es\/construir-en-pendiente\/\">Read More<span class=\"arrow-right\"><\/span><\/a><\/div>\n            <\/div>\n        <\/div>\n    <\/li>    <li class=\"blog-list\" data-cat=\"215,216,217,121,218,244,93,219,34\">\n        <div id=\"post-10174\">\n            <a href=\"https:\/\/www.zestarchitecture.com\/es\/ganador-premio-rethinking-the-future\/\">\n                <div class=\"post-image\" style=\"background-image:url(https:\/\/www.zestarchitecture.com\/wp-content\/uploads\/2023\/11\/Winners-Logo-Global-Architecture-Design-Awards-2023-300x300.png);\">&nbsp;<\/div>\n            <\/a>\n            <div class=\"post-entry\">\n                <div class=\"post-meta\">30 Nov 2023<\/div>\n                <div class=\"block-title\"><a href=\"https:\/\/www.zestarchitecture.com\/es\/ganador-premio-rethinking-the-future\/\">GANADOR: Premio Rethinking the Future - Global Design & Architecture Design 2023<\/a><\/div>\n                <div class=\"post-excerpt\">ZEST Architecture es el GANADOR del Premio Rethinking the Future. Nuestra Casa Tapial ha Ganado el PRIMER PREMIO en los Premios Global Design &amp; Architecture..<\/div>\n                <div class=\"blogreadmore extra\"><a class=\"button\" href=\"https:\/\/www.zestarchitecture.com\/es\/ganador-premio-rethinking-the-future\/\">Read More<span class=\"arrow-right\"><\/span><\/a><\/div>\n            <\/div>\n        <\/div>\n    <\/li>    <li class=\"blog-list\" data-cat=\"265,263,240,244,93,246,264,34\">\n        <div id=\"post-10108\">\n            <a href=\"https:\/\/www.zestarchitecture.com\/es\/descarbonizacion-en-los-edificios\/\">\n                <div class=\"post-image\" style=\"background-image:url(https:\/\/www.zestarchitecture.com\/wp-content\/uploads\/2023\/11\/jornada_descarbonitzant_larquitectura-noticia_cover-300x150.jpeg);\">&nbsp;<\/div>\n            <\/a>\n            <div class=\"post-entry\">\n                <div class=\"post-meta\">27 Nov 2023<\/div>\n                <div class=\"block-title\"><a href=\"https:\/\/www.zestarchitecture.com\/es\/descarbonizacion-en-los-edificios\/\">La Descarbonizaci\u00f3n en los Edificios<\/a><\/div>\n                <div class=\"post-excerpt\">Para entender qu\u00e9 es la descarbonizaci\u00f3n en los edificios hay que explicar por qu\u00e9 surge el concepto.\r\n\r\nEl cambio clim\u00e1tico es ya una realidad.\r\n\r\nEn este context..<\/div>\n                <div class=\"blogreadmore extra\"><a class=\"button\" href=\"https:\/\/www.zestarchitecture.com\/es\/descarbonizacion-en-los-edificios\/\">Read More<span class=\"arrow-right\"><\/span><\/a><\/div>\n            <\/div>\n        <\/div>\n    <\/li>    <li class=\"blog-list\" data-cat=\"242,107,102,105,101,93,103,106,108,104,246,100,238,34\">\n        <div id=\"post-9870\">\n            <a href=\"https:\/\/www.zestarchitecture.com\/es\/el-uso-de-prefabricados-en-nuestros-edificios\/\">\n                <div class=\"post-image\" style=\"background-image:url(https:\/\/www.zestarchitecture.com\/wp-content\/uploads\/2023\/11\/prefab-timber-frame-and-concrete-fabricated-off-site-in-factories-300x87.jpg);\">&nbsp;<\/div>\n            <\/a>\n            <div class=\"post-entry\">\n                <div class=\"post-meta\">08 Nov 2023<\/div>\n                <div class=\"block-title\"><a href=\"https:\/\/www.zestarchitecture.com\/es\/el-uso-de-prefabricados-en-nuestros-edificios\/\">El uso de prefabricados en nuestros edificios<\/a><\/div>\n                <div class=\"post-excerpt\">Para entender las ventajas del uso de prefabricados, previamente\u00a0 hemos invertido mucho tiempo en la investigaci\u00f3n. Investigamos tanto nuevos materiales como los ya conocidos y..<\/div>\n                <div class=\"blogreadmore extra\"><a class=\"button\" href=\"https:\/\/www.zestarchitecture.com\/es\/el-uso-de-prefabricados-en-nuestros-edificios\/\">Read More<span class=\"arrow-right\"><\/span><\/a><\/div>\n            <\/div>\n        <\/div>\n    <\/li><\/ul>\r\n                    <div class=\"loadMore\"><a class=\"loadMoreButton button\">Carga m\u00e1s<\/a><\/div>\r\n                    <div class=\"LoadingIndication\"><i class=\"fa fa-cog fa-spin fa-3x fa-fw\"><\/i><\/div>\r\n                    <div class=\"scroller\"><\/div>\r\n                <\/div>[\/vc_column][\/vc_row][vc_row][vc_column][vc_empty_space height=\u00bb75px\u00bb][\/vc_column][\/vc_row]<\/p>\n<\/div>","protected":false},"excerpt":{"rendered":"<p>[vc_row][vc_column][vc_empty_space height=\u00bb75px\u00bb][\/vc_column][\/vc_row][vc_row][vc_column][\/vc_column][\/vc_row][vc_row][vc_column][\/vc_column][\/vc_row][vc_row][vc_column][vc_empty_space height=\u00bb75px\u00bb][\/vc_column][\/vc_row]<\/p>\n","protected":false},"author":1,"featured_media":0,"parent":0,"menu_order":0,"comment_status":"closed","ping_status":"closed","template":"","meta":{"footnotes":""},"folder":[],"class_list":["post-4932","page","type-page","status-publish","hentry"],"yoast_head":"<!-- This site is optimized with the Yoast SEO plugin v27.5 - https:\/\/yoast.com\/product\/yoast-seo-wordpress\/ -->\n<title>Blog - ZEST architecture<\/title>\n<meta name=\"robots\" content=\"index, follow, max-snippet:-1, max-image-preview:large, max-video-preview:-1\" \/>\n<link rel=\"canonical\" href=\"https:\/\/www.zestarchitecture.com\/blog\/\" \/>\n<meta property=\"og:locale\" content=\"es_ES\" \/>\n<meta property=\"og:type\" content=\"article\" \/>\n<meta property=\"og:title\" content=\"Blog - ZEST architecture\" \/>\n<meta property=\"og:description\" content=\"[vc_row][vc_column][vc_empty_space height=\u00bb75px\u00bb][\/vc_column][\/vc_row][vc_row][vc_column][\/vc_column][\/vc_row][vc_row][vc_column][\/vc_column][\/vc_row][vc_row][vc_column][vc_empty_space height=\u00bb75px\u00bb][\/vc_column][\/vc_row]\" \/>\n<meta property=\"og:url\" content=\"https:\/\/www.zestarchitecture.com\/blog\/\" \/>\n<meta property=\"og:site_name\" content=\"ZEST architecture\" \/>\n<meta property=\"article:modified_time\" content=\"2023-12-07T19:53:04+00:00\" \/>\n<meta property=\"og:image\" content=\"https:\/\/www.zestarchitecture.com\/wp-content\/uploads\/2020\/02\/logo-zest.png\" \/>\n\t<meta property=\"og:image:width\" content=\"750\" \/>\n\t<meta property=\"og:image:height\" content=\"750\" \/>\n\t<meta property=\"og:image:type\" content=\"image\/png\" \/>\n<meta name=\"twitter:card\" content=\"summary_large_image\" \/>\n<meta name=\"twitter:label1\" content=\"Tiempo de lectura\" \/>\n\t<meta name=\"twitter:data1\" content=\"1 minuto\" \/>\n<script type=\"application\/ld+json\" class=\"yoast-schema-graph\">{\"@context\":\"https:\\\/\\\/schema.org\",\"@graph\":[{\"@type\":\"WebPage\",\"@id\":\"https:\\\/\\\/www.zestarchitecture.com\\\/blog\\\/\",\"url\":\"https:\\\/\\\/www.zestarchitecture.com\\\/blog\\\/\",\"name\":\"Blog - ZEST architecture\",\"isPartOf\":{\"@id\":\"https:\\\/\\\/www.zestarchitecture.com\\\/#website\"},\"datePublished\":\"2018-07-28T19:02:20+00:00\",\"dateModified\":\"2023-12-07T19:53:04+00:00\",\"breadcrumb\":{\"@id\":\"https:\\\/\\\/www.zestarchitecture.com\\\/blog\\\/#breadcrumb\"},\"inLanguage\":\"es\",\"potentialAction\":[{\"@type\":\"ReadAction\",\"target\":[\"https:\\\/\\\/www.zestarchitecture.com\\\/blog\\\/\"]}]},{\"@type\":\"BreadcrumbList\",\"@id\":\"https:\\\/\\\/www.zestarchitecture.com\\\/blog\\\/#breadcrumb\",\"itemListElement\":[{\"@type\":\"ListItem\",\"position\":1,\"name\":\"Portada\",\"item\":\"https:\\\/\\\/www.zestarchitecture.com\\\/es\\\/\"},{\"@type\":\"ListItem\",\"position\":2,\"name\":\"Blog\"}]},{\"@type\":\"WebSite\",\"@id\":\"https:\\\/\\\/www.zestarchitecture.com\\\/#website\",\"url\":\"https:\\\/\\\/www.zestarchitecture.com\\\/\",\"name\":\"ZEST architecture\",\"description\":\"ZEST architecture in Barcelona offers a full range of architectural services in English, German, Dutch, Spanish, Catalan, French and Portuguese. We work with the best builders in Catalonia to realise your real estate dreams.\",\"potentialAction\":[{\"@type\":\"SearchAction\",\"target\":{\"@type\":\"EntryPoint\",\"urlTemplate\":\"https:\\\/\\\/www.zestarchitecture.com\\\/?s={search_term_string}\"},\"query-input\":{\"@type\":\"PropertyValueSpecification\",\"valueRequired\":true,\"valueName\":\"search_term_string\"}}],\"inLanguage\":\"es\"}]}<\/script>\n<!-- \/ Yoast SEO plugin. -->","yoast_head_json":{"title":"Blog - ZEST architecture","robots":{"index":"index","follow":"follow","max-snippet":"max-snippet:-1","max-image-preview":"max-image-preview:large","max-video-preview":"max-video-preview:-1"},"canonical":"https:\/\/www.zestarchitecture.com\/blog\/","og_locale":"es_ES","og_type":"article","og_title":"Blog - ZEST architecture","og_description":"[vc_row][vc_column][vc_empty_space height=\u00bb75px\u00bb][\/vc_column][\/vc_row][vc_row][vc_column][\/vc_column][\/vc_row][vc_row][vc_column][\/vc_column][\/vc_row][vc_row][vc_column][vc_empty_space height=\u00bb75px\u00bb][\/vc_column][\/vc_row]","og_url":"https:\/\/www.zestarchitecture.com\/blog\/","og_site_name":"ZEST architecture","article_modified_time":"2023-12-07T19:53:04+00:00","og_image":[{"width":750,"height":750,"url":"https:\/\/www.zestarchitecture.com\/wp-content\/uploads\/2020\/02\/logo-zest.png","type":"image\/png"}],"twitter_card":"summary_large_image","twitter_misc":{"Tiempo de lectura":"1 minuto"},"schema":{"@context":"https:\/\/schema.org","@graph":[{"@type":"WebPage","@id":"https:\/\/www.zestarchitecture.com\/blog\/","url":"https:\/\/www.zestarchitecture.com\/blog\/","name":"Blog - ZEST architecture","isPartOf":{"@id":"https:\/\/www.zestarchitecture.com\/#website"},"datePublished":"2018-07-28T19:02:20+00:00","dateModified":"2023-12-07T19:53:04+00:00","breadcrumb":{"@id":"https:\/\/www.zestarchitecture.com\/blog\/#breadcrumb"},"inLanguage":"es","potentialAction":[{"@type":"ReadAction","target":["https:\/\/www.zestarchitecture.com\/blog\/"]}]},{"@type":"BreadcrumbList","@id":"https:\/\/www.zestarchitecture.com\/blog\/#breadcrumb","itemListElement":[{"@type":"ListItem","position":1,"name":"Portada","item":"https:\/\/www.zestarchitecture.com\/es\/"},{"@type":"ListItem","position":2,"name":"Blog"}]},{"@type":"WebSite","@id":"https:\/\/www.zestarchitecture.com\/#website","url":"https:\/\/www.zestarchitecture.com\/","name":"ZEST architecture","description":"ZEST architecture in Barcelona offers a full range of architectural services in English, German, Dutch, Spanish, Catalan, French and Portuguese. We work with the best builders in Catalonia to realise your real estate dreams.","potentialAction":[{"@type":"SearchAction","target":{"@type":"EntryPoint","urlTemplate":"https:\/\/www.zestarchitecture.com\/?s={search_term_string}"},"query-input":{"@type":"PropertyValueSpecification","valueRequired":true,"valueName":"search_term_string"}}],"inLanguage":"es"}]}},"_links":{"self":[{"href":"https:\/\/www.zestarchitecture.com\/es\/wp-json\/wp\/v2\/pages\/4932","targetHints":{"allow":["GET"]}}],"collection":[{"href":"https:\/\/www.zestarchitecture.com\/es\/wp-json\/wp\/v2\/pages"}],"about":[{"href":"https:\/\/www.zestarchitecture.com\/es\/wp-json\/wp\/v2\/types\/page"}],"author":[{"embeddable":true,"href":"https:\/\/www.zestarchitecture.com\/es\/wp-json\/wp\/v2\/users\/1"}],"replies":[{"embeddable":true,"href":"https:\/\/www.zestarchitecture.com\/es\/wp-json\/wp\/v2\/comments?post=4932"}],"version-history":[{"count":11,"href":"https:\/\/www.zestarchitecture.com\/es\/wp-json\/wp\/v2\/pages\/4932\/revisions"}],"predecessor-version":[{"id":10428,"href":"https:\/\/www.zestarchitecture.com\/es\/wp-json\/wp\/v2\/pages\/4932\/revisions\/10428"}],"wp:attachment":[{"href":"https:\/\/www.zestarchitecture.com\/es\/wp-json\/wp\/v2\/media?parent=4932"}],"wp:term":[{"taxonomy":"folder","embeddable":true,"href":"https:\/\/www.zestarchitecture.com\/es\/wp-json\/wp\/v2\/folder?post=4932"}],"curies":[{"name":"wp","href":"https:\/\/api.w.org\/{rel}","templated":true}]}}