{"id":4927,"date":"2018-07-28T19:00:06","date_gmt":"2018-07-28T19:00:06","guid":{"rendered":"https:\/\/webempresabarcelona.com\/?page_id=4927"},"modified":"2020-11-17T11:26:46","modified_gmt":"2020-11-17T11:26:46","slug":"sobre-zest","status":"publish","type":"page","link":"https:\/\/www.zestarchitecture.com\/es\/sobre-zest\/","title":{"rendered":"Sobre ZEST"},"content":{"rendered":"<div class=\"wpb-content-wrapper\"><p>[vc_row full_width=\u00bbstretch_row_content_no_spaces\u00bb][vc_column][vc_banner_title color_style=\u00bblight\u00bb title=\u00bbSOBRE ZEST\u00bb img=\u00bb4567&#8243; enable_overlay=\u00bbtrue\u00bb columns=\u00bb%5B%7B%7D%5D\u00bb][\/vc_banner_title][\/vc_column][\/vc_row][vc_row css=\u00bb.vc_custom_1532011795590{margin-top: 50px !important;}\u00bb][vc_column][vc_column_text el_class=\u00bbblack_text\u00bb]El estudio ZEST Arquitectura Sostenible fue creado en 2008 por la arquitecta Holandesa Co Govers (Licenciada en Arquitectura por la TU DELFT, Pa\u00edses Bajos). Desde el a\u00f1o 2001 ha trabajado con diversos arquitectos como Max van\u00a0Aerschot\u00a0en Holanda, y Josep Llu\u00eds Mateo en Espa\u00f1a. Desde el principio, el\u202f enfoque de ZEST ha sido la combinaci\u00f3n de sostenibilidad y elegancia natural, tema fundamental desde el inicio de la carrera profesional de Govers.<span data-ccp-props=\"{&quot;134233117&quot;:true,&quot;134233118&quot;:true,&quot;335551550&quot;:6,&quot;335551620&quot;:6}\">\u00a0<\/span><\/p>\n<p>El estudio dispone de amplios conocimientos sobre el \u201cdise\u00f1o activo\u201d (dise\u00f1ar para minimizar las necesidades de climatizaci\u00f3n) y el \u201cdise\u00f1o integral\u201d (incorporaci\u00f3n desde el anteproyecto de las decisiones sobre la eficiencia energ\u00e9tica y la climatizaci\u00f3n). Sus proyectos destacan por la aplicaci\u00f3n de materiales, en muchos casos naturales, tratados de manera minimalista e innovadora. El estado nuevo al terminar la construcci\u00f3n de un edificio, para\u00a0Govers, es solo el primer paso de toda una vida de este edificio; los materiales se eligen y aplican por su \u201cwabi\u00a0sabi\u201d: expresi\u00f3n japonesa que se refiere a la belleza que obtiene un material al ir envejeciendo a lo largo de toda su vida. La dedicaci\u00f3n al detalle en la ejecuci\u00f3n de sus proyectos es la clave del \u00e9xito obtenido con sus clientes.<span data-ccp-props=\"{&quot;134233117&quot;:true,&quot;134233118&quot;:true,&quot;335551550&quot;:6,&quot;335551620&quot;:6}\">\u00a0<\/span>[\/vc_column_text][\/vc_column][\/vc_row][vc_row css=\u00bb.vc_custom_1531906624312{margin-top: 40px !important;}\u00bb][vc_column][vc_column_text el_class=\u00bbblack_text\u00bb css=\u00bb.vc_custom_1532945950343{padding-bottom: 20px !important;}\u00bb]ZEST trabaja para clientes a nivel nacional e internacional, tanto privados como p\u00fablicos. En 2010, el proyecto para la mezquita \u201cRayo de Luz\u201d, obtuvo el segundo puesto en el Concurso Internacional organizado por la galer\u00eda\u00a0Traffic\u00a0en Dub\u00e1i, el cual buscaba nuevos conceptos para una mezquita. En este proyecto se incorpora por primera vez un mismo acceso para hombres y mujeres, respetando al mismo tiempo la norma musulmana de separaci\u00f3n. Durante estos dos \u00faltimos a\u00f1os, el proyecto ha estado expuesto en varios museos de arte moderno de Alemania, como parte de la exposici\u00f3n \u201cKubus\u00a0oder\u00a0Kuppel\u201d, sobre mezquitas modernas europeas. El proyecto ha sido publicado tambi\u00e9n en diversos libros y revistas sobre recintos religiosos y dise\u00f1o de mezquitas.<span data-ccp-props=\"{&quot;134233117&quot;:true,&quot;134233118&quot;:true,&quot;335551550&quot;:6,&quot;335551620&quot;:6}\">\u00a0<\/span><\/p>\n<p>En el 2014 ZEST\u00a0Architecture\u00a0particip\u00f3 en la Bienal de Venecia\u00a0con\u00a0un instalaci\u00f3n en el Palazzo Mora dentro de la exposici\u00f3n \u201cTime,\u00a0Space\u00a0Existence\u201d, organizada por la Fundaci\u00f3n Global Art\u00a0Affairs.<span data-ccp-props=\"{&quot;134233117&quot;:true,&quot;134233118&quot;:true,&quot;335551550&quot;:6,&quot;335551620&quot;:6}\">\u00a0<\/span><\/p>\n<p>Tenemos la gran suerte de trabajar con clientes estupendos en proyectos fascinantes y muy variados.\u00a0ZEST\u00a0architecture\u00a0tiene su sede en\u00a0Barcelona,\u00a0y est\u00e1 colegiado en Espa\u00f1a y los\u00a0Paises\u00a0Bajos. Tenemos tambi\u00e9n socios en Portugal, los Baleares y Reino Unido.\u00a0\u00a0\u00a0<span data-ccp-props=\"{&quot;134233117&quot;:true,&quot;134233118&quot;:true,&quot;335551550&quot;:6,&quot;335551620&quot;:6}\">\u00a0<\/span>[\/vc_column_text][\/vc_column][\/vc_row][vc_row full_width=\u00bbstretch_row\u00bb content_placement=\u00bbmiddle\u00bb css=\u00bb.vc_custom_1532447711321{margin-top: 40px !important;padding-top: 110px !important;padding-bottom: 110px !important;background-color: #efefef !important;}\u00bb][vc_column][vc_column_text el_class=\u00bbblack_text\u00bb css=\u00bb.vc_custom_1532946033577{padding-bottom: 40px !important;}\u00bb]<\/p>\n<div class=\"prague-svg-animation-text\" style=\"text-align: center;\"><\/div>\n<h2 class=\"title\" style=\"text-align: center;\">\u00bfTienes alg\u00fan proyecto para nosotros?<\/h2>\n<p>[\/vc_column_text][vc_raw_html]JTNDY2VudGVyJTNFJTNDYSUyMGhyZWYlM0QlMjIlMkZlcyUyRmNvbnRhY3RvJTJGJTIyJTIwY2xhc3MlM0QlMjJwcmFndWUtc2VydmljZXMtbGluayUyMGEtYnRuLTIlMjBjcmVhdGl2ZSUyMGFuaW1hJTIyJTIwdGFyZ2V0JTNEJTIyX3NlbGYlMjIlMjBzdHlsZSUzRCUyMnBhZGRpbmctdG9wJTNBJTIwMjJweCUzQiUyMG1pbi13aWR0aCUzQSUyMDE3MHB4JTNCJTIwbWluLWhlaWdodCUzQSUyMDU5cHglM0IlMjB0ZXh0LWFsaWduJTNBJTIwY2VudGVyJTNCJTIyJTNFJTBBJTNDc3BhbiUyMGNsYXNzJTNEJTIyYS1idG4tbGluZSUyMiUzRSUzQyUyRnNwYW4lM0UlMEElMDklMDklMDklMjAlMjAlMjAlMjBDT05UJUMzJTgxQ1RBTk9TJTIwJTBBJTNDJTJGYSUzRSUzQyUyRmNlbnRlciUzRQ==[\/vc_raw_html][\/vc_column][\/vc_row][vc_row css=\u00bb.vc_custom_1605612404810{margin-top: 60px !important;margin-bottom: 80px !important;}\u00bb][vc_column][vc_testimonials][vc_testimonials_items name=\u00bbJohn, Stockholm\u00bb description=\u00bbWe were delighted to work with Co Govers and Maria Matamala in all phases of the project, from planning to the final execution. Being based in Scandinavia much of the communication was done long distance with English as the working language. The professionalism and level of (friendly) service of ZEST architecture was and is exceptional. On our behalf they dealt with all parties involved in realizing the project, which included many bespoke and complex solutions. We have warmly recommended ZEST architecture to our friends and would not hesitate to do so to others. \u00ab][vc_testimonials_items name=\u00bbIsabel, Barcelona\u00bb description=\u00bbCo Govers and her team really listen to your needs and wishes, and are full of ideas for spatial solutions and materials that really made our house special. They combined practicality with truly noble materials and delivered clever solutions throughout the house that are perfectly finished. The works were supervised with great care and the project was delivered on time, leaving us with a really content feeling about the project. And all of us really love our new home! \u00ab][vc_testimonials_items name=\u00bbJames, London\u00bb description=\u00bbFrom the moment we first spoke I knew ZEST were the architects for us. Co was amazing, she just understood us so well, and then converted our vague ideas into an amazing project. The team at ZEST is very professional and knowledgeable, and they managed to overcome all the hurdles that the council put in our way.\u00bb][vc_testimonials_items name=\u00bbAnne, Amsterdam\u00bb description=\u00bbBuilding turned out to be much more fun than we had imagined. Working with the team at ZEST was a pleasure every step of the way. From defining how we would generate our power to the workflow in our kitchen, everything seemed to be logical and stress free. And I am so proud when people walk into my home; they are always incredibly impressed.\u00bb][\/vc_testimonials][\/vc_column][\/vc_row]<\/p>\n<\/div>","protected":false},"excerpt":{"rendered":"<p>[vc_row full_width=\u00bbstretch_row_content_no_spaces\u00bb][vc_column][vc_banner_title color_style=\u00bblight\u00bb title=\u00bbSOBRE ZEST\u00bb img=\u00bb4567&#8243; enable_overlay=\u00bbtrue\u00bb columns=\u00bb%5B%7B%7D%5D\u00bb][\/vc_banner_title][\/vc_column][\/vc_row][vc_row css=\u00bb.vc_custom_1532011795590{margin-top: 50px !important;}\u00bb][vc_column][vc_column_text el_class=\u00bbblack_text\u00bb]El estudio ZEST Arquitectura Sostenible fue creado en 2008<\/p>\n","protected":false},"author":1,"featured_media":0,"parent":0,"menu_order":0,"comment_status":"closed","ping_status":"closed","template":"","meta":{"footnotes":""},"folder":[],"class_list":["post-4927","page","type-page","status-publish","hentry"],"yoast_head":"<!-- This site is optimized with the Yoast SEO plugin v27.5 - https:\/\/yoast.com\/product\/yoast-seo-wordpress\/ -->\n<title>Sobre ZEST - ZEST architecture<\/title>\n<meta name=\"robots\" content=\"index, follow, max-snippet:-1, max-image-preview:large, max-video-preview:-1\" \/>\n<link rel=\"canonical\" href=\"https:\/\/www.zestarchitecture.com\/about\/\" \/>\n<meta property=\"og:locale\" content=\"es_ES\" \/>\n<meta property=\"og:type\" content=\"article\" \/>\n<meta property=\"og:title\" content=\"Sobre ZEST - ZEST architecture\" \/>\n<meta property=\"og:description\" content=\"[vc_row full_width=\u00bbstretch_row_content_no_spaces\u00bb][vc_column][vc_banner_title color_style=\u00bblight\u00bb title=\u00bbSOBRE ZEST\u00bb img=\u00bb4567&#8243; enable_overlay=\u00bbtrue\u00bb columns=\u00bb%5B%7B%7D%5D\u00bb][\/vc_banner_title][\/vc_column][\/vc_row][vc_row css=\u00bb.vc_custom_1532011795590{margin-top: 50px !important;}\u00bb][vc_column][vc_column_text el_class=\u00bbblack_text\u00bb]El estudio ZEST Arquitectura Sostenible fue creado en 2008\" \/>\n<meta property=\"og:url\" content=\"https:\/\/www.zestarchitecture.com\/about\/\" \/>\n<meta property=\"og:site_name\" content=\"ZEST architecture\" \/>\n<meta property=\"article:modified_time\" content=\"2020-11-17T11:26:46+00:00\" \/>\n<meta property=\"og:image\" content=\"https:\/\/www.zestarchitecture.com\/wp-content\/uploads\/2020\/02\/logo-zest.png\" \/>\n\t<meta property=\"og:image:width\" content=\"750\" \/>\n\t<meta property=\"og:image:height\" content=\"750\" \/>\n\t<meta property=\"og:image:type\" content=\"image\/png\" \/>\n<meta name=\"twitter:card\" content=\"summary_large_image\" \/>\n<meta name=\"twitter:label1\" content=\"Tiempo de lectura\" \/>\n\t<meta name=\"twitter:data1\" content=\"5 minutos\" \/>\n<script type=\"application\/ld+json\" class=\"yoast-schema-graph\">{\"@context\":\"https:\\\/\\\/schema.org\",\"@graph\":[{\"@type\":\"WebPage\",\"@id\":\"https:\\\/\\\/www.zestarchitecture.com\\\/about\\\/\",\"url\":\"https:\\\/\\\/www.zestarchitecture.com\\\/about\\\/\",\"name\":\"Sobre ZEST - ZEST architecture\",\"isPartOf\":{\"@id\":\"https:\\\/\\\/www.zestarchitecture.com\\\/#website\"},\"datePublished\":\"2018-07-28T19:00:06+00:00\",\"dateModified\":\"2020-11-17T11:26:46+00:00\",\"breadcrumb\":{\"@id\":\"https:\\\/\\\/www.zestarchitecture.com\\\/about\\\/#breadcrumb\"},\"inLanguage\":\"es\",\"potentialAction\":[{\"@type\":\"ReadAction\",\"target\":[\"https:\\\/\\\/www.zestarchitecture.com\\\/about\\\/\"]}]},{\"@type\":\"BreadcrumbList\",\"@id\":\"https:\\\/\\\/www.zestarchitecture.com\\\/about\\\/#breadcrumb\",\"itemListElement\":[{\"@type\":\"ListItem\",\"position\":1,\"name\":\"Portada\",\"item\":\"https:\\\/\\\/www.zestarchitecture.com\\\/es\\\/\"},{\"@type\":\"ListItem\",\"position\":2,\"name\":\"Sobre ZEST\"}]},{\"@type\":\"WebSite\",\"@id\":\"https:\\\/\\\/www.zestarchitecture.com\\\/#website\",\"url\":\"https:\\\/\\\/www.zestarchitecture.com\\\/\",\"name\":\"ZEST architecture\",\"description\":\"ZEST architecture in Barcelona offers a full range of architectural services in English, German, Dutch, Spanish, Catalan, French and Portuguese. We work with the best builders in Catalonia to realise your real estate dreams.\",\"potentialAction\":[{\"@type\":\"SearchAction\",\"target\":{\"@type\":\"EntryPoint\",\"urlTemplate\":\"https:\\\/\\\/www.zestarchitecture.com\\\/?s={search_term_string}\"},\"query-input\":{\"@type\":\"PropertyValueSpecification\",\"valueRequired\":true,\"valueName\":\"search_term_string\"}}],\"inLanguage\":\"es\"}]}<\/script>\n<!-- \/ Yoast SEO plugin. -->","yoast_head_json":{"title":"Sobre ZEST - ZEST architecture","robots":{"index":"index","follow":"follow","max-snippet":"max-snippet:-1","max-image-preview":"max-image-preview:large","max-video-preview":"max-video-preview:-1"},"canonical":"https:\/\/www.zestarchitecture.com\/about\/","og_locale":"es_ES","og_type":"article","og_title":"Sobre ZEST - ZEST architecture","og_description":"[vc_row full_width=\u00bbstretch_row_content_no_spaces\u00bb][vc_column][vc_banner_title color_style=\u00bblight\u00bb title=\u00bbSOBRE ZEST\u00bb img=\u00bb4567&#8243; enable_overlay=\u00bbtrue\u00bb columns=\u00bb%5B%7B%7D%5D\u00bb][\/vc_banner_title][\/vc_column][\/vc_row][vc_row css=\u00bb.vc_custom_1532011795590{margin-top: 50px !important;}\u00bb][vc_column][vc_column_text el_class=\u00bbblack_text\u00bb]El estudio ZEST Arquitectura Sostenible fue creado en 2008","og_url":"https:\/\/www.zestarchitecture.com\/about\/","og_site_name":"ZEST architecture","article_modified_time":"2020-11-17T11:26:46+00:00","og_image":[{"width":750,"height":750,"url":"https:\/\/www.zestarchitecture.com\/wp-content\/uploads\/2020\/02\/logo-zest.png","type":"image\/png"}],"twitter_card":"summary_large_image","twitter_misc":{"Tiempo de lectura":"5 minutos"},"schema":{"@context":"https:\/\/schema.org","@graph":[{"@type":"WebPage","@id":"https:\/\/www.zestarchitecture.com\/about\/","url":"https:\/\/www.zestarchitecture.com\/about\/","name":"Sobre ZEST - ZEST architecture","isPartOf":{"@id":"https:\/\/www.zestarchitecture.com\/#website"},"datePublished":"2018-07-28T19:00:06+00:00","dateModified":"2020-11-17T11:26:46+00:00","breadcrumb":{"@id":"https:\/\/www.zestarchitecture.com\/about\/#breadcrumb"},"inLanguage":"es","potentialAction":[{"@type":"ReadAction","target":["https:\/\/www.zestarchitecture.com\/about\/"]}]},{"@type":"BreadcrumbList","@id":"https:\/\/www.zestarchitecture.com\/about\/#breadcrumb","itemListElement":[{"@type":"ListItem","position":1,"name":"Portada","item":"https:\/\/www.zestarchitecture.com\/es\/"},{"@type":"ListItem","position":2,"name":"Sobre ZEST"}]},{"@type":"WebSite","@id":"https:\/\/www.zestarchitecture.com\/#website","url":"https:\/\/www.zestarchitecture.com\/","name":"ZEST architecture","description":"ZEST architecture in Barcelona offers a full range of architectural services in English, German, Dutch, Spanish, Catalan, French and Portuguese. We work with the best builders in Catalonia to realise your real estate dreams.","potentialAction":[{"@type":"SearchAction","target":{"@type":"EntryPoint","urlTemplate":"https:\/\/www.zestarchitecture.com\/?s={search_term_string}"},"query-input":{"@type":"PropertyValueSpecification","valueRequired":true,"valueName":"search_term_string"}}],"inLanguage":"es"}]}},"_links":{"self":[{"href":"https:\/\/www.zestarchitecture.com\/es\/wp-json\/wp\/v2\/pages\/4927","targetHints":{"allow":["GET"]}}],"collection":[{"href":"https:\/\/www.zestarchitecture.com\/es\/wp-json\/wp\/v2\/pages"}],"about":[{"href":"https:\/\/www.zestarchitecture.com\/es\/wp-json\/wp\/v2\/types\/page"}],"author":[{"embeddable":true,"href":"https:\/\/www.zestarchitecture.com\/es\/wp-json\/wp\/v2\/users\/1"}],"replies":[{"embeddable":true,"href":"https:\/\/www.zestarchitecture.com\/es\/wp-json\/wp\/v2\/comments?post=4927"}],"version-history":[{"count":1,"href":"https:\/\/www.zestarchitecture.com\/es\/wp-json\/wp\/v2\/pages\/4927\/revisions"}],"predecessor-version":[{"id":7979,"href":"https:\/\/www.zestarchitecture.com\/es\/wp-json\/wp\/v2\/pages\/4927\/revisions\/7979"}],"wp:attachment":[{"href":"https:\/\/www.zestarchitecture.com\/es\/wp-json\/wp\/v2\/media?parent=4927"}],"wp:term":[{"taxonomy":"folder","embeddable":true,"href":"https:\/\/www.zestarchitecture.com\/es\/wp-json\/wp\/v2\/folder?post=4927"}],"curies":[{"name":"wp","href":"https:\/\/api.w.org\/{rel}","templated":true}]}}