{"id":10248,"date":"2023-12-04T07:30:54","date_gmt":"2023-12-04T07:30:54","guid":{"rendered":"https:\/\/www.zestarchitecture.com\/cookies-policy\/"},"modified":"2023-12-04T18:21:51","modified_gmt":"2023-12-04T18:21:51","slug":"politica-de-cookies","status":"publish","type":"page","link":"https:\/\/www.zestarchitecture.com\/es\/politica-de-cookies\/","title":{"rendered":"Pol\u00edtica de Cookies"},"content":{"rendered":"<div class=\"wpb-content-wrapper\"><p>[vc_row full_width=\u00bbstretch_row_content_no_spaces\u00bb][vc_column][vc_banner_title color_style=\u00bblight\u00bb title=\u00bbPol\u00edtica de Cookies\u00bb img=\u00bb4567&#8243; enable_overlay=\u00bbtrue\u00bb columns=\u00bb%5B%7B%7D%5D\u00bb][\/vc_banner_title][\/vc_column][\/vc_row][vc_row css=\u00bb.vc_custom_1701676275152{padding-top: 50px !important;padding-bottom: 50px !important;}\u00bb][vc_column][vc_column_text]<\/p>\n<h2>INFORMACI\u00d3N SOBRE COOKIES<\/h2>\n<p>Debido a la entrada en vigor de la referente modificaci\u00f3n de la \u201cLey de Servicios de la Sociedad de la Informaci\u00f3n\u201d (LSSICE) establecida por el Real Decreto 13\/2012, es de obligaci\u00f3n obtener el consentimiento expreso del usuario de todas las p\u00e1ginas web que usan cookies prescindibles, antes de que \u00e9ste navegue por ellas.<\/p>\n<h3>\u00bfQU\u00c9 SON LAS COOKIES?<\/h3>\n<p>Las cookies y otras tecnolog\u00edas similares tales como local shared objects, flash cookies o p\u00edxeles, son herramientas empleadas por los servidores Web para almacenar y recuperar informaci\u00f3n acerca de sus visitantes, as\u00ed como para ofrecer un correcto funcionamiento del sitio.<\/p>\n<p>Mediante el uso de estos dispositivos se permite al servidor Web recordar algunos datos concernientes al usuario, como sus preferencias para la visualizaci\u00f3n de las p\u00e1ginas de ese servidor, nombre y contrase\u00f1a, productos que m\u00e1s le interesan, etc.<\/p>\n<h3>COOKIES AFECTADAS POR LA NORMATIVA Y COOKIES EXCEPTUADAS<\/h3>\n<p>Seg\u00fan la directiva de la UE, las cookies que requieren el consentimiento informado por parte del usuario son las cookies de anal\u00edtica y las de publicidad y afiliaci\u00f3n, quedando exceptuadas las de car\u00e1cter t\u00e9cnico y las necesarias para el funcionamiento del sitio web o la prestaci\u00f3n de servicios expresamente solicitados por el usuario<\/p>\n<h3>\u00bfQU\u00c9 TIPOS DE COOKIES EXISTEN?<\/h3>\n<p>Sobre los tipos de cookies, existen cinco grandes grupos:<\/p>\n<p><strong>Cookies anal\u00edticas:<\/strong> recogen informaci\u00f3n del uso que se realiza del sitio web.<br \/>\nCookies sociales: son aquellas necesarias para redes sociales externas.<br \/>\nCookies de afiliados: permiten hacer un seguimiento de las visitas procedentes de otras webs, con las que el sitio web establece un contrato de afiliaci\u00f3n (empresas de afiliaci\u00f3n).<\/p>\n<p><strong>Cookies de publicidad y comportamentales:<\/strong> recogen informaci\u00f3n sobre las preferencias y elecciones personales del usuario (retargeting).<br \/>\nCookies t\u00e9cnicas y funcionales: son las estrictamente necesarias para el uso del sitio web y para la prestaci\u00f3n del servicio contratado.<\/p>\n<h3>COOKIES QUE SE UTILIZAN EN ESTE SITIO WEB<\/h3>\n<table width=\"876\">\n<tbody>\n<tr>\n<td width=\"106\">Cookie<\/td>\n<td width=\"143\">Dominio<\/td>\n<td width=\"627\">Descripci\u00f3n<\/td>\n<\/tr>\n<tr>\n<td>__cf_bm<\/td>\n<td>.vimeo.com<\/td>\n<td width=\"627\">Esta cookie, establecida por Cloudflare,se usa para dar soporte a Cloudflare Bot Management.<\/td>\n<\/tr>\n<tr>\n<td>_ga<\/td>\n<td>.zestarchitecture.com<\/td>\n<td width=\"627\">Google Analytics configura esta cookie para calcular los datos de visitantes, sesiones y campa\u00f1as y realizar un seguimiento del uso del sitio<br \/>\npara el informe anal\u00edtico del sitio. La cookie almacena informaci\u00f3n de forma an\u00f3nima y asigna un n\u00famero generado aleatoriamente para<br \/>\nreconocer visitantes \u00fanicos.<\/td>\n<\/tr>\n<tr>\n<td>_gid<\/td>\n<td>.zestarchitecture.com<\/td>\n<td width=\"627\">Google Analytics configura esta cookie para almacenar informaci\u00f3n sobre c\u00f3mo los visitantes utilizan un sitio web y al mismo tiempo crea<br \/>\nun informe anal\u00edtico del rendimiento del sitio web. Algunos de los datos recopilados incluyen la cantidad de visitantes, su fuente y las<br \/>\np\u00e1ginas que visitan de forma an\u00f3nima.<\/td>\n<\/tr>\n<tr>\n<td>_gat_gtag_UA_*<\/td>\n<td>.zestarchitecture.com<\/td>\n<td width=\"627\">Google Analytics configura esta cookie para almacenar una identificaci\u00f3n de usuario \u00fanica.<\/td>\n<\/tr>\n<tr>\n<td>_ga_*<\/td>\n<td>.zestarchitecture.com<\/td>\n<td width=\"627\">Google Analytics configura esta cookie para almacenar y contar las visitas a la p\u00e1gina.<\/td>\n<\/tr>\n<tr>\n<td>_GRECAPTCHA<\/td>\n<td>www.google.com<\/td>\n<td width=\"627\">El servicio Google Recaptcha configura esta cookie para identificar bots y proteger el sitio web contra ataques de spam maliciosos.<\/td>\n<\/tr>\n<\/tbody>\n<\/table>\n<h3>REVOCACI\u00d3N DEL CONSENTIMIENTO PARA INSTALAR COOKIES<br \/>\nCOMO ELIMINAR LAS COOKIES DEL NAVEGADOR<\/h3>\n<p>Chrome<br \/>\nSelecciona el icono de Herramientas<br \/>\nHaz clic en Configuraci\u00f3n<br \/>\nHaz clic en Mostrar Opciones Avanzadas<br \/>\nEn la secci\u00f3n \u201cPrivacidad\u201d haz clic en Configuraci\u00f3n de contenido.<br \/>\nEliminar cookies: Haz clic en Todas las cookies y los datos de sitios\u2026<br \/>\nNo permitir que se almacenen cookies.<br \/>\nHaz clic en Eliminar datos de navegaci\u00f3n (vaciar la Cach\u00e9).<br \/>\nCierra y reinicia el navegador<\/p>\n<p>Internet Explorer<br \/>\nSelecciona Herramientas | Opciones de Internet.<br \/>\nHaz clic en la ficha General.<br \/>\nEn la secci\u00f3n \u201cHistorial de exploraci\u00f3n\u201d, haz clic en Eliminar el historial de exploraci\u00f3n al salir.<br \/>\nSeleccionar Eliminar archivos.<br \/>\nSeleccionar Eliminar cookies.<br \/>\nHaz clic en Eliminar.<br \/>\nHaz clic en Aceptar.<br \/>\nCierra y reinicia el navegador.<br \/>\nPara m\u00e1s informaci\u00f3n sobre Internet Explorer pulse aqu\u00ed:<br \/>\nhttp:\/\/windows.microsoft.com\/es-419\/windows7\/how-to-manage-cookies-in-internet-explorer-9<\/p>\n<p>Firefox<br \/>\nSelecciona Firefox | Historial | Limpiar el historial reciente.<br \/>\nAl lado de \u201cDetalles\u201d, haz clic en la flecha hacia abajo.<br \/>\nSelecciona las siguientes casillas de verificaci\u00f3n: Cookies, Cach\u00e9, Inicios de sesi\u00f3n activos<br \/>\nUsando el \u201cIntervalo de tiempo para borrar\u201d en el men\u00fa desplegable, selecciona Todo.<br \/>\nHaz clic en Borrar ahora.<br \/>\nCierra y reinicia el navegador.<br \/>\nPuede aceptar o rechazar las cookies individualmente en las Preferencias de Firefox, en la secci\u00f3n Historial disponible en Herramientas &gt; Opciones &gt; Privacidad<\/p>\n<p>Para m\u00e1s informaci\u00f3n sobre Mozilla Firefox pulse aqu\u00ed: https:\/\/www.mozilla.org\/es-ES\/privacy\/websites\/#cookies<\/p>\n<p>Safari<br \/>\nSelecciona el icono de Safari \/ Editar | Restaurar Safari.<br \/>\nSelecciona las siguientes casillas de verificaci\u00f3n: Borrar el historial, Eliminar todos los datos de sitio web<br \/>\nHaz clic en Restablecer.<br \/>\nCierra y reinicia el navegador.<br \/>\nPara m\u00e1s informaci\u00f3n sobre Safari pulse aqu\u00ed: http:\/\/support.apple.com\/kb\/PH5042<\/p>\n<p>Opera<br \/>\nOpciones \u2013 Avanzado \u2013 Cookies.<br \/>\nLas opciones de cookies controlan el modo en que Opera los maneja y por lo tanto su aceptaci\u00f3n o rechazo.<\/p>\n<p>Para m\u00e1s informaci\u00f3n sobre \u00d3pera pulse aqu\u00ed http:\/\/help.opera.com\/Linux\/10.60\/es-ES\/cookies.html<\/p>\n<p>Otros navegadores<br \/>\nConsulte la documentaci\u00f3n del navegador que tenga instalado.[\/vc_column_text][\/vc_column][\/vc_row]<\/p>\n<\/div>","protected":false},"excerpt":{"rendered":"<p>[vc_row full_width=\u00bbstretch_row_content_no_spaces\u00bb][vc_column][vc_banner_title color_style=\u00bblight\u00bb title=\u00bbPol\u00edtica de Cookies\u00bb img=\u00bb4567&#8243; enable_overlay=\u00bbtrue\u00bb columns=\u00bb%5B%7B%7D%5D\u00bb][\/vc_banner_title][\/vc_column][\/vc_row][vc_row css=\u00bb.vc_custom_1701676275152{padding-top: 50px !important;padding-bottom: 50px !important;}\u00bb][vc_column][vc_column_text] INFORMACI\u00d3N SOBRE COOKIES Debido a la<\/p>\n","protected":false},"author":14,"featured_media":0,"parent":0,"menu_order":0,"comment_status":"closed","ping_status":"closed","template":"","meta":{"footnotes":""},"folder":[],"class_list":["post-10248","page","type-page","status-publish","hentry"],"yoast_head":"<!-- This site is optimized with the Yoast SEO plugin v27.5 - https:\/\/yoast.com\/product\/yoast-seo-wordpress\/ -->\n<title>Pol\u00edtica de Cookies - ZEST architecture<\/title>\n<meta name=\"robots\" content=\"index, follow, max-snippet:-1, max-image-preview:large, max-video-preview:-1\" \/>\n<link rel=\"canonical\" href=\"https:\/\/www.zestarchitecture.com\/cookies-policy\/\" \/>\n<meta property=\"og:locale\" content=\"es_ES\" \/>\n<meta property=\"og:type\" content=\"article\" \/>\n<meta property=\"og:title\" content=\"Pol\u00edtica de Cookies - ZEST architecture\" \/>\n<meta property=\"og:description\" content=\"[vc_row full_width=\u00bbstretch_row_content_no_spaces\u00bb][vc_column][vc_banner_title color_style=\u00bblight\u00bb title=\u00bbPol\u00edtica de Cookies\u00bb img=\u00bb4567&#8243; enable_overlay=\u00bbtrue\u00bb columns=\u00bb%5B%7B%7D%5D\u00bb][\/vc_banner_title][\/vc_column][\/vc_row][vc_row css=\u00bb.vc_custom_1701676275152{padding-top: 50px !important;padding-bottom: 50px !important;}\u00bb][vc_column][vc_column_text] INFORMACI\u00d3N SOBRE COOKIES Debido a la\" \/>\n<meta property=\"og:url\" content=\"https:\/\/www.zestarchitecture.com\/cookies-policy\/\" \/>\n<meta property=\"og:site_name\" content=\"ZEST architecture\" \/>\n<meta property=\"article:modified_time\" content=\"2023-12-04T18:21:51+00:00\" \/>\n<meta property=\"og:image\" content=\"https:\/\/www.zestarchitecture.com\/wp-content\/uploads\/2020\/02\/logo-zest.png\" \/>\n\t<meta property=\"og:image:width\" content=\"750\" \/>\n\t<meta property=\"og:image:height\" content=\"750\" \/>\n\t<meta property=\"og:image:type\" content=\"image\/png\" \/>\n<meta name=\"twitter:card\" content=\"summary_large_image\" \/>\n<meta name=\"twitter:label1\" content=\"Tiempo de lectura\" \/>\n\t<meta name=\"twitter:data1\" content=\"4 minutos\" \/>\n<script type=\"application\/ld+json\" class=\"yoast-schema-graph\">{\"@context\":\"https:\\\/\\\/schema.org\",\"@graph\":[{\"@type\":\"WebPage\",\"@id\":\"https:\\\/\\\/www.zestarchitecture.com\\\/cookies-policy\\\/\",\"url\":\"https:\\\/\\\/www.zestarchitecture.com\\\/cookies-policy\\\/\",\"name\":\"Pol\u00edtica de Cookies - ZEST architecture\",\"isPartOf\":{\"@id\":\"https:\\\/\\\/www.zestarchitecture.com\\\/#website\"},\"datePublished\":\"2023-12-04T07:30:54+00:00\",\"dateModified\":\"2023-12-04T18:21:51+00:00\",\"breadcrumb\":{\"@id\":\"https:\\\/\\\/www.zestarchitecture.com\\\/cookies-policy\\\/#breadcrumb\"},\"inLanguage\":\"es\",\"potentialAction\":[{\"@type\":\"ReadAction\",\"target\":[\"https:\\\/\\\/www.zestarchitecture.com\\\/cookies-policy\\\/\"]}]},{\"@type\":\"BreadcrumbList\",\"@id\":\"https:\\\/\\\/www.zestarchitecture.com\\\/cookies-policy\\\/#breadcrumb\",\"itemListElement\":[{\"@type\":\"ListItem\",\"position\":1,\"name\":\"Portada\",\"item\":\"https:\\\/\\\/www.zestarchitecture.com\\\/es\\\/\"},{\"@type\":\"ListItem\",\"position\":2,\"name\":\"Pol\u00edtica de Cookies\"}]},{\"@type\":\"WebSite\",\"@id\":\"https:\\\/\\\/www.zestarchitecture.com\\\/#website\",\"url\":\"https:\\\/\\\/www.zestarchitecture.com\\\/\",\"name\":\"ZEST architecture\",\"description\":\"ZEST architecture in Barcelona offers a full range of architectural services in English, German, Dutch, Spanish, Catalan, French and Portuguese. We work with the best builders in Catalonia to realise your real estate dreams.\",\"potentialAction\":[{\"@type\":\"SearchAction\",\"target\":{\"@type\":\"EntryPoint\",\"urlTemplate\":\"https:\\\/\\\/www.zestarchitecture.com\\\/?s={search_term_string}\"},\"query-input\":{\"@type\":\"PropertyValueSpecification\",\"valueRequired\":true,\"valueName\":\"search_term_string\"}}],\"inLanguage\":\"es\"}]}<\/script>\n<!-- \/ Yoast SEO plugin. -->","yoast_head_json":{"title":"Pol\u00edtica de Cookies - ZEST architecture","robots":{"index":"index","follow":"follow","max-snippet":"max-snippet:-1","max-image-preview":"max-image-preview:large","max-video-preview":"max-video-preview:-1"},"canonical":"https:\/\/www.zestarchitecture.com\/cookies-policy\/","og_locale":"es_ES","og_type":"article","og_title":"Pol\u00edtica de Cookies - ZEST architecture","og_description":"[vc_row full_width=\u00bbstretch_row_content_no_spaces\u00bb][vc_column][vc_banner_title color_style=\u00bblight\u00bb title=\u00bbPol\u00edtica de Cookies\u00bb img=\u00bb4567&#8243; enable_overlay=\u00bbtrue\u00bb columns=\u00bb%5B%7B%7D%5D\u00bb][\/vc_banner_title][\/vc_column][\/vc_row][vc_row css=\u00bb.vc_custom_1701676275152{padding-top: 50px !important;padding-bottom: 50px !important;}\u00bb][vc_column][vc_column_text] INFORMACI\u00d3N SOBRE COOKIES Debido a la","og_url":"https:\/\/www.zestarchitecture.com\/cookies-policy\/","og_site_name":"ZEST architecture","article_modified_time":"2023-12-04T18:21:51+00:00","og_image":[{"width":750,"height":750,"url":"https:\/\/www.zestarchitecture.com\/wp-content\/uploads\/2020\/02\/logo-zest.png","type":"image\/png"}],"twitter_card":"summary_large_image","twitter_misc":{"Tiempo de lectura":"4 minutos"},"schema":{"@context":"https:\/\/schema.org","@graph":[{"@type":"WebPage","@id":"https:\/\/www.zestarchitecture.com\/cookies-policy\/","url":"https:\/\/www.zestarchitecture.com\/cookies-policy\/","name":"Pol\u00edtica de Cookies - ZEST architecture","isPartOf":{"@id":"https:\/\/www.zestarchitecture.com\/#website"},"datePublished":"2023-12-04T07:30:54+00:00","dateModified":"2023-12-04T18:21:51+00:00","breadcrumb":{"@id":"https:\/\/www.zestarchitecture.com\/cookies-policy\/#breadcrumb"},"inLanguage":"es","potentialAction":[{"@type":"ReadAction","target":["https:\/\/www.zestarchitecture.com\/cookies-policy\/"]}]},{"@type":"BreadcrumbList","@id":"https:\/\/www.zestarchitecture.com\/cookies-policy\/#breadcrumb","itemListElement":[{"@type":"ListItem","position":1,"name":"Portada","item":"https:\/\/www.zestarchitecture.com\/es\/"},{"@type":"ListItem","position":2,"name":"Pol\u00edtica de Cookies"}]},{"@type":"WebSite","@id":"https:\/\/www.zestarchitecture.com\/#website","url":"https:\/\/www.zestarchitecture.com\/","name":"ZEST architecture","description":"ZEST architecture in Barcelona offers a full range of architectural services in English, German, Dutch, Spanish, Catalan, French and Portuguese. We work with the best builders in Catalonia to realise your real estate dreams.","potentialAction":[{"@type":"SearchAction","target":{"@type":"EntryPoint","urlTemplate":"https:\/\/www.zestarchitecture.com\/?s={search_term_string}"},"query-input":{"@type":"PropertyValueSpecification","valueRequired":true,"valueName":"search_term_string"}}],"inLanguage":"es"}]}},"_links":{"self":[{"href":"https:\/\/www.zestarchitecture.com\/es\/wp-json\/wp\/v2\/pages\/10248","targetHints":{"allow":["GET"]}}],"collection":[{"href":"https:\/\/www.zestarchitecture.com\/es\/wp-json\/wp\/v2\/pages"}],"about":[{"href":"https:\/\/www.zestarchitecture.com\/es\/wp-json\/wp\/v2\/types\/page"}],"author":[{"embeddable":true,"href":"https:\/\/www.zestarchitecture.com\/es\/wp-json\/wp\/v2\/users\/14"}],"replies":[{"embeddable":true,"href":"https:\/\/www.zestarchitecture.com\/es\/wp-json\/wp\/v2\/comments?post=10248"}],"version-history":[{"count":3,"href":"https:\/\/www.zestarchitecture.com\/es\/wp-json\/wp\/v2\/pages\/10248\/revisions"}],"predecessor-version":[{"id":10273,"href":"https:\/\/www.zestarchitecture.com\/es\/wp-json\/wp\/v2\/pages\/10248\/revisions\/10273"}],"wp:attachment":[{"href":"https:\/\/www.zestarchitecture.com\/es\/wp-json\/wp\/v2\/media?parent=10248"}],"wp:term":[{"taxonomy":"folder","embeddable":true,"href":"https:\/\/www.zestarchitecture.com\/es\/wp-json\/wp\/v2\/folder?post=10248"}],"curies":[{"name":"wp","href":"https:\/\/api.w.org\/{rel}","templated":true}]}}